{"id":68,"date":"2020-06-07T12:12:22","date_gmt":"2020-06-07T12:12:22","guid":{"rendered":"http:\/\/dover-dunkirk.com\/datenschutzbeleid\/"},"modified":"2025-01-09T16:10:47","modified_gmt":"2025-01-09T16:10:47","slug":"datenschutzbeleid","status":"publish","type":"page","link":"https:\/\/dover-dunkirk.com\/de\/datenschutzbeleid\/","title":{"rendered":"Datenschutzbeleid &#038; Impressum"},"content":{"rendered":"\n<h3 class=\"wp-block-heading\">Wer sind wir<\/h3>\n\n\n\n<p>Unsere Website-Adresse lautet: <a href=\"https:\/\/dover-dunkirk.com\/de\/\">https:\/\/dover-dunkirk.com\/de\/<\/a><\/p>\n\n\n\n<h3 class=\"wp-block-heading\">Bemerkungen<\/h3>\n\n\n\n<p>Wenn Besucher Kommentare auf der Website hinterlassen, erfassen wir die im Kommentarformular angezeigten Daten, die IP-Adresse des Besuchers und den Browser-Benutzeragenten, um Spam zu erkennen.<\/p>\n\n\n\n<p>Eine anonymisierte Zeichenfolge, die aus Ihrer E-Mail-Adresse erstellt wird (auch als Hash bezeichnet), kann an den Gravatar-Dienst gesendet werden, wenn Sie ihn verwenden. Die Datenschutzseite des Gravatar-Dienstes finden Sie <a href=\"https:\/\/automattic.com\/privacy\/\">hier<\/a>. Nachdem Ihr Kommentar genehmigt wurde, wird Ihr Profilbild im Kontext Ihres Kommentars \u00f6ffentlich sichtbar.<\/p>\n\n\n\n<h3 class=\"wp-block-heading\">Medien<\/h3>\n\n\n\n<p>Wenn Sie ein registrierter Benutzer sind und Bilder auf die Website hochladen, sollten Sie das Hochladen von Bildern mit EXIF-GPS-Standortdaten vermeiden. Besucher der Website k\u00f6nnen die Bilder von der Website herunterladen und die Standortdaten anzeigen.<\/p>\n\n\n\n<h3 class=\"wp-block-heading\">Cookies<\/h3>\n\n\n\n<p>Wenn Sie einen Kommentar auf unserer Website hinterlassen, k\u00f6nnen Sie angeben, ob Ihr Name, Ihre E-Mail-Adresse und Ihre Website in einem Cookie gespeichert werden k\u00f6nnen. Wir tun dies zu Ihrer Bequemlichkeit, damit Sie diese Informationen f\u00fcr eine neue Antwort nicht erneut eingeben m\u00fcssen. Diese Cookies sind ein Jahr g\u00fcltig.<\/p>\n\n\n\n<p>Wenn Sie unsere Anmeldeseite besuchen, speichern wir ein tempor\u00e4res Cookie, um zu \u00fcberpr\u00fcfen, ob Ihr Browser Cookies akzeptiert. Dieses Cookie enth\u00e4lt keine personenbezogenen Daten und wird gel\u00f6scht, sobald Sie Ihren Browser schlie\u00dfen.<\/p>\n\n\n\n<p>Sobald Sie sich anmelden, speichern wir einige Cookies in Verbindung mit Ihren Anmeldeinformationen und Bildschirmanzeigeoptionen. Login-Cookies sind 2 Tage und Cookies f\u00fcr Bildschirmanzeigeoptionen 1 Jahr g\u00fcltig. Wenn Sie \u201eRemember Me\u201c ausw\u00e4hlen, wird Ihr Login f\u00fcr 2 Wochen gespeichert. Sobald Sie sich von Ihrem Konto abmelden, werden Login-Cookies entfernt.<\/p>\n\n\n\n<p>Wenn Sie eine Nachricht bearbeiten oder ver\u00f6ffentlichen, wird ein zus\u00e4tzliches Cookie von Ihrem Browser gespeichert. Dieses Cookie enth\u00e4lt keine personenbezogenen Daten und enth\u00e4lt nur die Beitrags-ID des von Ihnen bearbeiteten Artikels. Dieses Cookie verf\u00e4llt nach einem Tag.<\/p>\n\n\n\n<h3 class=\"wp-block-heading\">Eingebettete Inhalte von anderen Websites<\/h3>\n\n\n\n<p>Beitr\u00e4ge auf dieser Website k\u00f6nnen eingebettete Inhalte enthalten (z. B. Videos, Bilder, Beitr\u00e4ge usw.). Eingebettete Inhalte von anderen Websites verhalten sich genau so, als ob der Besucher diese andere Website besucht h\u00e4tte.<\/p>\n\n\n\n<p>Diese Websites k\u00f6nnen Daten \u00fcber Sie sammeln, Cookies verwenden, zus\u00e4tzliches Tracking von Drittanbietern einbetten und Ihre Interaktion mit diesem eingebetteten Inhalt \u00fcberwachen, einschlie\u00dflich der Aufzeichnung Ihrer Interaktion mit dem eingebetteten Inhalt, wenn Sie ein Konto haben und auf dieser Website angemeldet sind.<\/p>\n\n\n\n<hr class=\"wp-block-separator has-alpha-channel-opacity\"\/>\n\n\n\n<h3 class=\"wp-block-heading\">Impressum<\/h3>\n\n\n\n<p><strong>FerryGoGo B.V.<\/strong><\/p>\n\n\n\n<p><strong>Name und Adresse:<\/strong><br>FerryGoGo B.V.<br>Jufferstraat 3<br>3701 AD<br>Die Niederlande<\/p>\n\n\n\n<p><strong>Gesch\u00e4ftsf\u00fchrer:<\/strong><br>Jelle van der Bij<\/p>\n\n\n\n<p><strong>Kontaktinformationen:<\/strong><br>E-Mail: <a>info@ferrygogo.com<\/a><br>Telefon: +31 850 604 089<\/p>\n\n\n\n<p><strong>Handelsregisternummer:<\/strong><br>Handelskammer (KvK): 76706060<br>Kamer van Koophandel Utrecht<\/p>\n","protected":false},"excerpt":{"rendered":"<p>Wer sind wir Unsere Website-Adresse lautet: https:\/\/dover-dunkirk.com\/de\/ Bemerkungen Wenn Besucher Kommentare auf der Website hinterlassen, erfassen wir die im Kommentarformular angezeigten Daten, die IP-Adresse des Besuchers und den Browser-Benutzeragenten, um Spam zu erkennen. Eine anonymisierte Zeichenfolge, die aus Ihrer E-Mail-Adresse erstellt wird (auch als Hash bezeichnet), kann an den Gravatar-Dienst gesendet werden, wenn Sie ihn [&hellip;]<\/p>\n","protected":false},"author":2,"featured_media":0,"parent":0,"menu_order":0,"comment_status":"closed","ping_status":"closed","template":"","meta":{"footnotes":""},"class_list":["post-68","page","type-page","status-publish","hentry"],"yoast_head":"<!-- This site is optimized with the Yoast SEO plugin v27.2 - https:\/\/yoast.com\/product\/yoast-seo-wordpress\/ -->\n<title>Datenschutzbeleid &amp; Impressum - D\u00fcnkirchen Dover f\u00e4hre<\/title>\n<meta name=\"description\" content=\"Informationen zu Dover Dunkirk de, Datenschutz, Cookie-Nutzung und Impressum auf dover-dunkirk.com. Transparente und zuverl\u00e4ssige Angaben\" \/>\n<meta name=\"robots\" content=\"index, follow, max-snippet:-1, max-image-preview:large, max-video-preview:-1\" \/>\n<link rel=\"canonical\" href=\"https:\/\/dover-dunkirk.com\/de\/datenschutzbeleid\/\" \/>\n<meta property=\"og:locale\" content=\"de_DE\" \/>\n<meta property=\"og:type\" content=\"article\" \/>\n<meta property=\"og:title\" content=\"Datenschutzbeleid &amp; Impressum - D\u00fcnkirchen Dover f\u00e4hre\" \/>\n<meta property=\"og:description\" content=\"Informationen zu Dover Dunkirk de, Datenschutz, Cookie-Nutzung und Impressum auf dover-dunkirk.com. Transparente und zuverl\u00e4ssige Angaben\" \/>\n<meta property=\"og:url\" content=\"https:\/\/dover-dunkirk.com\/de\/datenschutzbeleid\/\" \/>\n<meta property=\"og:site_name\" content=\"D\u00fcnkirchen Dover f\u00e4hre\" \/>\n<meta property=\"article:modified_time\" content=\"2025-01-09T16:10:47+00:00\" \/>\n<meta name=\"twitter:card\" content=\"summary_large_image\" \/>\n<meta name=\"twitter:label1\" content=\"Gesch\u00e4tzte Lesezeit\" \/>\n\t<meta name=\"twitter:data1\" content=\"3\u00a0Minuten\" \/>\n<script type=\"application\/ld+json\" class=\"yoast-schema-graph\">{\"@context\":\"https:\/\/schema.org\",\"@graph\":[{\"@type\":\"WebPage\",\"@id\":\"https:\/\/dover-dunkirk.com\/de\/datenschutzbeleid\/\",\"url\":\"https:\/\/dover-dunkirk.com\/de\/datenschutzbeleid\/\",\"name\":\"Datenschutzbeleid & Impressum - D\u00fcnkirchen Dover f\u00e4hre\",\"isPartOf\":{\"@id\":\"https:\/\/dover-dunkirk.com\/de\/#website\"},\"datePublished\":\"2020-06-07T12:12:22+00:00\",\"dateModified\":\"2025-01-09T16:10:47+00:00\",\"description\":\"Informationen zu Dover Dunkirk de, Datenschutz, Cookie-Nutzung und Impressum auf dover-dunkirk.com. Transparente und zuverl\u00e4ssige Angaben\",\"breadcrumb\":{\"@id\":\"https:\/\/dover-dunkirk.com\/de\/datenschutzbeleid\/#breadcrumb\"},\"inLanguage\":\"de\",\"potentialAction\":[{\"@type\":\"ReadAction\",\"target\":[\"https:\/\/dover-dunkirk.com\/de\/datenschutzbeleid\/\"]}]},{\"@type\":\"BreadcrumbList\",\"@id\":\"https:\/\/dover-dunkirk.com\/de\/datenschutzbeleid\/#breadcrumb\",\"itemListElement\":[{\"@type\":\"ListItem\",\"position\":1,\"name\":\"D\u00fcnkirchen nach Dover\",\"item\":\"https:\/\/dover-dunkirk.com\/de\/\"},{\"@type\":\"ListItem\",\"position\":2,\"name\":\"Datenschutzbeleid &#038; Impressum\"}]},{\"@type\":\"WebSite\",\"@id\":\"https:\/\/dover-dunkirk.com\/de\/#website\",\"url\":\"https:\/\/dover-dunkirk.com\/de\/\",\"name\":\"D\u00fcnkirchen Dover f\u00e4hre\",\"description\":\"Von D\u00fcnkirchen nach Dover\",\"publisher\":{\"@id\":\"https:\/\/dover-dunkirk.com\/de\/#organization\"},\"potentialAction\":[{\"@type\":\"SearchAction\",\"target\":{\"@type\":\"EntryPoint\",\"urlTemplate\":\"https:\/\/dover-dunkirk.com\/de\/?s={search_term_string}\"},\"query-input\":{\"@type\":\"PropertyValueSpecification\",\"valueRequired\":true,\"valueName\":\"search_term_string\"}}],\"inLanguage\":\"de\"},{\"@type\":\"Organization\",\"@id\":\"https:\/\/dover-dunkirk.com\/de\/#organization\",\"name\":\"D\u00fcnkirchen Dover f\u00e4hre\",\"url\":\"https:\/\/dover-dunkirk.com\/de\/\",\"logo\":{\"@type\":\"ImageObject\",\"inLanguage\":\"de\",\"@id\":\"https:\/\/dover-dunkirk.com\/de\/#\/schema\/logo\/image\/\",\"url\":\"https:\/\/dover-dunkirk.com\/de\/wp-content\/uploads\/sites\/2\/2025\/01\/D.png\",\"contentUrl\":\"https:\/\/dover-dunkirk.com\/de\/wp-content\/uploads\/sites\/2\/2025\/01\/D.png\",\"width\":512,\"height\":512,\"caption\":\"D\u00fcnkirchen Dover f\u00e4hre\"},\"image\":{\"@id\":\"https:\/\/dover-dunkirk.com\/de\/#\/schema\/logo\/image\/\"}}]}<\/script>\n<!-- \/ Yoast SEO plugin. -->","yoast_head_json":{"title":"Datenschutzbeleid & Impressum - D\u00fcnkirchen Dover f\u00e4hre","description":"Informationen zu Dover Dunkirk de, Datenschutz, Cookie-Nutzung und Impressum auf dover-dunkirk.com. Transparente und zuverl\u00e4ssige Angaben","robots":{"index":"index","follow":"follow","max-snippet":"max-snippet:-1","max-image-preview":"max-image-preview:large","max-video-preview":"max-video-preview:-1"},"canonical":"https:\/\/dover-dunkirk.com\/de\/datenschutzbeleid\/","og_locale":"de_DE","og_type":"article","og_title":"Datenschutzbeleid & Impressum - D\u00fcnkirchen Dover f\u00e4hre","og_description":"Informationen zu Dover Dunkirk de, Datenschutz, Cookie-Nutzung und Impressum auf dover-dunkirk.com. Transparente und zuverl\u00e4ssige Angaben","og_url":"https:\/\/dover-dunkirk.com\/de\/datenschutzbeleid\/","og_site_name":"D\u00fcnkirchen Dover f\u00e4hre","article_modified_time":"2025-01-09T16:10:47+00:00","twitter_card":"summary_large_image","twitter_misc":{"Gesch\u00e4tzte Lesezeit":"3\u00a0Minuten"},"schema":{"@context":"https:\/\/schema.org","@graph":[{"@type":"WebPage","@id":"https:\/\/dover-dunkirk.com\/de\/datenschutzbeleid\/","url":"https:\/\/dover-dunkirk.com\/de\/datenschutzbeleid\/","name":"Datenschutzbeleid & Impressum - D\u00fcnkirchen Dover f\u00e4hre","isPartOf":{"@id":"https:\/\/dover-dunkirk.com\/de\/#website"},"datePublished":"2020-06-07T12:12:22+00:00","dateModified":"2025-01-09T16:10:47+00:00","description":"Informationen zu Dover Dunkirk de, Datenschutz, Cookie-Nutzung und Impressum auf dover-dunkirk.com. Transparente und zuverl\u00e4ssige Angaben","breadcrumb":{"@id":"https:\/\/dover-dunkirk.com\/de\/datenschutzbeleid\/#breadcrumb"},"inLanguage":"de","potentialAction":[{"@type":"ReadAction","target":["https:\/\/dover-dunkirk.com\/de\/datenschutzbeleid\/"]}]},{"@type":"BreadcrumbList","@id":"https:\/\/dover-dunkirk.com\/de\/datenschutzbeleid\/#breadcrumb","itemListElement":[{"@type":"ListItem","position":1,"name":"D\u00fcnkirchen nach Dover","item":"https:\/\/dover-dunkirk.com\/de\/"},{"@type":"ListItem","position":2,"name":"Datenschutzbeleid &#038; Impressum"}]},{"@type":"WebSite","@id":"https:\/\/dover-dunkirk.com\/de\/#website","url":"https:\/\/dover-dunkirk.com\/de\/","name":"D\u00fcnkirchen Dover f\u00e4hre","description":"Von D\u00fcnkirchen nach Dover","publisher":{"@id":"https:\/\/dover-dunkirk.com\/de\/#organization"},"potentialAction":[{"@type":"SearchAction","target":{"@type":"EntryPoint","urlTemplate":"https:\/\/dover-dunkirk.com\/de\/?s={search_term_string}"},"query-input":{"@type":"PropertyValueSpecification","valueRequired":true,"valueName":"search_term_string"}}],"inLanguage":"de"},{"@type":"Organization","@id":"https:\/\/dover-dunkirk.com\/de\/#organization","name":"D\u00fcnkirchen Dover f\u00e4hre","url":"https:\/\/dover-dunkirk.com\/de\/","logo":{"@type":"ImageObject","inLanguage":"de","@id":"https:\/\/dover-dunkirk.com\/de\/#\/schema\/logo\/image\/","url":"https:\/\/dover-dunkirk.com\/de\/wp-content\/uploads\/sites\/2\/2025\/01\/D.png","contentUrl":"https:\/\/dover-dunkirk.com\/de\/wp-content\/uploads\/sites\/2\/2025\/01\/D.png","width":512,"height":512,"caption":"D\u00fcnkirchen Dover f\u00e4hre"},"image":{"@id":"https:\/\/dover-dunkirk.com\/de\/#\/schema\/logo\/image\/"}}]}},"_links":{"self":[{"href":"https:\/\/dover-dunkirk.com\/de\/wp-json\/wp\/v2\/pages\/68","targetHints":{"allow":["GET"]}}],"collection":[{"href":"https:\/\/dover-dunkirk.com\/de\/wp-json\/wp\/v2\/pages"}],"about":[{"href":"https:\/\/dover-dunkirk.com\/de\/wp-json\/wp\/v2\/types\/page"}],"author":[{"embeddable":true,"href":"https:\/\/dover-dunkirk.com\/de\/wp-json\/wp\/v2\/users\/2"}],"replies":[{"embeddable":true,"href":"https:\/\/dover-dunkirk.com\/de\/wp-json\/wp\/v2\/comments?post=68"}],"version-history":[{"count":2,"href":"https:\/\/dover-dunkirk.com\/de\/wp-json\/wp\/v2\/pages\/68\/revisions"}],"predecessor-version":[{"id":169,"href":"https:\/\/dover-dunkirk.com\/de\/wp-json\/wp\/v2\/pages\/68\/revisions\/169"}],"wp:attachment":[{"href":"https:\/\/dover-dunkirk.com\/de\/wp-json\/wp\/v2\/media?parent=68"}],"curies":[{"name":"wp","href":"https:\/\/api.w.org\/{rel}","templated":true}]}}