{"id":74,"date":"2025-01-09T12:55:33","date_gmt":"2025-01-09T12:55:33","guid":{"rendered":"https:\/\/dover-dunkirk.com\/de\/prijzen-duinkerken-dover\/"},"modified":"2025-01-09T16:08:55","modified_gmt":"2025-01-09T16:08:55","slug":"fahre-buchen","status":"publish","type":"page","link":"https:\/\/dover-dunkirk.com\/de\/fahre-buchen\/","title":{"rendered":"F\u00e4hre buchen"},"content":{"rendered":"\t\t<div data-elementor-type=\"wp-post\" data-elementor-id=\"74\" class=\"elementor elementor-74\" data-elementor-post-type=\"page\">\n\t\t\t\t\t\t<section class=\"elementor-section elementor-top-section elementor-element elementor-element-12c0b849 elementor-section-boxed elementor-section-height-default elementor-section-height-default\" data-id=\"12c0b849\" data-element_type=\"section\" data-e-type=\"section\" data-settings=\"{&quot;background_background&quot;:&quot;gradient&quot;,&quot;sticky&quot;:&quot;top&quot;,&quot;sticky_on&quot;:[&quot;desktop&quot;,&quot;tablet&quot;,&quot;mobile&quot;],&quot;sticky_offset&quot;:0,&quot;sticky_effects_offset&quot;:0,&quot;sticky_anchor_link_offset&quot;:0}\">\n\t\t\t\t\t\t<div class=\"elementor-container elementor-column-gap-default\">\n\t\t\t\t\t<div class=\"elementor-column elementor-col-50 elementor-top-column elementor-element elementor-element-19b54d74\" data-id=\"19b54d74\" data-element_type=\"column\" data-e-type=\"column\">\n\t\t\t<div class=\"elementor-widget-wrap elementor-element-populated\">\n\t\t\t\t\t\t<div class=\"elementor-element elementor-element-9c8515f elementor-widget elementor-widget-breadcrumbs\" data-id=\"9c8515f\" data-element_type=\"widget\" data-e-type=\"widget\" data-widget_type=\"breadcrumbs.default\">\n\t\t\t\t<div class=\"elementor-widget-container\">\n\t\t\t\t\t<p id=\"breadcrumbs\"><span><span><a href=\"https:\/\/dover-dunkirk.com\/de\/\">D\u00fcnkirchen nach Dover<\/a><\/span><\/span><\/p>\t\t\t\t<\/div>\n\t\t\t\t<\/div>\n\t\t\t\t\t<\/div>\n\t\t<\/div>\n\t\t\t\t<div class=\"elementor-column elementor-col-50 elementor-top-column elementor-element elementor-element-490d10e0\" data-id=\"490d10e0\" data-element_type=\"column\" data-e-type=\"column\">\n\t\t\t<div class=\"elementor-widget-wrap elementor-element-populated\">\n\t\t\t\t\t\t<div class=\"elementor-element elementor-element-77422344 elementor-align-right elementor-mobile-align-center elementor-widget elementor-widget-button\" data-id=\"77422344\" data-element_type=\"widget\" data-e-type=\"widget\" data-settings=\"{&quot;sticky&quot;:&quot;top&quot;,&quot;sticky_on&quot;:[&quot;mobile&quot;],&quot;sticky_offset&quot;:8,&quot;sticky_effects_offset_mobile&quot;:0,&quot;_animation_mobile&quot;:&quot;fadeIn&quot;,&quot;sticky_effects_offset&quot;:0,&quot;sticky_anchor_link_offset&quot;:0}\" data-widget_type=\"button.default\">\n\t\t\t\t<div class=\"elementor-widget-container\">\n\t\t\t\t\t\t\t\t\t<div class=\"elementor-button-wrapper\">\n\t\t\t\t\t<a class=\"elementor-button elementor-button-link elementor-size-md elementor-animation-shrink\" href=\"https:\/\/dover-dunkirk.com\/de\/go\/dunkirk-dover\" target=\"_blank\">\n\t\t\t\t\t\t<span class=\"elementor-button-content-wrapper\">\n\t\t\t\t\t\t<span class=\"elementor-button-icon\">\n\t\t\t\t<svg aria-hidden=\"true\" class=\"e-font-icon-svg e-far-arrow-alt-circle-right\" viewBox=\"0 0 512 512\" xmlns=\"http:\/\/www.w3.org\/2000\/svg\"><path d=\"M504 256C504 119 393 8 256 8S8 119 8 256s111 248 248 248 248-111 248-248zm-448 0c0-110.5 89.5-200 200-200s200 89.5 200 200-89.5 200-200 200S56 366.5 56 256zm72 20v-40c0-6.6 5.4-12 12-12h116v-67c0-10.7 12.9-16 20.5-8.5l99 99c4.7 4.7 4.7 12.3 0 17l-99 99c-7.6 7.6-20.5 2.2-20.5-8.5v-67H140c-6.6 0-12-5.4-12-12z\"><\/path><\/svg>\t\t\t<\/span>\n\t\t\t\t\t\t\t\t\t<span class=\"elementor-button-text\">Tickets und Preise<\/span>\n\t\t\t\t\t<\/span>\n\t\t\t\t\t<\/a>\n\t\t\t\t<\/div>\n\t\t\t\t\t\t\t\t<\/div>\n\t\t\t\t<\/div>\n\t\t\t\t\t<\/div>\n\t\t<\/div>\n\t\t\t\t\t<\/div>\n\t\t<\/section>\n\t\t\t\t<section class=\"elementor-section elementor-top-section elementor-element elementor-element-6e697df7 elementor-section-boxed elementor-section-height-default elementor-section-height-default\" data-id=\"6e697df7\" data-element_type=\"section\" data-e-type=\"section\">\n\t\t\t\t\t\t\t<div class=\"elementor-background-overlay\"><\/div>\n\t\t\t\t\t\t\t<div class=\"elementor-container elementor-column-gap-default\">\n\t\t\t\t\t<div class=\"elementor-column elementor-col-50 elementor-top-column elementor-element elementor-element-2b8a0176\" data-id=\"2b8a0176\" data-element_type=\"column\" data-e-type=\"column\">\n\t\t\t<div class=\"elementor-widget-wrap elementor-element-populated\">\n\t\t\t\t\t\t<div class=\"elementor-element elementor-element-74fbc1ac elementor-widget elementor-widget-heading\" data-id=\"74fbc1ac\" data-element_type=\"widget\" data-e-type=\"widget\" data-widget_type=\"heading.default\">\n\t\t\t\t<div class=\"elementor-widget-container\">\n\t\t\t\t\t<h1 class=\"elementor-heading-title elementor-size-default\">Buchung: D\u00fcnkirchen - Dover<\/h1>\t\t\t\t<\/div>\n\t\t\t\t<\/div>\n\t\t\t\t<div class=\"elementor-element elementor-element-2a351e78 elementor-widget elementor-widget-text-editor\" data-id=\"2a351e78\" data-element_type=\"widget\" data-e-type=\"widget\" data-widget_type=\"text-editor.default\">\n\t\t\t\t<div class=\"elementor-widget-container\">\n\t\t\t\t\t\t\t\t\t<p>Die untenstehende Buchungs-Engine betreiben wir in Zusammenarbeit mit Directferries und zeigt auch direkt die Preise alternativer Routen:<\/p>\t\t\t\t\t\t\t\t<\/div>\n\t\t\t\t<\/div>\n\t\t\t\t<div class=\"elementor-element elementor-element-78d091bb elementor-widget elementor-widget-html\" data-id=\"78d091bb\" data-element_type=\"widget\" data-e-type=\"widget\" data-widget_type=\"html.default\">\n\t\t\t\t<div class=\"elementor-widget-container\">\n\t\t\t\t\t<iframe id=\"dealFinder\" marginwidth=\"0\" frameborder=\"0\" scrolling=\"no\" height=\"285\" marginheight=\"0\" style=\"width:100%;\" src=\"https:\/\/wiz.directferries.com\/partners\/deal_finder_iframe.aspx?stdc=F7232G&cult=de-DE&oprt=D\u00fcnkirchen&btn=EEB340&btnh=EEB340&btnt=FFFFFF&tclr=000001&lclr=000001&lbld=400&pclr=64b6e6&sclr=64b6e6&targ=0\" style=\"z-index:1\"><\/iframe>\t\t\t\t<\/div>\n\t\t\t\t<\/div>\n\t\t\t\t<div class=\"elementor-element elementor-element-16289718 elementor-widget elementor-widget-text-editor\" data-id=\"16289718\" data-element_type=\"widget\" data-e-type=\"widget\" data-widget_type=\"text-editor.default\">\n\t\t\t\t<div class=\"elementor-widget-container\">\n\t\t\t\t\t\t\t\t\t<p>Direkt nach dem Ausf\u00fcllen werden die Preise und Routen der folgenden F\u00e4hrgesellschaften miteinander verglichen:<\/p>\t\t\t\t\t\t\t\t<\/div>\n\t\t\t\t<\/div>\n\t\t\t\t<div class=\"elementor-element elementor-element-3da4a96b elementor-widget elementor-widget-image\" data-id=\"3da4a96b\" data-element_type=\"widget\" data-e-type=\"widget\" data-widget_type=\"image.default\">\n\t\t\t\t<div class=\"elementor-widget-container\">\n\t\t\t\t\t\t\t\t\t\t\t\t\t\t\t<img fetchpriority=\"high\" decoding=\"async\" width=\"580\" height=\"119\" src=\"https:\/\/dover-dunkirk.com\/de\/wp-content\/uploads\/sites\/2\/2025\/01\/chrome_DnqWbQaj37.png\" class=\"attachment-large size-large wp-image-161\" alt=\"Preis\" srcset=\"https:\/\/dover-dunkirk.com\/de\/wp-content\/uploads\/sites\/2\/2025\/01\/chrome_DnqWbQaj37.png 932w, https:\/\/dover-dunkirk.com\/de\/wp-content\/uploads\/sites\/2\/2025\/01\/chrome_DnqWbQaj37-300x62.png 300w, https:\/\/dover-dunkirk.com\/de\/wp-content\/uploads\/sites\/2\/2025\/01\/chrome_DnqWbQaj37-768x158.png 768w\" sizes=\"(max-width: 580px) 100vw, 580px\" \/>\t\t\t\t\t\t\t\t\t\t\t\t\t\t\t<\/div>\n\t\t\t\t<\/div>\n\t\t\t\t<div class=\"elementor-element elementor-element-66afd73f elementor-widget elementor-widget-text-editor\" data-id=\"66afd73f\" data-element_type=\"widget\" data-e-type=\"widget\" id=\"preis\" data-widget_type=\"text-editor.default\">\n\t\t\t\t<div class=\"elementor-widget-container\">\n\t\t\t\t\t\t\t\t\t<h3>Der Preis \/ Tarif dieser \u00dcberfahrt<\/h3><p>Die \u00dcberfahrten von D\u00fcnkirchen nach Dover sind auch g\u00fcnstige \u00dcberfahrten. Die nahe Konkurrenz von Calais spiegelt sich ebenfalls in den Preisen wider. Es wird mit Startpreisen f\u00fcr ein Auto mit 4 Personen von etwa \u20ac112,- geworben. Als wir selbst eine Buchung vornahmen, kamen wir auf einen Preis von \u20ac91,-. Dabei handelt es sich also um ein Einzelticket.<\/p><p><span style=\"font-size: inherit; text-align: inherit; color: var( --e-global-color-text ); font-family: var( --e-global-typography-text-font-family ), Sans-serif; font-weight: var( --e-global-typography-text-font-weight ); letter-spacing: -0.015em;\">Dies war eine Buchung in der Nebensaison, zudem mit einer festen Zeit. Lies hier mehr \u00fcber <a href=\"https:\/\/dover-dunkirk.com\/de\/fahrzeiten\/\">die Fahrpl\u00e4ne<\/a> dieser \u00dcberfahrt.<\/span><\/p><p><span style=\"font-size: inherit; text-align: inherit; color: var( --e-global-color-text ); font-family: var( --e-global-typography-text-font-family ), Sans-serif; font-weight: var( --e-global-typography-text-font-weight ); letter-spacing: -0.015em;\">Wenn du dir diese Probe-Buchung ansiehst, kommst du auf \u20ac22,50 pro Person inklusive Auto. F\u00fcr eine Hin- und R\u00fcckfahrt mit 4 Personen und einem Auto waren wir knapp \u00fcber \u20ac180,- unterwegs, also etwa \u20ac45 pro Person f\u00fcr eine Hin- und R\u00fcckfahrt \u00fcber den Kanal von Frankreich nach England, da gibt es nicht viel zu bem\u00e4ngeln.<\/span><\/p>\t\t\t\t\t\t\t\t<\/div>\n\t\t\t\t<\/div>\n\t\t\t\t\t<\/div>\n\t\t<\/div>\n\t\t\t\t<div class=\"elementor-column elementor-col-50 elementor-top-column elementor-element elementor-element-835e221\" data-id=\"835e221\" data-element_type=\"column\" data-e-type=\"column\">\n\t\t\t<div class=\"elementor-widget-wrap elementor-element-populated\">\n\t\t\t\t\t\t<div class=\"elementor-element elementor-element-316c31c elementor-widget elementor-widget-text-editor\" data-id=\"316c31c\" data-element_type=\"widget\" data-e-type=\"widget\" data-settings=\"{&quot;sticky&quot;:&quot;top&quot;,&quot;sticky_parent&quot;:&quot;yes&quot;,&quot;sticky_offset&quot;:100,&quot;sticky_effects_offset&quot;:60,&quot;sticky_on&quot;:[&quot;desktop&quot;,&quot;tablet&quot;,&quot;mobile&quot;],&quot;sticky_anchor_link_offset&quot;:0}\" data-widget_type=\"text-editor.default\">\n\t\t\t\t<div class=\"elementor-widget-container\">\n\t\t\t\t\t\t\t\t\t<p><strong>Verf\u00fcgbarkeit und Zahlungsm\u00f6glichkeiten<\/strong><\/p><p>Die g\u00fcnstigsten Tickets buchst du weit im Voraus. Zum Teil, weil diese Route stark frequentiert und oft ausgebucht ist.<br \/><br \/>Diese \u00dcberfahrt kann neben den unten aufgef\u00fchrten Zahlungsm\u00f6glichkeiten auch mit Sofort gebucht werden.<\/p><p><img decoding=\"async\" class=\"alignnone size-medium wp-image-384\" src=\"https:\/\/dover-dunkirk.com\/nl\/wp-content\/uploads\/sites\/3\/2025\/01\/chrome_nhaR5Frbu1-300x27.png\" alt=\"Betalen bij DF\" width=\"300\" height=\"27\" \/><\/p>\t\t\t\t\t\t\t\t<\/div>\n\t\t\t\t<\/div>\n\t\t\t\t\t<\/div>\n\t\t<\/div>\n\t\t\t\t\t<\/div>\n\t\t<\/section>\n\t\t\t\t<\/div>\n\t\t","protected":false},"excerpt":{"rendered":"<p>Tickets und Preise Buchung: D\u00fcnkirchen &#8211; Dover Die untenstehende Buchungs-Engine betreiben wir in Zusammenarbeit mit Directferries und zeigt auch direkt die Preise alternativer Routen: Direkt nach dem Ausf\u00fcllen werden die Preise und Routen der folgenden F\u00e4hrgesellschaften miteinander verglichen: Der Preis \/ Tarif dieser \u00dcberfahrt Die \u00dcberfahrten von D\u00fcnkirchen nach Dover sind auch g\u00fcnstige \u00dcberfahrten. Die [&hellip;]<\/p>\n","protected":false},"author":2,"featured_media":0,"parent":0,"menu_order":0,"comment_status":"closed","ping_status":"closed","template":"elementor_header_footer","meta":{"footnotes":""},"class_list":["post-74","page","type-page","status-publish","hentry"],"yoast_head":"<!-- This site is optimized with the Yoast SEO plugin v27.2 - https:\/\/yoast.com\/product\/yoast-seo-wordpress\/ -->\n<title>F\u00e4hre buchen - D\u00fcnkirchen Dover f\u00e4hre<\/title>\n<meta name=\"description\" content=\"Buchen Sie Ihre F\u00e4hr\u00fcberfahrt von Dunkerque nach Dover. Genie\u00dfen Sie eine entspannte Reise zwischen Frankreich und Gro\u00dfbritannien.\" \/>\n<meta name=\"robots\" content=\"index, follow, max-snippet:-1, max-image-preview:large, max-video-preview:-1\" \/>\n<link rel=\"canonical\" href=\"https:\/\/dover-dunkirk.com\/de\/fahre-buchen\/\" \/>\n<meta property=\"og:locale\" content=\"de_DE\" \/>\n<meta property=\"og:type\" content=\"article\" \/>\n<meta property=\"og:title\" content=\"F\u00e4hre buchen - D\u00fcnkirchen Dover f\u00e4hre\" \/>\n<meta property=\"og:description\" content=\"Buchen Sie Ihre F\u00e4hr\u00fcberfahrt von Dunkerque nach Dover. Genie\u00dfen Sie eine entspannte Reise zwischen Frankreich und Gro\u00dfbritannien.\" \/>\n<meta property=\"og:url\" content=\"https:\/\/dover-dunkirk.com\/de\/fahre-buchen\/\" \/>\n<meta property=\"og:site_name\" content=\"D\u00fcnkirchen Dover f\u00e4hre\" \/>\n<meta property=\"article:modified_time\" content=\"2025-01-09T16:08:55+00:00\" \/>\n<meta property=\"og:image\" content=\"https:\/\/dover-dunkirk.com\/de\/wp-content\/uploads\/sites\/2\/2025\/01\/chrome_DnqWbQaj37.png\" \/>\n\t<meta property=\"og:image:width\" content=\"932\" \/>\n\t<meta property=\"og:image:height\" content=\"192\" \/>\n\t<meta property=\"og:image:type\" content=\"image\/png\" \/>\n<meta name=\"twitter:card\" content=\"summary_large_image\" \/>\n<meta name=\"twitter:label1\" content=\"Gesch\u00e4tzte Lesezeit\" \/>\n\t<meta name=\"twitter:data1\" content=\"2\u00a0Minuten\" \/>\n<script type=\"application\/ld+json\" class=\"yoast-schema-graph\">{\"@context\":\"https:\/\/schema.org\",\"@graph\":[{\"@type\":\"WebPage\",\"@id\":\"https:\/\/dover-dunkirk.com\/de\/fahre-buchen\/\",\"url\":\"https:\/\/dover-dunkirk.com\/de\/fahre-buchen\/\",\"name\":\"F\u00e4hre buchen - D\u00fcnkirchen Dover f\u00e4hre\",\"isPartOf\":{\"@id\":\"https:\/\/dover-dunkirk.com\/de\/#website\"},\"primaryImageOfPage\":{\"@id\":\"https:\/\/dover-dunkirk.com\/de\/fahre-buchen\/#primaryimage\"},\"image\":{\"@id\":\"https:\/\/dover-dunkirk.com\/de\/fahre-buchen\/#primaryimage\"},\"thumbnailUrl\":\"https:\/\/dover-dunkirk.com\/de\/wp-content\/uploads\/sites\/2\/2025\/01\/chrome_DnqWbQaj37.png\",\"datePublished\":\"2025-01-09T12:55:33+00:00\",\"dateModified\":\"2025-01-09T16:08:55+00:00\",\"description\":\"Buchen Sie Ihre F\u00e4hr\u00fcberfahrt von Dunkerque nach Dover. Genie\u00dfen Sie eine entspannte Reise zwischen Frankreich und Gro\u00dfbritannien.\",\"breadcrumb\":{\"@id\":\"https:\/\/dover-dunkirk.com\/de\/fahre-buchen\/#breadcrumb\"},\"inLanguage\":\"de\",\"potentialAction\":[{\"@type\":\"ReadAction\",\"target\":[\"https:\/\/dover-dunkirk.com\/de\/fahre-buchen\/\"]}]},{\"@type\":\"ImageObject\",\"inLanguage\":\"de\",\"@id\":\"https:\/\/dover-dunkirk.com\/de\/fahre-buchen\/#primaryimage\",\"url\":\"https:\/\/dover-dunkirk.com\/de\/wp-content\/uploads\/sites\/2\/2025\/01\/chrome_DnqWbQaj37.png\",\"contentUrl\":\"https:\/\/dover-dunkirk.com\/de\/wp-content\/uploads\/sites\/2\/2025\/01\/chrome_DnqWbQaj37.png\",\"width\":932,\"height\":192,\"caption\":\"Preis\"},{\"@type\":\"BreadcrumbList\",\"@id\":\"https:\/\/dover-dunkirk.com\/de\/fahre-buchen\/#breadcrumb\",\"itemListElement\":[{\"@type\":\"ListItem\",\"position\":1,\"name\":\"D\u00fcnkirchen nach Dover\",\"item\":\"https:\/\/dover-dunkirk.com\/de\/\"},{\"@type\":\"ListItem\",\"position\":2,\"name\":\"F\u00e4hre buchen\"}]},{\"@type\":\"WebSite\",\"@id\":\"https:\/\/dover-dunkirk.com\/de\/#website\",\"url\":\"https:\/\/dover-dunkirk.com\/de\/\",\"name\":\"D\u00fcnkirchen Dover f\u00e4hre\",\"description\":\"Von D\u00fcnkirchen nach Dover\",\"publisher\":{\"@id\":\"https:\/\/dover-dunkirk.com\/de\/#organization\"},\"potentialAction\":[{\"@type\":\"SearchAction\",\"target\":{\"@type\":\"EntryPoint\",\"urlTemplate\":\"https:\/\/dover-dunkirk.com\/de\/?s={search_term_string}\"},\"query-input\":{\"@type\":\"PropertyValueSpecification\",\"valueRequired\":true,\"valueName\":\"search_term_string\"}}],\"inLanguage\":\"de\"},{\"@type\":\"Organization\",\"@id\":\"https:\/\/dover-dunkirk.com\/de\/#organization\",\"name\":\"D\u00fcnkirchen Dover f\u00e4hre\",\"url\":\"https:\/\/dover-dunkirk.com\/de\/\",\"logo\":{\"@type\":\"ImageObject\",\"inLanguage\":\"de\",\"@id\":\"https:\/\/dover-dunkirk.com\/de\/#\/schema\/logo\/image\/\",\"url\":\"https:\/\/dover-dunkirk.com\/de\/wp-content\/uploads\/sites\/2\/2025\/01\/D.png\",\"contentUrl\":\"https:\/\/dover-dunkirk.com\/de\/wp-content\/uploads\/sites\/2\/2025\/01\/D.png\",\"width\":512,\"height\":512,\"caption\":\"D\u00fcnkirchen Dover f\u00e4hre\"},\"image\":{\"@id\":\"https:\/\/dover-dunkirk.com\/de\/#\/schema\/logo\/image\/\"}}]}<\/script>\n<!-- \/ Yoast SEO plugin. -->","yoast_head_json":{"title":"F\u00e4hre buchen - D\u00fcnkirchen Dover f\u00e4hre","description":"Buchen Sie Ihre F\u00e4hr\u00fcberfahrt von Dunkerque nach Dover. Genie\u00dfen Sie eine entspannte Reise zwischen Frankreich und Gro\u00dfbritannien.","robots":{"index":"index","follow":"follow","max-snippet":"max-snippet:-1","max-image-preview":"max-image-preview:large","max-video-preview":"max-video-preview:-1"},"canonical":"https:\/\/dover-dunkirk.com\/de\/fahre-buchen\/","og_locale":"de_DE","og_type":"article","og_title":"F\u00e4hre buchen - D\u00fcnkirchen Dover f\u00e4hre","og_description":"Buchen Sie Ihre F\u00e4hr\u00fcberfahrt von Dunkerque nach Dover. Genie\u00dfen Sie eine entspannte Reise zwischen Frankreich und Gro\u00dfbritannien.","og_url":"https:\/\/dover-dunkirk.com\/de\/fahre-buchen\/","og_site_name":"D\u00fcnkirchen Dover f\u00e4hre","article_modified_time":"2025-01-09T16:08:55+00:00","og_image":[{"width":932,"height":192,"url":"https:\/\/dover-dunkirk.com\/de\/wp-content\/uploads\/sites\/2\/2025\/01\/chrome_DnqWbQaj37.png","type":"image\/png"}],"twitter_card":"summary_large_image","twitter_misc":{"Gesch\u00e4tzte Lesezeit":"2\u00a0Minuten"},"schema":{"@context":"https:\/\/schema.org","@graph":[{"@type":"WebPage","@id":"https:\/\/dover-dunkirk.com\/de\/fahre-buchen\/","url":"https:\/\/dover-dunkirk.com\/de\/fahre-buchen\/","name":"F\u00e4hre buchen - D\u00fcnkirchen Dover f\u00e4hre","isPartOf":{"@id":"https:\/\/dover-dunkirk.com\/de\/#website"},"primaryImageOfPage":{"@id":"https:\/\/dover-dunkirk.com\/de\/fahre-buchen\/#primaryimage"},"image":{"@id":"https:\/\/dover-dunkirk.com\/de\/fahre-buchen\/#primaryimage"},"thumbnailUrl":"https:\/\/dover-dunkirk.com\/de\/wp-content\/uploads\/sites\/2\/2025\/01\/chrome_DnqWbQaj37.png","datePublished":"2025-01-09T12:55:33+00:00","dateModified":"2025-01-09T16:08:55+00:00","description":"Buchen Sie Ihre F\u00e4hr\u00fcberfahrt von Dunkerque nach Dover. Genie\u00dfen Sie eine entspannte Reise zwischen Frankreich und Gro\u00dfbritannien.","breadcrumb":{"@id":"https:\/\/dover-dunkirk.com\/de\/fahre-buchen\/#breadcrumb"},"inLanguage":"de","potentialAction":[{"@type":"ReadAction","target":["https:\/\/dover-dunkirk.com\/de\/fahre-buchen\/"]}]},{"@type":"ImageObject","inLanguage":"de","@id":"https:\/\/dover-dunkirk.com\/de\/fahre-buchen\/#primaryimage","url":"https:\/\/dover-dunkirk.com\/de\/wp-content\/uploads\/sites\/2\/2025\/01\/chrome_DnqWbQaj37.png","contentUrl":"https:\/\/dover-dunkirk.com\/de\/wp-content\/uploads\/sites\/2\/2025\/01\/chrome_DnqWbQaj37.png","width":932,"height":192,"caption":"Preis"},{"@type":"BreadcrumbList","@id":"https:\/\/dover-dunkirk.com\/de\/fahre-buchen\/#breadcrumb","itemListElement":[{"@type":"ListItem","position":1,"name":"D\u00fcnkirchen nach Dover","item":"https:\/\/dover-dunkirk.com\/de\/"},{"@type":"ListItem","position":2,"name":"F\u00e4hre buchen"}]},{"@type":"WebSite","@id":"https:\/\/dover-dunkirk.com\/de\/#website","url":"https:\/\/dover-dunkirk.com\/de\/","name":"D\u00fcnkirchen Dover f\u00e4hre","description":"Von D\u00fcnkirchen nach Dover","publisher":{"@id":"https:\/\/dover-dunkirk.com\/de\/#organization"},"potentialAction":[{"@type":"SearchAction","target":{"@type":"EntryPoint","urlTemplate":"https:\/\/dover-dunkirk.com\/de\/?s={search_term_string}"},"query-input":{"@type":"PropertyValueSpecification","valueRequired":true,"valueName":"search_term_string"}}],"inLanguage":"de"},{"@type":"Organization","@id":"https:\/\/dover-dunkirk.com\/de\/#organization","name":"D\u00fcnkirchen Dover f\u00e4hre","url":"https:\/\/dover-dunkirk.com\/de\/","logo":{"@type":"ImageObject","inLanguage":"de","@id":"https:\/\/dover-dunkirk.com\/de\/#\/schema\/logo\/image\/","url":"https:\/\/dover-dunkirk.com\/de\/wp-content\/uploads\/sites\/2\/2025\/01\/D.png","contentUrl":"https:\/\/dover-dunkirk.com\/de\/wp-content\/uploads\/sites\/2\/2025\/01\/D.png","width":512,"height":512,"caption":"D\u00fcnkirchen Dover f\u00e4hre"},"image":{"@id":"https:\/\/dover-dunkirk.com\/de\/#\/schema\/logo\/image\/"}}]}},"_links":{"self":[{"href":"https:\/\/dover-dunkirk.com\/de\/wp-json\/wp\/v2\/pages\/74","targetHints":{"allow":["GET"]}}],"collection":[{"href":"https:\/\/dover-dunkirk.com\/de\/wp-json\/wp\/v2\/pages"}],"about":[{"href":"https:\/\/dover-dunkirk.com\/de\/wp-json\/wp\/v2\/types\/page"}],"author":[{"embeddable":true,"href":"https:\/\/dover-dunkirk.com\/de\/wp-json\/wp\/v2\/users\/2"}],"replies":[{"embeddable":true,"href":"https:\/\/dover-dunkirk.com\/de\/wp-json\/wp\/v2\/comments?post=74"}],"version-history":[{"count":17,"href":"https:\/\/dover-dunkirk.com\/de\/wp-json\/wp\/v2\/pages\/74\/revisions"}],"predecessor-version":[{"id":164,"href":"https:\/\/dover-dunkirk.com\/de\/wp-json\/wp\/v2\/pages\/74\/revisions\/164"}],"wp:attachment":[{"href":"https:\/\/dover-dunkirk.com\/de\/wp-json\/wp\/v2\/media?parent=74"}],"curies":[{"name":"wp","href":"https:\/\/api.w.org\/{rel}","templated":true}]}}