{"id":85,"date":"2025-01-09T12:55:40","date_gmt":"2025-01-09T12:55:40","guid":{"rendered":"https:\/\/dover-dunkirk.com\/de\/weer\/"},"modified":"2025-01-14T10:52:41","modified_gmt":"2025-01-14T10:52:41","slug":"wetter","status":"publish","type":"page","link":"https:\/\/dover-dunkirk.com\/de\/wetter\/","title":{"rendered":"Wetter"},"content":{"rendered":"\t\t<div data-elementor-type=\"wp-post\" data-elementor-id=\"85\" class=\"elementor elementor-85\" data-elementor-post-type=\"page\">\n\t\t\t\t\t\t<section class=\"elementor-section elementor-top-section elementor-element elementor-element-44befc73 elementor-section-boxed elementor-section-height-default elementor-section-height-default\" data-id=\"44befc73\" data-element_type=\"section\" data-e-type=\"section\" data-settings=\"{&quot;background_background&quot;:&quot;gradient&quot;,&quot;sticky&quot;:&quot;top&quot;,&quot;sticky_on&quot;:[&quot;desktop&quot;,&quot;tablet&quot;,&quot;mobile&quot;],&quot;sticky_offset&quot;:0,&quot;sticky_effects_offset&quot;:0,&quot;sticky_anchor_link_offset&quot;:0}\">\n\t\t\t\t\t\t<div class=\"elementor-container elementor-column-gap-default\">\n\t\t\t\t\t<div class=\"elementor-column elementor-col-50 elementor-top-column elementor-element elementor-element-58cf6385\" data-id=\"58cf6385\" data-element_type=\"column\" data-e-type=\"column\">\n\t\t\t<div class=\"elementor-widget-wrap elementor-element-populated\">\n\t\t\t\t\t\t<div class=\"elementor-element elementor-element-4d95c23 elementor-widget elementor-widget-breadcrumbs\" data-id=\"4d95c23\" data-element_type=\"widget\" data-e-type=\"widget\" data-widget_type=\"breadcrumbs.default\">\n\t\t\t\t<div class=\"elementor-widget-container\">\n\t\t\t\t\t<p id=\"breadcrumbs\"><span><span><a href=\"https:\/\/dover-dunkirk.com\/de\/\">D\u00fcnkirchen nach Dover<\/a><\/span><\/span><\/p>\t\t\t\t<\/div>\n\t\t\t\t<\/div>\n\t\t\t\t\t<\/div>\n\t\t<\/div>\n\t\t\t\t<div class=\"elementor-column elementor-col-50 elementor-top-column elementor-element elementor-element-3193447\" data-id=\"3193447\" data-element_type=\"column\" data-e-type=\"column\">\n\t\t\t<div class=\"elementor-widget-wrap elementor-element-populated\">\n\t\t\t\t\t\t<div class=\"elementor-element elementor-element-5f8eb0f3 elementor-align-right elementor-mobile-align-center elementor-widget elementor-widget-button\" data-id=\"5f8eb0f3\" data-element_type=\"widget\" data-e-type=\"widget\" data-settings=\"{&quot;sticky&quot;:&quot;top&quot;,&quot;sticky_on&quot;:[&quot;mobile&quot;],&quot;sticky_offset&quot;:8,&quot;sticky_effects_offset_mobile&quot;:0,&quot;_animation_mobile&quot;:&quot;fadeIn&quot;,&quot;sticky_effects_offset&quot;:0,&quot;sticky_anchor_link_offset&quot;:0}\" data-widget_type=\"button.default\">\n\t\t\t\t<div class=\"elementor-widget-container\">\n\t\t\t\t\t\t\t\t\t<div class=\"elementor-button-wrapper\">\n\t\t\t\t\t<a class=\"elementor-button elementor-button-link elementor-size-md elementor-animation-shrink\" href=\"https:\/\/dover-dunkirk.com\/de\/go\/dunkirk-dover\" target=\"_blank\">\n\t\t\t\t\t\t<span class=\"elementor-button-content-wrapper\">\n\t\t\t\t\t\t<span class=\"elementor-button-icon\">\n\t\t\t\t<svg aria-hidden=\"true\" class=\"e-font-icon-svg e-far-arrow-alt-circle-right\" viewBox=\"0 0 512 512\" xmlns=\"http:\/\/www.w3.org\/2000\/svg\"><path d=\"M504 256C504 119 393 8 256 8S8 119 8 256s111 248 248 248 248-111 248-248zm-448 0c0-110.5 89.5-200 200-200s200 89.5 200 200-89.5 200-200 200S56 366.5 56 256zm72 20v-40c0-6.6 5.4-12 12-12h116v-67c0-10.7 12.9-16 20.5-8.5l99 99c4.7 4.7 4.7 12.3 0 17l-99 99c-7.6 7.6-20.5 2.2-20.5-8.5v-67H140c-6.6 0-12-5.4-12-12z\"><\/path><\/svg>\t\t\t<\/span>\n\t\t\t\t\t\t\t\t\t<span class=\"elementor-button-text\">Tickets und Preise<\/span>\n\t\t\t\t\t<\/span>\n\t\t\t\t\t<\/a>\n\t\t\t\t<\/div>\n\t\t\t\t\t\t\t\t<\/div>\n\t\t\t\t<\/div>\n\t\t\t\t\t<\/div>\n\t\t<\/div>\n\t\t\t\t\t<\/div>\n\t\t<\/section>\n\t\t\t\t<section class=\"elementor-section elementor-top-section elementor-element elementor-element-44c77cdf elementor-section-boxed elementor-section-height-default elementor-section-height-default\" data-id=\"44c77cdf\" data-element_type=\"section\" data-e-type=\"section\">\n\t\t\t\t\t\t\t<div class=\"elementor-background-overlay\"><\/div>\n\t\t\t\t\t\t\t<div class=\"elementor-container elementor-column-gap-default\">\n\t\t\t\t\t<div class=\"elementor-column elementor-col-100 elementor-top-column elementor-element elementor-element-4fb744c\" data-id=\"4fb744c\" data-element_type=\"column\" data-e-type=\"column\">\n\t\t\t<div class=\"elementor-widget-wrap elementor-element-populated\">\n\t\t\t\t\t\t<div class=\"elementor-element elementor-element-493647fe elementor-widget elementor-widget-heading\" data-id=\"493647fe\" data-element_type=\"widget\" data-e-type=\"widget\" data-widget_type=\"heading.default\">\n\t\t\t\t<div class=\"elementor-widget-container\">\n\t\t\t\t\t<h1 class=\"elementor-heading-title elementor-size-default\">Wetter Duinkerken Dover<\/h1>\t\t\t\t<\/div>\n\t\t\t\t<\/div>\n\t\t\t\t<div class=\"elementor-element elementor-element-156c0e23 elementor-widget elementor-widget-text-editor\" data-id=\"156c0e23\" data-element_type=\"widget\" data-e-type=\"widget\" data-widget_type=\"text-editor.default\">\n\t\t\t\t<div class=\"elementor-widget-container\">\n\t\t\t\t\t\t\t\t\t<p>Der Wind, das Wetter, die Wellen und der Sturm auf der \u00dcberfahrt von D\u00fcnkirchen nach Dover.<\/p>\t\t\t\t\t\t\t\t<\/div>\n\t\t\t\t<\/div>\n\t\t\t\t<div class=\"elementor-element elementor-element-598a8457 elementor-alert-warning elementor-hidden-mobile elementor-widget elementor-widget-alert\" data-id=\"598a8457\" data-element_type=\"widget\" data-e-type=\"widget\" data-widget_type=\"alert.default\">\n\t\t\t\t<div class=\"elementor-widget-container\">\n\t\t\t\t\t\t\t<div class=\"elementor-alert\" role=\"alert\">\n\n\t\t\t\t\t\t<span class=\"elementor-alert-title\"> Vergiss nicht, diese Seite zu bookmarken, um sie wiederzufinden<\/span>\n\t\t\t\n\t\t\t\t\t\t<span class=\"elementor-alert-description\">\ud83d\udca1 Dr\u00fccken Sie einfach STRG + D. So k\u00f6nnen Sie es kurz vor Ihrer Abreise noch einmal ansehen.<\/span>\n\t\t\t\n\t\t\t\t\t\t<button type=\"button\" class=\"elementor-alert-dismiss\" aria-label=\"Hinweis ausblenden.\">\n\t\t\t\t\t\t\t\t\t<span aria-hidden=\"true\">&times;<\/span>\n\t\t\t\t\t\t\t<\/button>\n\t\t\t\n\t\t<\/div>\n\t\t\t\t\t\t<\/div>\n\t\t\t\t<\/div>\n\t\t\t\t<div class=\"elementor-element elementor-element-103fa464 elementor-widget elementor-widget-text-editor\" data-id=\"103fa464\" data-element_type=\"widget\" data-e-type=\"widget\" data-widget_type=\"text-editor.default\">\n\t\t\t\t<div class=\"elementor-widget-container\">\n\t\t\t\t\t\t\t\t\t<div class=\"flex-shrink-0 flex flex-col relative items-end\"><div class=\"pt-0.5 juice:pt-0\"><div class=\"gizmo-bot-avatar flex h-6 w-6 items-center justify-center overflow-hidden rounded-full juice:h-8 juice:w-8\"><div class=\"relative p-1 rounded-sm flex items-center justify-center bg-token-main-surface-primary text-token-text-primary h-8 w-8\">Mit den untenstehenden Wetterkarten bekommst du hoffentlich eine gute Vorstellung davon, was dich w\u00e4hrend der \u00dcberfahrt erwartet. Wird es eine leichte Brise oder eine st\u00fcrmische Fahrt \ud83d\ude42<\/div><\/div><\/div><\/div>\t\t\t\t\t\t\t\t<\/div>\n\t\t\t\t<\/div>\n\t\t\t\t<div class=\"elementor-element elementor-element-2b23d77 elementor-widget elementor-widget-heading\" data-id=\"2b23d77\" data-element_type=\"widget\" data-e-type=\"widget\" data-widget_type=\"heading.default\">\n\t\t\t\t<div class=\"elementor-widget-container\">\n\t\t\t\t\t<h2 class=\"elementor-heading-title elementor-size-default\">Die Wettervorhersagen, Regen und Wind.<\/h2>\t\t\t\t<\/div>\n\t\t\t\t<\/div>\n\t\t\t\t<div class=\"elementor-element elementor-element-4f8ba78 elementor-widget elementor-widget-html\" data-id=\"4f8ba78\" data-element_type=\"widget\" data-e-type=\"widget\" data-widget_type=\"html.default\">\n\t\t\t\t<div class=\"elementor-widget-container\">\n\t\t\t\t\t<iframe width=\"800\" height=\"650\" src=\"https:\/\/embed.windy.com\/embed2.html?lat=51.021&lon=1.121&detailLat=51.035&detailLon=2.377&width=650&height=450&zoom=7&level=surface&overlay=wind&product=ecmwf&menu=&message=true&marker=&calendar=now&pressure=&type=map&location=coordinates&detail=true&metricWind=default&metricTemp=default&radarRange=-1\" frameborder=\"0\"><\/iframe>\t\t\t\t<\/div>\n\t\t\t\t<\/div>\n\t\t\t\t<div class=\"elementor-element elementor-element-37785e7e elementor-widget elementor-widget-heading\" data-id=\"37785e7e\" data-element_type=\"widget\" data-e-type=\"widget\" data-widget_type=\"heading.default\">\n\t\t\t\t<div class=\"elementor-widget-container\">\n\t\t\t\t\t<h2 class=\"elementor-heading-title elementor-size-default\">Nur Regen und Wind auf der F\u00e4hrroute.<\/h2>\t\t\t\t<\/div>\n\t\t\t\t<\/div>\n\t\t\t\t<div class=\"elementor-element elementor-element-5efacea1 elementor-widget elementor-widget-text-editor\" data-id=\"5efacea1\" data-element_type=\"widget\" data-e-type=\"widget\" data-widget_type=\"text-editor.default\">\n\t\t\t\t<div class=\"elementor-widget-container\">\n\t\t\t\t\t\t\t\t\t<p>Farbige Wolken auf der Karte zeigen, wo es regnet. Pfeile geben die Richtung an, in die der Wind weht, sodass Sie wissen, welches Wetter bevorsteht. Vergr\u00f6\u00dfern Sie die Ansicht, um das Wetter in anderen Gebieten ebenfalls zu sehen.<\/p>\t\t\t\t\t\t\t\t<\/div>\n\t\t\t\t<\/div>\n\t\t\t\t<div class=\"elementor-element elementor-element-730f5178 elementor-widget elementor-widget-html\" data-id=\"730f5178\" data-element_type=\"widget\" data-e-type=\"widget\" data-widget_type=\"html.default\">\n\t\t\t\t<div class=\"elementor-widget-container\">\n\t\t\t\t\t<iframe width=\"800\" height=\"550\" src=\"https:\/\/embed.windy.com\/embed2.html?lat=51.021&lon=1.121&detailLat=51.035&detailLon=2.377&width=650&height=450&zoom=10&level=surface&overlay=rain&product=ecmwf&menu=&message=true&marker=&calendar=now&pressure=&type=map&location=coordinates&detail=&metricWind=default&metricTemp=default&radarRange=-1\" frameborder=\"0\"><\/iframe>\t\t\t\t<\/div>\n\t\t\t\t<\/div>\n\t\t\t\t<div class=\"elementor-element elementor-element-203fc02c elementor-widget elementor-widget-heading\" data-id=\"203fc02c\" data-element_type=\"widget\" data-e-type=\"widget\" data-widget_type=\"heading.default\">\n\t\t\t\t<div class=\"elementor-widget-container\">\n\t\t\t\t\t<h2 class=\"elementor-heading-title elementor-size-default\">Wellen auf der \u00dcberfahrt.<\/h2>\t\t\t\t<\/div>\n\t\t\t\t<\/div>\n\t\t\t\t<div class=\"elementor-element elementor-element-1fa15fd8 elementor-widget elementor-widget-text-editor\" data-id=\"1fa15fd8\" data-element_type=\"widget\" data-e-type=\"widget\" data-widget_type=\"text-editor.default\">\n\t\t\t\t<div class=\"elementor-widget-container\">\n\t\t\t\t\t\t\t\t\t<div class=\"flex-shrink-0 flex flex-col relative items-end\"><div class=\"pt-0.5 juice:pt-0\"><div class=\"gizmo-bot-avatar flex h-6 w-6 items-center justify-center overflow-hidden rounded-full juice:h-8 juice:w-8\"><div class=\"relative p-1 rounded-sm flex items-center justify-center bg-token-main-surface-primary text-token-text-primary h-8 w-8\">Wenn die Karte in Lila und Rot wechselt, sind unruhige Gew\u00e4sser zu erwarten. Bereiten Sie sich auf m\u00f6gliche Seekrankheit vor.<\/div><\/div><\/div><\/div>\t\t\t\t\t\t\t\t<\/div>\n\t\t\t\t<\/div>\n\t\t\t\t<div class=\"elementor-element elementor-element-2dab9ee7 elementor-widget elementor-widget-html\" data-id=\"2dab9ee7\" data-element_type=\"widget\" data-e-type=\"widget\" data-widget_type=\"html.default\">\n\t\t\t\t<div class=\"elementor-widget-container\">\n\t\t\t\t\t<iframe width=\"800\" height=\"550\" src=\"https:\/\/embed.windy.com\/embed2.html?lat=51.021&lon=1.121&detailLat=51.035&detailLon=2.377&width=650&height=450&zoom=10&level=surface&overlay=waves&product=ecmwfWaves&menu=&message=true&marker=&calendar=now&pressure=&type=map&location=coordinates&detail=&metricWind=default&metricTemp=default&radarRange=-1\" frameborder=\"0\"><\/iframe>\t\t\t\t<\/div>\n\t\t\t\t<\/div>\n\t\t\t\t<div class=\"elementor-element elementor-element-5bff7b5 elementor-widget elementor-widget-text-editor\" data-id=\"5bff7b5\" data-element_type=\"widget\" data-e-type=\"widget\" data-widget_type=\"text-editor.default\">\n\t\t\t\t<div class=\"elementor-widget-container\">\n\t\t\t\t\t\t\t\t\t<p>Die F\u00e4hren nach Dover sind robust und fahren nahezu immer. Aufgrund der kurzen \u00dcberfahrtsdauer und der stabilen Schiffe tritt Seekrankheit nur selten auf.<\/p><ul><li><a href=\"https:\/\/dover-dunkirk.com\/de\/fahre-buchen\/\">Buchen Sie diese \u00dcberfahrt nach Dover<\/a><\/li><li><a href=\"\/\">Mehr \u00fcber diese Route<\/a><\/li><\/ul>\t\t\t\t\t\t\t\t<\/div>\n\t\t\t\t<\/div>\n\t\t\t\t\t<\/div>\n\t\t<\/div>\n\t\t\t\t\t<\/div>\n\t\t<\/section>\n\t\t\t\t<\/div>\n\t\t","protected":false},"excerpt":{"rendered":"<p>Tickets und Preise Wetter Duinkerken Dover Der Wind, das Wetter, die Wellen und der Sturm auf der \u00dcberfahrt von D\u00fcnkirchen nach Dover. Vergiss nicht, diese Seite zu bookmarken, um sie wiederzufinden \ud83d\udca1 Dr\u00fccken Sie einfach STRG + D. So k\u00f6nnen Sie es kurz vor Ihrer Abreise noch einmal ansehen. &times; Mit den untenstehenden Wetterkarten bekommst [&hellip;]<\/p>\n","protected":false},"author":2,"featured_media":0,"parent":0,"menu_order":0,"comment_status":"closed","ping_status":"closed","template":"elementor_header_footer","meta":{"footnotes":""},"class_list":["post-85","page","type-page","status-publish","hentry"],"yoast_head":"<!-- This site is optimized with the Yoast SEO plugin v27.2 - https:\/\/yoast.com\/product\/yoast-seo-wordpress\/ -->\n<title>Wetter - D\u00fcnkirchen Dover f\u00e4hre<\/title>\n<meta name=\"description\" content=\"Erhalten Sie aktuelle Wetterinformationen f\u00fcr die F\u00e4hrroute Dover-Dunkerque und sorgen Sie f\u00fcr eine sichere und angenehme Reise zwischen England und Frankreich.\" \/>\n<meta name=\"robots\" content=\"index, follow, max-snippet:-1, max-image-preview:large, max-video-preview:-1\" \/>\n<link rel=\"canonical\" href=\"https:\/\/dover-dunkirk.com\/de\/wetter\/\" \/>\n<meta property=\"og:locale\" content=\"de_DE\" \/>\n<meta property=\"og:type\" content=\"article\" \/>\n<meta property=\"og:title\" content=\"Wetter - D\u00fcnkirchen Dover f\u00e4hre\" \/>\n<meta property=\"og:description\" content=\"Erhalten Sie aktuelle Wetterinformationen f\u00fcr die F\u00e4hrroute Dover-Dunkerque und sorgen Sie f\u00fcr eine sichere und angenehme Reise zwischen England und Frankreich.\" \/>\n<meta property=\"og:url\" content=\"https:\/\/dover-dunkirk.com\/de\/wetter\/\" \/>\n<meta property=\"og:site_name\" content=\"D\u00fcnkirchen Dover f\u00e4hre\" \/>\n<meta property=\"article:modified_time\" content=\"2025-01-14T10:52:41+00:00\" \/>\n<meta name=\"twitter:card\" content=\"summary_large_image\" \/>\n<meta name=\"twitter:label1\" content=\"Gesch\u00e4tzte Lesezeit\" \/>\n\t<meta name=\"twitter:data1\" content=\"1\u00a0Minute\" \/>\n<script type=\"application\/ld+json\" class=\"yoast-schema-graph\">{\"@context\":\"https:\/\/schema.org\",\"@graph\":[{\"@type\":\"WebPage\",\"@id\":\"https:\/\/dover-dunkirk.com\/de\/wetter\/\",\"url\":\"https:\/\/dover-dunkirk.com\/de\/wetter\/\",\"name\":\"Wetter - D\u00fcnkirchen Dover f\u00e4hre\",\"isPartOf\":{\"@id\":\"https:\/\/dover-dunkirk.com\/de\/#website\"},\"datePublished\":\"2025-01-09T12:55:40+00:00\",\"dateModified\":\"2025-01-14T10:52:41+00:00\",\"description\":\"Erhalten Sie aktuelle Wetterinformationen f\u00fcr die F\u00e4hrroute Dover-Dunkerque und sorgen Sie f\u00fcr eine sichere und angenehme Reise zwischen England und Frankreich.\",\"breadcrumb\":{\"@id\":\"https:\/\/dover-dunkirk.com\/de\/wetter\/#breadcrumb\"},\"inLanguage\":\"de\",\"potentialAction\":[{\"@type\":\"ReadAction\",\"target\":[\"https:\/\/dover-dunkirk.com\/de\/wetter\/\"]}]},{\"@type\":\"BreadcrumbList\",\"@id\":\"https:\/\/dover-dunkirk.com\/de\/wetter\/#breadcrumb\",\"itemListElement\":[{\"@type\":\"ListItem\",\"position\":1,\"name\":\"D\u00fcnkirchen nach Dover\",\"item\":\"https:\/\/dover-dunkirk.com\/de\/\"},{\"@type\":\"ListItem\",\"position\":2,\"name\":\"Wetter\"}]},{\"@type\":\"WebSite\",\"@id\":\"https:\/\/dover-dunkirk.com\/de\/#website\",\"url\":\"https:\/\/dover-dunkirk.com\/de\/\",\"name\":\"D\u00fcnkirchen Dover f\u00e4hre\",\"description\":\"Von D\u00fcnkirchen nach Dover\",\"publisher\":{\"@id\":\"https:\/\/dover-dunkirk.com\/de\/#organization\"},\"potentialAction\":[{\"@type\":\"SearchAction\",\"target\":{\"@type\":\"EntryPoint\",\"urlTemplate\":\"https:\/\/dover-dunkirk.com\/de\/?s={search_term_string}\"},\"query-input\":{\"@type\":\"PropertyValueSpecification\",\"valueRequired\":true,\"valueName\":\"search_term_string\"}}],\"inLanguage\":\"de\"},{\"@type\":\"Organization\",\"@id\":\"https:\/\/dover-dunkirk.com\/de\/#organization\",\"name\":\"D\u00fcnkirchen Dover f\u00e4hre\",\"url\":\"https:\/\/dover-dunkirk.com\/de\/\",\"logo\":{\"@type\":\"ImageObject\",\"inLanguage\":\"de\",\"@id\":\"https:\/\/dover-dunkirk.com\/de\/#\/schema\/logo\/image\/\",\"url\":\"https:\/\/dover-dunkirk.com\/de\/wp-content\/uploads\/sites\/2\/2025\/01\/D.png\",\"contentUrl\":\"https:\/\/dover-dunkirk.com\/de\/wp-content\/uploads\/sites\/2\/2025\/01\/D.png\",\"width\":512,\"height\":512,\"caption\":\"D\u00fcnkirchen Dover f\u00e4hre\"},\"image\":{\"@id\":\"https:\/\/dover-dunkirk.com\/de\/#\/schema\/logo\/image\/\"}}]}<\/script>\n<!-- \/ Yoast SEO plugin. -->","yoast_head_json":{"title":"Wetter - D\u00fcnkirchen Dover f\u00e4hre","description":"Erhalten Sie aktuelle Wetterinformationen f\u00fcr die F\u00e4hrroute Dover-Dunkerque und sorgen Sie f\u00fcr eine sichere und angenehme Reise zwischen England und Frankreich.","robots":{"index":"index","follow":"follow","max-snippet":"max-snippet:-1","max-image-preview":"max-image-preview:large","max-video-preview":"max-video-preview:-1"},"canonical":"https:\/\/dover-dunkirk.com\/de\/wetter\/","og_locale":"de_DE","og_type":"article","og_title":"Wetter - D\u00fcnkirchen Dover f\u00e4hre","og_description":"Erhalten Sie aktuelle Wetterinformationen f\u00fcr die F\u00e4hrroute Dover-Dunkerque und sorgen Sie f\u00fcr eine sichere und angenehme Reise zwischen England und Frankreich.","og_url":"https:\/\/dover-dunkirk.com\/de\/wetter\/","og_site_name":"D\u00fcnkirchen Dover f\u00e4hre","article_modified_time":"2025-01-14T10:52:41+00:00","twitter_card":"summary_large_image","twitter_misc":{"Gesch\u00e4tzte Lesezeit":"1\u00a0Minute"},"schema":{"@context":"https:\/\/schema.org","@graph":[{"@type":"WebPage","@id":"https:\/\/dover-dunkirk.com\/de\/wetter\/","url":"https:\/\/dover-dunkirk.com\/de\/wetter\/","name":"Wetter - D\u00fcnkirchen Dover f\u00e4hre","isPartOf":{"@id":"https:\/\/dover-dunkirk.com\/de\/#website"},"datePublished":"2025-01-09T12:55:40+00:00","dateModified":"2025-01-14T10:52:41+00:00","description":"Erhalten Sie aktuelle Wetterinformationen f\u00fcr die F\u00e4hrroute Dover-Dunkerque und sorgen Sie f\u00fcr eine sichere und angenehme Reise zwischen England und Frankreich.","breadcrumb":{"@id":"https:\/\/dover-dunkirk.com\/de\/wetter\/#breadcrumb"},"inLanguage":"de","potentialAction":[{"@type":"ReadAction","target":["https:\/\/dover-dunkirk.com\/de\/wetter\/"]}]},{"@type":"BreadcrumbList","@id":"https:\/\/dover-dunkirk.com\/de\/wetter\/#breadcrumb","itemListElement":[{"@type":"ListItem","position":1,"name":"D\u00fcnkirchen nach Dover","item":"https:\/\/dover-dunkirk.com\/de\/"},{"@type":"ListItem","position":2,"name":"Wetter"}]},{"@type":"WebSite","@id":"https:\/\/dover-dunkirk.com\/de\/#website","url":"https:\/\/dover-dunkirk.com\/de\/","name":"D\u00fcnkirchen Dover f\u00e4hre","description":"Von D\u00fcnkirchen nach Dover","publisher":{"@id":"https:\/\/dover-dunkirk.com\/de\/#organization"},"potentialAction":[{"@type":"SearchAction","target":{"@type":"EntryPoint","urlTemplate":"https:\/\/dover-dunkirk.com\/de\/?s={search_term_string}"},"query-input":{"@type":"PropertyValueSpecification","valueRequired":true,"valueName":"search_term_string"}}],"inLanguage":"de"},{"@type":"Organization","@id":"https:\/\/dover-dunkirk.com\/de\/#organization","name":"D\u00fcnkirchen Dover f\u00e4hre","url":"https:\/\/dover-dunkirk.com\/de\/","logo":{"@type":"ImageObject","inLanguage":"de","@id":"https:\/\/dover-dunkirk.com\/de\/#\/schema\/logo\/image\/","url":"https:\/\/dover-dunkirk.com\/de\/wp-content\/uploads\/sites\/2\/2025\/01\/D.png","contentUrl":"https:\/\/dover-dunkirk.com\/de\/wp-content\/uploads\/sites\/2\/2025\/01\/D.png","width":512,"height":512,"caption":"D\u00fcnkirchen Dover f\u00e4hre"},"image":{"@id":"https:\/\/dover-dunkirk.com\/de\/#\/schema\/logo\/image\/"}}]}},"_links":{"self":[{"href":"https:\/\/dover-dunkirk.com\/de\/wp-json\/wp\/v2\/pages\/85","targetHints":{"allow":["GET"]}}],"collection":[{"href":"https:\/\/dover-dunkirk.com\/de\/wp-json\/wp\/v2\/pages"}],"about":[{"href":"https:\/\/dover-dunkirk.com\/de\/wp-json\/wp\/v2\/types\/page"}],"author":[{"embeddable":true,"href":"https:\/\/dover-dunkirk.com\/de\/wp-json\/wp\/v2\/users\/2"}],"replies":[{"embeddable":true,"href":"https:\/\/dover-dunkirk.com\/de\/wp-json\/wp\/v2\/comments?post=85"}],"version-history":[{"count":8,"href":"https:\/\/dover-dunkirk.com\/de\/wp-json\/wp\/v2\/pages\/85\/revisions"}],"predecessor-version":[{"id":184,"href":"https:\/\/dover-dunkirk.com\/de\/wp-json\/wp\/v2\/pages\/85\/revisions\/184"}],"wp:attachment":[{"href":"https:\/\/dover-dunkirk.com\/de\/wp-json\/wp\/v2\/media?parent=85"}],"curies":[{"name":"wp","href":"https:\/\/api.w.org\/{rel}","templated":true}]}}