{"id":88,"date":"2025-01-09T12:55:41","date_gmt":"2025-01-09T12:55:41","guid":{"rendered":"https:\/\/dover-dunkirk.com\/de\/vaartijden\/"},"modified":"2025-01-09T16:28:20","modified_gmt":"2025-01-09T16:28:20","slug":"fahrzeiten","status":"publish","type":"page","link":"https:\/\/dover-dunkirk.com\/de\/fahrzeiten\/","title":{"rendered":"F\u00e4hrzeiten"},"content":{"rendered":"\t\t<div data-elementor-type=\"wp-post\" data-elementor-id=\"88\" class=\"elementor elementor-88\" data-elementor-post-type=\"page\">\n\t\t\t\t\t\t<section class=\"elementor-section elementor-top-section elementor-element elementor-element-375c2a06 elementor-section-boxed elementor-section-height-default elementor-section-height-default\" data-id=\"375c2a06\" data-element_type=\"section\" data-e-type=\"section\" data-settings=\"{&quot;background_background&quot;:&quot;gradient&quot;,&quot;sticky&quot;:&quot;top&quot;,&quot;sticky_on&quot;:[&quot;desktop&quot;,&quot;tablet&quot;,&quot;mobile&quot;],&quot;sticky_offset&quot;:0,&quot;sticky_effects_offset&quot;:0,&quot;sticky_anchor_link_offset&quot;:0}\">\n\t\t\t\t\t\t<div class=\"elementor-container elementor-column-gap-default\">\n\t\t\t\t\t<div class=\"elementor-column elementor-col-50 elementor-top-column elementor-element elementor-element-20575c63\" data-id=\"20575c63\" data-element_type=\"column\" data-e-type=\"column\">\n\t\t\t<div class=\"elementor-widget-wrap elementor-element-populated\">\n\t\t\t\t\t\t<div class=\"elementor-element elementor-element-712a2a09 elementor-widget elementor-widget-breadcrumbs\" data-id=\"712a2a09\" data-element_type=\"widget\" data-e-type=\"widget\" data-widget_type=\"breadcrumbs.default\">\n\t\t\t\t<div class=\"elementor-widget-container\">\n\t\t\t\t\t<p id=\"breadcrumbs\"><span><span><a href=\"https:\/\/dover-dunkirk.com\/de\/\">D\u00fcnkirchen nach Dover<\/a><\/span><\/span><\/p>\t\t\t\t<\/div>\n\t\t\t\t<\/div>\n\t\t\t\t\t<\/div>\n\t\t<\/div>\n\t\t\t\t<div class=\"elementor-column elementor-col-50 elementor-top-column elementor-element elementor-element-688fbb7d\" data-id=\"688fbb7d\" data-element_type=\"column\" data-e-type=\"column\">\n\t\t\t<div class=\"elementor-widget-wrap elementor-element-populated\">\n\t\t\t\t\t\t<div class=\"elementor-element elementor-element-6d84856d elementor-align-right elementor-mobile-align-center elementor-widget elementor-widget-button\" data-id=\"6d84856d\" data-element_type=\"widget\" data-e-type=\"widget\" data-settings=\"{&quot;sticky&quot;:&quot;top&quot;,&quot;sticky_on&quot;:[&quot;mobile&quot;],&quot;sticky_offset&quot;:8,&quot;sticky_effects_offset_mobile&quot;:0,&quot;_animation_mobile&quot;:&quot;fadeIn&quot;,&quot;sticky_effects_offset&quot;:0,&quot;sticky_anchor_link_offset&quot;:0}\" data-widget_type=\"button.default\">\n\t\t\t\t<div class=\"elementor-widget-container\">\n\t\t\t\t\t\t\t\t\t<div class=\"elementor-button-wrapper\">\n\t\t\t\t\t<a class=\"elementor-button elementor-button-link elementor-size-md elementor-animation-shrink\" href=\"https:\/\/dover-dunkirk.com\/de\/go\/dunkirk-dover\" target=\"_blank\">\n\t\t\t\t\t\t<span class=\"elementor-button-content-wrapper\">\n\t\t\t\t\t\t<span class=\"elementor-button-icon\">\n\t\t\t\t<svg aria-hidden=\"true\" class=\"e-font-icon-svg e-far-arrow-alt-circle-right\" viewBox=\"0 0 512 512\" xmlns=\"http:\/\/www.w3.org\/2000\/svg\"><path d=\"M504 256C504 119 393 8 256 8S8 119 8 256s111 248 248 248 248-111 248-248zm-448 0c0-110.5 89.5-200 200-200s200 89.5 200 200-89.5 200-200 200S56 366.5 56 256zm72 20v-40c0-6.6 5.4-12 12-12h116v-67c0-10.7 12.9-16 20.5-8.5l99 99c4.7 4.7 4.7 12.3 0 17l-99 99c-7.6 7.6-20.5 2.2-20.5-8.5v-67H140c-6.6 0-12-5.4-12-12z\"><\/path><\/svg>\t\t\t<\/span>\n\t\t\t\t\t\t\t\t\t<span class=\"elementor-button-text\">Tickets und Preise<\/span>\n\t\t\t\t\t<\/span>\n\t\t\t\t\t<\/a>\n\t\t\t\t<\/div>\n\t\t\t\t\t\t\t\t<\/div>\n\t\t\t\t<\/div>\n\t\t\t\t\t<\/div>\n\t\t<\/div>\n\t\t\t\t\t<\/div>\n\t\t<\/section>\n\t\t\t\t<section class=\"elementor-section elementor-top-section elementor-element elementor-element-24ad4ffb elementor-section-boxed elementor-section-height-default elementor-section-height-default\" data-id=\"24ad4ffb\" data-element_type=\"section\" data-e-type=\"section\">\n\t\t\t\t\t\t\t<div class=\"elementor-background-overlay\"><\/div>\n\t\t\t\t\t\t\t<div class=\"elementor-container elementor-column-gap-default\">\n\t\t\t\t\t<div class=\"elementor-column elementor-col-50 elementor-top-column elementor-element elementor-element-a34701b\" data-id=\"a34701b\" data-element_type=\"column\" data-e-type=\"column\">\n\t\t\t<div class=\"elementor-widget-wrap elementor-element-populated\">\n\t\t\t\t\t\t<div class=\"elementor-element elementor-element-187d0439 elementor-widget elementor-widget-heading\" data-id=\"187d0439\" data-element_type=\"widget\" data-e-type=\"widget\" data-widget_type=\"heading.default\">\n\t\t\t\t<div class=\"elementor-widget-container\">\n\t\t\t\t\t<h1 class=\"elementor-heading-title elementor-size-default\">D\u00fcnkirchen Dover F\u00e4hrzeiten<\/h1>\t\t\t\t<\/div>\n\t\t\t\t<\/div>\n\t\t\t\t<section class=\"elementor-section elementor-inner-section elementor-element elementor-element-6064aab6 elementor-section-boxed elementor-section-height-default elementor-section-height-default\" data-id=\"6064aab6\" data-element_type=\"section\" data-e-type=\"section\">\n\t\t\t\t\t\t<div class=\"elementor-container elementor-column-gap-default\">\n\t\t\t\t\t<div class=\"elementor-column elementor-col-100 elementor-inner-column elementor-element elementor-element-51d0fa9d\" data-id=\"51d0fa9d\" data-element_type=\"column\" data-e-type=\"column\">\n\t\t\t<div class=\"elementor-widget-wrap elementor-element-populated\">\n\t\t\t\t\t\t<div class=\"elementor-element elementor-element-70ab0e43 elementor-widget elementor-widget-heading\" data-id=\"70ab0e43\" data-element_type=\"widget\" data-e-type=\"widget\" data-widget_type=\"heading.default\">\n\t\t\t\t<div class=\"elementor-widget-container\">\n\t\t\t\t\t<h3 class=\"elementor-heading-title elementor-size-default\">Fahrpl\u00e4ne D\u00fcnkirchen \u27a8 Dover<\/h3>\t\t\t\t<\/div>\n\t\t\t\t<\/div>\n\t\t\t\t<div class=\"elementor-element elementor-element-e0a1eec elementor-widget__width-initial elementor-widget elementor-widget-text-editor\" data-id=\"e0a1eec\" data-element_type=\"widget\" data-e-type=\"widget\" data-widget_type=\"text-editor.default\">\n\t\t\t\t<div class=\"elementor-widget-container\">\n\t\t\t\t\t\t\t\t\t<p>Die \u00dcberfahrten werden in lokaler Zeit angezeigt. Das bedeutet, dass die Abfahrtszeiten von D\u00fcnkirchen nach lokaler Zeit sind. <strong>Die \u00dcberfahrt von D\u00fcnkirchen nach Dover dauert 2 Stunden<\/strong>, aber aufgrund der Zeitverschiebung scheint es, als w\u00fcrdest du nur 1 Stunde reisen. Wenn du von Dover aus abf\u00e4hrst, dauert die \u00dcberfahrt erneut 2 Stunden, aber auf der Uhr erscheint es aufgrund der Zeitverschiebung mit England als 3 Stunden.<\/p><table id=\"footable_277\" class=\"foo-table ninja_footable foo_table_277 ninja_table_unique_id_119636419_277 ui table nt_type_legacy_table single line fixed striped vertical_centered footable-paging-right ninja_table_search_disabled ninja_table_pro footable footable-1 footable-paging breakpoint-lg\" data-ninja_table_instance=\"ninja_table_instance_0\" data-footable_id=\"277\" data-filter-delay=\"1000\" aria-label=\"Duinkerken-Dover vaarschema\" data-unique_identifier=\"ninja_table_unique_id_119636419_277\"><thead><tr class=\"footable-header\"><th class=\"ninja_column_0 ninja_clmn_nm_vertrek footable-first-visible\" scope=\"col\">Vertrek<\/th><th class=\"ninja_column_1 ninja_clmn_nm_aankomst\" scope=\"col\">Aankomst<\/th><th class=\"ninja_column_2 ninja_clmn_nm_check_in_uiterlijk footable-last-visible\" scope=\"col\">Check-in uiterlijk<\/th><\/tr><\/thead><tbody><tr class=\"ninja_table_row_0 nt_row_id_21\" data-row_id=\"21\"><td class=\"ninja_column_0 ninja_clmn_nm_vertrek footable-first-visible\">04:00<\/td><td class=\"ninja_column_1 ninja_clmn_nm_aankomst\">05:00<\/td><td class=\"ninja_column_2 ninja_clmn_nm_check_in_uiterlijk footable-last-visible\">03:00<\/td><\/tr><tr class=\"ninja_table_row_1 nt_row_id_22\" data-row_id=\"22\"><td class=\"ninja_column_0 ninja_clmn_nm_vertrek footable-first-visible\">06:00<\/td><td class=\"ninja_column_1 ninja_clmn_nm_aankomst\">07:00<\/td><td class=\"ninja_column_2 ninja_clmn_nm_check_in_uiterlijk footable-last-visible\">05:00<\/td><\/tr><tr class=\"ninja_table_row_2 nt_row_id_23\" data-row_id=\"23\"><td class=\"ninja_column_0 ninja_clmn_nm_vertrek footable-first-visible\">08:00<\/td><td class=\"ninja_column_1 ninja_clmn_nm_aankomst\">09:00<\/td><td class=\"ninja_column_2 ninja_clmn_nm_check_in_uiterlijk footable-last-visible\">07:00<\/td><\/tr><tr class=\"ninja_table_row_3 nt_row_id_24\" data-row_id=\"24\"><td class=\"ninja_column_0 ninja_clmn_nm_vertrek footable-first-visible\">10:00<\/td><td class=\"ninja_column_1 ninja_clmn_nm_aankomst\">11:00<\/td><td class=\"ninja_column_2 ninja_clmn_nm_check_in_uiterlijk footable-last-visible\">09:00<\/td><\/tr><tr class=\"ninja_table_row_4 nt_row_id_25\" data-row_id=\"25\"><td class=\"ninja_column_0 ninja_clmn_nm_vertrek footable-first-visible\">12:00<\/td><td class=\"ninja_column_1 ninja_clmn_nm_aankomst\">13:00<\/td><td class=\"ninja_column_2 ninja_clmn_nm_check_in_uiterlijk footable-last-visible\">11:00<\/td><\/tr><tr class=\"ninja_table_row_5 nt_row_id_26\" data-row_id=\"26\"><td class=\"ninja_column_0 ninja_clmn_nm_vertrek footable-first-visible\">14:00<\/td><td class=\"ninja_column_1 ninja_clmn_nm_aankomst\">15:00<\/td><td class=\"ninja_column_2 ninja_clmn_nm_check_in_uiterlijk footable-last-visible\">13:00<\/td><\/tr><tr class=\"ninja_table_row_6 nt_row_id_27\" data-row_id=\"27\"><td class=\"ninja_column_0 ninja_clmn_nm_vertrek footable-first-visible\">16:00<\/td><td class=\"ninja_column_1 ninja_clmn_nm_aankomst\">17:00<\/td><td class=\"ninja_column_2 ninja_clmn_nm_check_in_uiterlijk footable-last-visible\">15:00<\/td><\/tr><tr class=\"ninja_table_row_7 nt_row_id_28\" data-row_id=\"28\"><td class=\"ninja_column_0 ninja_clmn_nm_vertrek footable-first-visible\">18:00<\/td><td class=\"ninja_column_1 ninja_clmn_nm_aankomst\">19:00<\/td><td class=\"ninja_column_2 ninja_clmn_nm_check_in_uiterlijk footable-last-visible\">17:00<\/td><\/tr><tr class=\"ninja_table_row_8 nt_row_id_29\" data-row_id=\"29\"><td class=\"ninja_column_0 ninja_clmn_nm_vertrek footable-first-visible\">20:00<\/td><td class=\"ninja_column_1 ninja_clmn_nm_aankomst\">21:00<\/td><td class=\"ninja_column_2 ninja_clmn_nm_check_in_uiterlijk footable-last-visible\">19:00<\/td><\/tr><tr class=\"ninja_table_row_9 nt_row_id_30\" data-row_id=\"30\"><td class=\"ninja_column_0 ninja_clmn_nm_vertrek footable-first-visible\">23:59<\/td><td class=\"ninja_column_1 ninja_clmn_nm_aankomst\">00:59<\/td><td class=\"ninja_column_2 ninja_clmn_nm_check_in_uiterlijk footable-last-visible\">22:59<\/td><\/tr><\/tbody><\/table>\t\t\t\t\t\t\t\t<\/div>\n\t\t\t\t<\/div>\n\t\t\t\t\t<\/div>\n\t\t<\/div>\n\t\t\t\t\t<\/div>\n\t\t<\/section>\n\t\t\t\t<div class=\"elementor-element elementor-element-32ebc6a4 elementor-widget elementor-widget-heading\" data-id=\"32ebc6a4\" data-element_type=\"widget\" data-e-type=\"widget\" data-widget_type=\"heading.default\">\n\t\t\t\t<div class=\"elementor-widget-container\">\n\t\t\t\t\t<h3 class=\"elementor-heading-title elementor-size-default\">Dover \u27a8 D\u00fcnkirchen<\/h3>\t\t\t\t<\/div>\n\t\t\t\t<\/div>\n\t\t\t\t<div class=\"elementor-element elementor-element-76ac89ab elementor-widget elementor-widget-text-editor\" data-id=\"76ac89ab\" data-element_type=\"widget\" data-e-type=\"widget\" data-widget_type=\"text-editor.default\">\n\t\t\t\t<div class=\"elementor-widget-container\">\n\t\t\t\t\t\t\t\t\t<table id=\"footable_284\" class=\"foo-table ninja_footable foo_table_284 ninja_table_unique_id_301392751_284 ui table nt_type_legacy_table single line fixed striped vertical_centered footable-paging-right ninja_table_search_disabled ninja_table_pro footable footable-2 footable-paging breakpoint-lg\" data-ninja_table_instance=\"ninja_table_instance_1\" data-footable_id=\"284\" data-filter-delay=\"1000\" aria-label=\"Dover - Duinkerken vaarschema\" data-unique_identifier=\"ninja_table_unique_id_301392751_284\"><thead><tr class=\"footable-header\"><th class=\"ninja_column_0 ninja_clmn_nm_vertrek footable-first-visible\" scope=\"col\">Vertrek<\/th><th class=\"ninja_column_1 ninja_clmn_nm_aankomst\" scope=\"col\">Aankomst<\/th><th class=\"ninja_column_2 ninja_clmn_nm_check_in_uiterlijk footable-last-visible\" scope=\"col\">Check-in uiterlijk<\/th><\/tr><\/thead><tbody><tr class=\"ninja_table_row_0 nt_row_id_31\" data-row_id=\"31\"><td class=\"ninja_column_0 ninja_clmn_nm_vertrek footable-first-visible\">02:00<\/td><td class=\"ninja_column_1 ninja_clmn_nm_aankomst\">05:00<\/td><td class=\"ninja_column_2 ninja_clmn_nm_check_in_uiterlijk footable-last-visible\">01:00<\/td><\/tr><tr class=\"ninja_table_row_1 nt_row_id_32\" data-row_id=\"32\"><td class=\"ninja_column_0 ninja_clmn_nm_vertrek footable-first-visible\">06:00<\/td><td class=\"ninja_column_1 ninja_clmn_nm_aankomst\">09:00<\/td><td class=\"ninja_column_2 ninja_clmn_nm_check_in_uiterlijk footable-last-visible\">05:00<\/td><\/tr><tr class=\"ninja_table_row_2 nt_row_id_33\" data-row_id=\"33\"><td class=\"ninja_column_0 ninja_clmn_nm_vertrek footable-first-visible\">08:00<\/td><td class=\"ninja_column_1 ninja_clmn_nm_aankomst\">11:00<\/td><td class=\"ninja_column_2 ninja_clmn_nm_check_in_uiterlijk footable-last-visible\">07:00<\/td><\/tr><tr class=\"ninja_table_row_3 nt_row_id_34\" data-row_id=\"34\"><td class=\"ninja_column_0 ninja_clmn_nm_vertrek footable-first-visible\">10:00<\/td><td class=\"ninja_column_1 ninja_clmn_nm_aankomst\">13:00<\/td><td class=\"ninja_column_2 ninja_clmn_nm_check_in_uiterlijk footable-last-visible\">09:00<\/td><\/tr><tr class=\"ninja_table_row_4 nt_row_id_35\" data-row_id=\"35\"><td class=\"ninja_column_0 ninja_clmn_nm_vertrek footable-first-visible\">12:00<\/td><td class=\"ninja_column_1 ninja_clmn_nm_aankomst\">15:00<\/td><td class=\"ninja_column_2 ninja_clmn_nm_check_in_uiterlijk footable-last-visible\">11:00<\/td><\/tr><tr class=\"ninja_table_row_5 nt_row_id_36\" data-row_id=\"36\"><td class=\"ninja_column_0 ninja_clmn_nm_vertrek footable-first-visible\">14:00<\/td><td class=\"ninja_column_1 ninja_clmn_nm_aankomst\">17:00<\/td><td class=\"ninja_column_2 ninja_clmn_nm_check_in_uiterlijk footable-last-visible\">13:00<\/td><\/tr><tr class=\"ninja_table_row_6 nt_row_id_37\" data-row_id=\"37\"><td class=\"ninja_column_0 ninja_clmn_nm_vertrek footable-first-visible\">16:00<\/td><td class=\"ninja_column_1 ninja_clmn_nm_aankomst\">19:00<\/td><td class=\"ninja_column_2 ninja_clmn_nm_check_in_uiterlijk footable-last-visible\">15:00<\/td><\/tr><tr class=\"ninja_table_row_7 nt_row_id_38\" data-row_id=\"38\"><td class=\"ninja_column_0 ninja_clmn_nm_vertrek footable-first-visible\">18:00<\/td><td class=\"ninja_column_1 ninja_clmn_nm_aankomst\">21:00<\/td><td class=\"ninja_column_2 ninja_clmn_nm_check_in_uiterlijk footable-last-visible\">17:00<\/td><\/tr><tr class=\"ninja_table_row_8 nt_row_id_39\" data-row_id=\"39\"><td class=\"ninja_column_0 ninja_clmn_nm_vertrek footable-first-visible\">20:00<\/td><td class=\"ninja_column_1 ninja_clmn_nm_aankomst\">23:00<\/td><td class=\"ninja_column_2 ninja_clmn_nm_check_in_uiterlijk footable-last-visible\">19:00<\/td><\/tr><tr class=\"ninja_table_row_9 nt_row_id_40\" data-row_id=\"40\"><td class=\"ninja_column_0 ninja_clmn_nm_vertrek footable-first-visible\">22:00<\/td><td class=\"ninja_column_1 ninja_clmn_nm_aankomst\">01:00<\/td><td class=\"ninja_column_2 ninja_clmn_nm_check_in_uiterlijk footable-last-visible\">21:00<\/td><\/tr><\/tbody><\/table><p>Wenn du wissen m\u00f6chtest, welche Preise zu den Abfahrtszeiten in diesem Fahrplan geh\u00f6ren, konsultiere am besten <a href=\"https:\/\/dover-dunkirk.com\/de\/fahre-buchen\/\">unsere Buchungs-Engine.<\/a><\/p>\t\t\t\t\t\t\t\t<\/div>\n\t\t\t\t<\/div>\n\t\t\t\t\t<\/div>\n\t\t<\/div>\n\t\t\t\t<div class=\"elementor-column elementor-col-50 elementor-top-column elementor-element elementor-element-c88d062\" data-id=\"c88d062\" data-element_type=\"column\" data-e-type=\"column\">\n\t\t\t<div class=\"elementor-widget-wrap elementor-element-populated\">\n\t\t\t\t\t\t<div class=\"elementor-element elementor-element-651dd334 elementor-widget elementor-widget-text-editor\" data-id=\"651dd334\" data-element_type=\"widget\" data-e-type=\"widget\" data-settings=\"{&quot;sticky_parent&quot;:&quot;yes&quot;,&quot;sticky_offset&quot;:100,&quot;sticky&quot;:&quot;top&quot;,&quot;sticky_effects_offset&quot;:60,&quot;sticky_on&quot;:[&quot;desktop&quot;,&quot;tablet&quot;,&quot;mobile&quot;],&quot;sticky_anchor_link_offset&quot;:0}\" data-widget_type=\"text-editor.default\">\n\t\t\t\t<div class=\"elementor-widget-container\">\n\t\t\t\t\t\t\t\t\t<p><strong>Verf\u00fcgbarkeit und Preise der \u00dcberfahrt<\/strong><\/p><p>Die g\u00fcnstigsten Tickets buchst du weit im Voraus. Sieh dir im Buchungskalender an, was du mit welchem Tickettyp sparen kannst. Economy-Tickets sind am g\u00fcnstigsten, daf\u00fcr verzichtest du jedoch auf etwas Flexibilit\u00e4t beim Reisen.<\/p><p><a href=\"https:\/\/dover-dunkirk.com\/nl\/go\/duinkerken-dover\">Plane deine \u00dcberfahrt \u2b9e<\/a><\/p>\t\t\t\t\t\t\t\t<\/div>\n\t\t\t\t<\/div>\n\t\t\t\t\t<\/div>\n\t\t<\/div>\n\t\t\t\t\t<\/div>\n\t\t<\/section>\n\t\t\t\t<\/div>\n\t\t","protected":false},"excerpt":{"rendered":"<p>Tickets und Preise D\u00fcnkirchen Dover F\u00e4hrzeiten Fahrpl\u00e4ne D\u00fcnkirchen \u27a8 Dover Die \u00dcberfahrten werden in lokaler Zeit angezeigt. Das bedeutet, dass die Abfahrtszeiten von D\u00fcnkirchen nach lokaler Zeit sind. Die \u00dcberfahrt von D\u00fcnkirchen nach Dover dauert 2 Stunden, aber aufgrund der Zeitverschiebung scheint es, als w\u00fcrdest du nur 1 Stunde reisen. Wenn du von Dover aus [&hellip;]<\/p>\n","protected":false},"author":2,"featured_media":0,"parent":0,"menu_order":0,"comment_status":"closed","ping_status":"closed","template":"elementor_header_footer","meta":{"footnotes":""},"class_list":["post-88","page","type-page","status-publish","hentry"],"yoast_head":"<!-- This site is optimized with the Yoast SEO plugin v27.2 - https:\/\/yoast.com\/product\/yoast-seo-wordpress\/ -->\n<title>F\u00e4hrzeiten - D\u00fcnkirchen Dover f\u00e4hre<\/title>\n<meta name=\"description\" content=\"F\u00e4hrzeiten Dunkerque nach Dover \u2013 Aktuelle Abfahrtszeiten, einfache Online-Buchung und stressfreie \u00dcberfahrten. Planen Sie Ihre Reise bequem zwischen Frankreich und Gro\u00dfbritannien.\" \/>\n<meta name=\"robots\" content=\"index, follow, max-snippet:-1, max-image-preview:large, max-video-preview:-1\" \/>\n<link rel=\"canonical\" href=\"https:\/\/dover-dunkirk.com\/de\/fahrzeiten\/\" \/>\n<meta property=\"og:locale\" content=\"de_DE\" \/>\n<meta property=\"og:type\" content=\"article\" \/>\n<meta property=\"og:title\" content=\"F\u00e4hrzeiten - D\u00fcnkirchen Dover f\u00e4hre\" \/>\n<meta property=\"og:description\" content=\"F\u00e4hrzeiten Dunkerque nach Dover \u2013 Aktuelle Abfahrtszeiten, einfache Online-Buchung und stressfreie \u00dcberfahrten. Planen Sie Ihre Reise bequem zwischen Frankreich und Gro\u00dfbritannien.\" \/>\n<meta property=\"og:url\" content=\"https:\/\/dover-dunkirk.com\/de\/fahrzeiten\/\" \/>\n<meta property=\"og:site_name\" content=\"D\u00fcnkirchen Dover f\u00e4hre\" \/>\n<meta property=\"article:modified_time\" content=\"2025-01-09T16:28:20+00:00\" \/>\n<meta name=\"twitter:card\" content=\"summary_large_image\" \/>\n<meta name=\"twitter:label1\" content=\"Gesch\u00e4tzte Lesezeit\" \/>\n\t<meta name=\"twitter:data1\" content=\"2\u00a0Minuten\" \/>\n<script type=\"application\/ld+json\" class=\"yoast-schema-graph\">{\"@context\":\"https:\/\/schema.org\",\"@graph\":[{\"@type\":\"WebPage\",\"@id\":\"https:\/\/dover-dunkirk.com\/de\/fahrzeiten\/\",\"url\":\"https:\/\/dover-dunkirk.com\/de\/fahrzeiten\/\",\"name\":\"F\u00e4hrzeiten - D\u00fcnkirchen Dover f\u00e4hre\",\"isPartOf\":{\"@id\":\"https:\/\/dover-dunkirk.com\/de\/#website\"},\"datePublished\":\"2025-01-09T12:55:41+00:00\",\"dateModified\":\"2025-01-09T16:28:20+00:00\",\"description\":\"F\u00e4hrzeiten Dunkerque nach Dover \u2013 Aktuelle Abfahrtszeiten, einfache Online-Buchung und stressfreie \u00dcberfahrten. Planen Sie Ihre Reise bequem zwischen Frankreich und Gro\u00dfbritannien.\",\"breadcrumb\":{\"@id\":\"https:\/\/dover-dunkirk.com\/de\/fahrzeiten\/#breadcrumb\"},\"inLanguage\":\"de\",\"potentialAction\":[{\"@type\":\"ReadAction\",\"target\":[\"https:\/\/dover-dunkirk.com\/de\/fahrzeiten\/\"]}]},{\"@type\":\"BreadcrumbList\",\"@id\":\"https:\/\/dover-dunkirk.com\/de\/fahrzeiten\/#breadcrumb\",\"itemListElement\":[{\"@type\":\"ListItem\",\"position\":1,\"name\":\"D\u00fcnkirchen nach Dover\",\"item\":\"https:\/\/dover-dunkirk.com\/de\/\"},{\"@type\":\"ListItem\",\"position\":2,\"name\":\"F\u00e4hrzeiten\"}]},{\"@type\":\"WebSite\",\"@id\":\"https:\/\/dover-dunkirk.com\/de\/#website\",\"url\":\"https:\/\/dover-dunkirk.com\/de\/\",\"name\":\"D\u00fcnkirchen Dover f\u00e4hre\",\"description\":\"Von D\u00fcnkirchen nach Dover\",\"publisher\":{\"@id\":\"https:\/\/dover-dunkirk.com\/de\/#organization\"},\"potentialAction\":[{\"@type\":\"SearchAction\",\"target\":{\"@type\":\"EntryPoint\",\"urlTemplate\":\"https:\/\/dover-dunkirk.com\/de\/?s={search_term_string}\"},\"query-input\":{\"@type\":\"PropertyValueSpecification\",\"valueRequired\":true,\"valueName\":\"search_term_string\"}}],\"inLanguage\":\"de\"},{\"@type\":\"Organization\",\"@id\":\"https:\/\/dover-dunkirk.com\/de\/#organization\",\"name\":\"D\u00fcnkirchen Dover f\u00e4hre\",\"url\":\"https:\/\/dover-dunkirk.com\/de\/\",\"logo\":{\"@type\":\"ImageObject\",\"inLanguage\":\"de\",\"@id\":\"https:\/\/dover-dunkirk.com\/de\/#\/schema\/logo\/image\/\",\"url\":\"https:\/\/dover-dunkirk.com\/de\/wp-content\/uploads\/sites\/2\/2025\/01\/D.png\",\"contentUrl\":\"https:\/\/dover-dunkirk.com\/de\/wp-content\/uploads\/sites\/2\/2025\/01\/D.png\",\"width\":512,\"height\":512,\"caption\":\"D\u00fcnkirchen Dover f\u00e4hre\"},\"image\":{\"@id\":\"https:\/\/dover-dunkirk.com\/de\/#\/schema\/logo\/image\/\"}}]}<\/script>\n<!-- \/ Yoast SEO plugin. -->","yoast_head_json":{"title":"F\u00e4hrzeiten - D\u00fcnkirchen Dover f\u00e4hre","description":"F\u00e4hrzeiten Dunkerque nach Dover \u2013 Aktuelle Abfahrtszeiten, einfache Online-Buchung und stressfreie \u00dcberfahrten. Planen Sie Ihre Reise bequem zwischen Frankreich und Gro\u00dfbritannien.","robots":{"index":"index","follow":"follow","max-snippet":"max-snippet:-1","max-image-preview":"max-image-preview:large","max-video-preview":"max-video-preview:-1"},"canonical":"https:\/\/dover-dunkirk.com\/de\/fahrzeiten\/","og_locale":"de_DE","og_type":"article","og_title":"F\u00e4hrzeiten - D\u00fcnkirchen Dover f\u00e4hre","og_description":"F\u00e4hrzeiten Dunkerque nach Dover \u2013 Aktuelle Abfahrtszeiten, einfache Online-Buchung und stressfreie \u00dcberfahrten. Planen Sie Ihre Reise bequem zwischen Frankreich und Gro\u00dfbritannien.","og_url":"https:\/\/dover-dunkirk.com\/de\/fahrzeiten\/","og_site_name":"D\u00fcnkirchen Dover f\u00e4hre","article_modified_time":"2025-01-09T16:28:20+00:00","twitter_card":"summary_large_image","twitter_misc":{"Gesch\u00e4tzte Lesezeit":"2\u00a0Minuten"},"schema":{"@context":"https:\/\/schema.org","@graph":[{"@type":"WebPage","@id":"https:\/\/dover-dunkirk.com\/de\/fahrzeiten\/","url":"https:\/\/dover-dunkirk.com\/de\/fahrzeiten\/","name":"F\u00e4hrzeiten - D\u00fcnkirchen Dover f\u00e4hre","isPartOf":{"@id":"https:\/\/dover-dunkirk.com\/de\/#website"},"datePublished":"2025-01-09T12:55:41+00:00","dateModified":"2025-01-09T16:28:20+00:00","description":"F\u00e4hrzeiten Dunkerque nach Dover \u2013 Aktuelle Abfahrtszeiten, einfache Online-Buchung und stressfreie \u00dcberfahrten. Planen Sie Ihre Reise bequem zwischen Frankreich und Gro\u00dfbritannien.","breadcrumb":{"@id":"https:\/\/dover-dunkirk.com\/de\/fahrzeiten\/#breadcrumb"},"inLanguage":"de","potentialAction":[{"@type":"ReadAction","target":["https:\/\/dover-dunkirk.com\/de\/fahrzeiten\/"]}]},{"@type":"BreadcrumbList","@id":"https:\/\/dover-dunkirk.com\/de\/fahrzeiten\/#breadcrumb","itemListElement":[{"@type":"ListItem","position":1,"name":"D\u00fcnkirchen nach Dover","item":"https:\/\/dover-dunkirk.com\/de\/"},{"@type":"ListItem","position":2,"name":"F\u00e4hrzeiten"}]},{"@type":"WebSite","@id":"https:\/\/dover-dunkirk.com\/de\/#website","url":"https:\/\/dover-dunkirk.com\/de\/","name":"D\u00fcnkirchen Dover f\u00e4hre","description":"Von D\u00fcnkirchen nach Dover","publisher":{"@id":"https:\/\/dover-dunkirk.com\/de\/#organization"},"potentialAction":[{"@type":"SearchAction","target":{"@type":"EntryPoint","urlTemplate":"https:\/\/dover-dunkirk.com\/de\/?s={search_term_string}"},"query-input":{"@type":"PropertyValueSpecification","valueRequired":true,"valueName":"search_term_string"}}],"inLanguage":"de"},{"@type":"Organization","@id":"https:\/\/dover-dunkirk.com\/de\/#organization","name":"D\u00fcnkirchen Dover f\u00e4hre","url":"https:\/\/dover-dunkirk.com\/de\/","logo":{"@type":"ImageObject","inLanguage":"de","@id":"https:\/\/dover-dunkirk.com\/de\/#\/schema\/logo\/image\/","url":"https:\/\/dover-dunkirk.com\/de\/wp-content\/uploads\/sites\/2\/2025\/01\/D.png","contentUrl":"https:\/\/dover-dunkirk.com\/de\/wp-content\/uploads\/sites\/2\/2025\/01\/D.png","width":512,"height":512,"caption":"D\u00fcnkirchen Dover f\u00e4hre"},"image":{"@id":"https:\/\/dover-dunkirk.com\/de\/#\/schema\/logo\/image\/"}}]}},"_links":{"self":[{"href":"https:\/\/dover-dunkirk.com\/de\/wp-json\/wp\/v2\/pages\/88","targetHints":{"allow":["GET"]}}],"collection":[{"href":"https:\/\/dover-dunkirk.com\/de\/wp-json\/wp\/v2\/pages"}],"about":[{"href":"https:\/\/dover-dunkirk.com\/de\/wp-json\/wp\/v2\/types\/page"}],"author":[{"embeddable":true,"href":"https:\/\/dover-dunkirk.com\/de\/wp-json\/wp\/v2\/users\/2"}],"replies":[{"embeddable":true,"href":"https:\/\/dover-dunkirk.com\/de\/wp-json\/wp\/v2\/comments?post=88"}],"version-history":[{"count":17,"href":"https:\/\/dover-dunkirk.com\/de\/wp-json\/wp\/v2\/pages\/88\/revisions"}],"predecessor-version":[{"id":181,"href":"https:\/\/dover-dunkirk.com\/de\/wp-json\/wp\/v2\/pages\/88\/revisions\/181"}],"wp:attachment":[{"href":"https:\/\/dover-dunkirk.com\/de\/wp-json\/wp\/v2\/media?parent=88"}],"curies":[{"name":"wp","href":"https:\/\/api.w.org\/{rel}","templated":true}]}}