{"id":65,"date":"2021-06-07T12:12:22","date_gmt":"2021-06-07T12:12:22","guid":{"rendered":"http:\/\/dover-dunkirk.com\/confidentialite\/"},"modified":"2025-01-09T14:42:35","modified_gmt":"2025-01-09T14:42:35","slug":"confidentialite","status":"publish","type":"page","link":"https:\/\/dover-dunkirk.com\/fr\/confidentialite\/","title":{"rendered":"Confidentialit\u00e9"},"content":{"rendered":"\n<h2 class=\"wp-block-heading\">Qui sommes nous<\/h2>\n\n\n\n<p>L&rsquo;adresse de notre site est: <a href=\"https:\/\/dover-dunkirk.com\/fr\/\">https:\/\/dover-dunkirk.com\/fr\/<\/a><\/p>\n\n\n\n<h2 class=\"wp-block-heading\">commentaires<\/h2>\n\n\n\n<p>Lorsque les visiteurs laissent des commentaires sur le site, nous collectons les donn\u00e9es affich\u00e9es dans le formulaire de commentaire, l&rsquo;adresse IP du visiteur et l&rsquo;agent utilisateur du navigateur pour aider \u00e0 d\u00e9tecter le spam.<\/p>\n\n\n\n<p>Une cha\u00eene anonymis\u00e9e cr\u00e9\u00e9e \u00e0 partir de votre adresse e-mail (\u00e9galement appel\u00e9e hachage) peut \u00eatre envoy\u00e9e au service Gravatar si vous l&rsquo;utilisez. La page de politique de confidentialit\u00e9 du service Gravatar peut \u00eatre trouv\u00e9e ici : https:\/\/automattic.com\/privacy\/. Une fois votre commentaire approuv\u00e9, votre photo de profil sera visible publiquement dans le contexte de votre commentaire.<\/p>\n\n\n\n<h2 class=\"wp-block-heading\">M\u00e9dias<\/h2>\n\n\n\n<p>Si vous \u00eates un utilisateur enregistr\u00e9 et t\u00e9l\u00e9chargez des images sur le site, vous devez \u00e9viter de t\u00e9l\u00e9charger des images contenant des donn\u00e9es de localisation GPS EXIF. Les visiteurs du site peuvent t\u00e9l\u00e9charger les images du site et afficher les donn\u00e9es de localisation.<\/p>\n\n\n\n<h2 class=\"wp-block-heading\">Biscuit<\/h2>\n\n\n\n<p><strong class=\"privacy-policy-tutorial\"> <\/strong>Lorsque vous laissez un commentaire sur notre site, vous pouvez indiquer si votre nom, votre adresse e-mail et votre site peuvent \u00eatre stock\u00e9s dans un cookie. Nous le faisons pour votre commodit\u00e9 afin que vous n&rsquo;ayez pas \u00e0 ressaisir ces informations pour une nouvelle r\u00e9ponse. Ces cookies sont valables un an.<\/p>\n\n\n\n<p>Lorsque vous visitez notre page de connexion, nous stockons un cookie temporaire pour v\u00e9rifier si votre navigateur accepte les cookies. Ce cookie ne contient aucune donn\u00e9e personnelle et est supprim\u00e9 d\u00e8s que vous fermez votre navigateur.<\/p>\n\n\n\n<p>Une fois que vous \u00eates connect\u00e9, nous stockons certains cookies en relation avec vos informations de connexion et les options d&rsquo;affichage de l&rsquo;\u00e9cran. Les cookies de connexion sont valables 2 jours et les cookies d&rsquo;options d&rsquo;affichage \u00e0 l&rsquo;\u00e9cran sont valables 1 an. Si vous s\u00e9lectionnez \u00ab\u00a0Se souvenir de moi\u00a0\u00bb, votre identifiant sera enregistr\u00e9 pendant 2 semaines. D\u00e8s que vous vous d\u00e9connecterez de votre compte, les cookies de connexion seront supprim\u00e9s.<\/p>\n\n\n\n<p>Lorsque vous modifiez ou publiez un message, un cookie suppl\u00e9mentaire est enregistr\u00e9 par votre navigateur. Ce cookie ne contient aucune donn\u00e9e personnelle et ne contient que l&rsquo;identifiant de publication de l&rsquo;article que vous avez \u00e9dit\u00e9. Ce cookie expire apr\u00e8s un jour.<\/p>\n\n\n\n<h2 class=\"wp-block-heading\">Contenu int\u00e9gr\u00e9 d&rsquo;autres sites<\/h2>\n\n\n\n<p>Les publications de ce site peuvent contenir du contenu int\u00e9gr\u00e9 (par exemple, des vid\u00e9os, des images, des publications, etc.). Le contenu int\u00e9gr\u00e9 d&rsquo;autres sites se comporte exactement comme si le visiteur avait visit\u00e9 cet autre site.<\/p>\n\n\n\n<p>Ces sites peuvent collecter des donn\u00e9es vous concernant, utiliser des cookies, int\u00e9grer un suivi tiers suppl\u00e9mentaire et surveiller votre interaction avec ce contenu int\u00e9gr\u00e9, y compris l&rsquo;enregistrement de votre interaction avec le contenu int\u00e9gr\u00e9 si vous avez un compte et \u00eates connect\u00e9 \u00e0 ce site. <\/p>\n","protected":false},"excerpt":{"rendered":"<p>Qui sommes nous L&rsquo;adresse de notre site est: https:\/\/dover-dunkirk.com\/fr\/ commentaires Lorsque les visiteurs laissent des commentaires sur le site, nous collectons les donn\u00e9es affich\u00e9es dans le formulaire de commentaire, l&rsquo;adresse IP du visiteur et l&rsquo;agent utilisateur du navigateur pour aider \u00e0 d\u00e9tecter le spam. Une cha\u00eene anonymis\u00e9e cr\u00e9\u00e9e \u00e0 partir de votre adresse e-mail (\u00e9galement [&hellip;]<\/p>\n","protected":false},"author":2,"featured_media":0,"parent":0,"menu_order":0,"comment_status":"closed","ping_status":"closed","template":"","meta":{"footnotes":""},"class_list":["post-65","page","type-page","status-publish","hentry"],"yoast_head":"<!-- This site is optimized with the Yoast SEO plugin v27.2 - https:\/\/yoast.com\/product\/yoast-seo-wordpress\/ -->\n<title>Confidentialit\u00e9 - Dunkerque Douvres Ferry<\/title>\n<meta name=\"description\" content=\"D\u00e9couvrez la politique de confidentialit\u00e9 de dover-dunkirk.com. Informations sur la collecte, l&#039;utilisation et la protection de vos donn\u00e9es personnelles.\" \/>\n<meta name=\"robots\" content=\"index, follow, max-snippet:-1, max-image-preview:large, max-video-preview:-1\" \/>\n<link rel=\"canonical\" href=\"https:\/\/dover-dunkirk.com\/fr\/confidentialite\/\" \/>\n<meta property=\"og:locale\" content=\"fr_FR\" \/>\n<meta property=\"og:type\" content=\"article\" \/>\n<meta property=\"og:title\" content=\"Confidentialit\u00e9 - Dunkerque Douvres Ferry\" \/>\n<meta property=\"og:description\" content=\"D\u00e9couvrez la politique de confidentialit\u00e9 de dover-dunkirk.com. Informations sur la collecte, l&#039;utilisation et la protection de vos donn\u00e9es personnelles.\" \/>\n<meta property=\"og:url\" content=\"https:\/\/dover-dunkirk.com\/fr\/confidentialite\/\" \/>\n<meta property=\"og:site_name\" content=\"Dunkerque Douvres Ferry\" \/>\n<meta property=\"article:modified_time\" content=\"2025-01-09T14:42:35+00:00\" \/>\n<meta name=\"twitter:card\" content=\"summary_large_image\" \/>\n<meta name=\"twitter:label1\" content=\"Dur\u00e9e de lecture estim\u00e9e\" \/>\n\t<meta name=\"twitter:data1\" content=\"3 minutes\" \/>\n<script type=\"application\/ld+json\" class=\"yoast-schema-graph\">{\"@context\":\"https:\/\/schema.org\",\"@graph\":[{\"@type\":\"WebPage\",\"@id\":\"https:\/\/dover-dunkirk.com\/fr\/confidentialite\/\",\"url\":\"https:\/\/dover-dunkirk.com\/fr\/confidentialite\/\",\"name\":\"Confidentialit\u00e9 - Dunkerque Douvres Ferry\",\"isPartOf\":{\"@id\":\"https:\/\/dover-dunkirk.com\/fr\/#website\"},\"datePublished\":\"2021-06-07T12:12:22+00:00\",\"dateModified\":\"2025-01-09T14:42:35+00:00\",\"description\":\"D\u00e9couvrez la politique de confidentialit\u00e9 de dover-dunkirk.com. Informations sur la collecte, l'utilisation et la protection de vos donn\u00e9es personnelles.\",\"breadcrumb\":{\"@id\":\"https:\/\/dover-dunkirk.com\/fr\/confidentialite\/#breadcrumb\"},\"inLanguage\":\"fr-FR\",\"potentialAction\":[{\"@type\":\"ReadAction\",\"target\":[\"https:\/\/dover-dunkirk.com\/fr\/confidentialite\/\"]}]},{\"@type\":\"BreadcrumbList\",\"@id\":\"https:\/\/dover-dunkirk.com\/fr\/confidentialite\/#breadcrumb\",\"itemListElement\":[{\"@type\":\"ListItem\",\"position\":1,\"name\":\"Home\",\"item\":\"https:\/\/dover-dunkirk.com\/fr\/\"},{\"@type\":\"ListItem\",\"position\":2,\"name\":\"Confidentialit\u00e9\"}]},{\"@type\":\"WebSite\",\"@id\":\"https:\/\/dover-dunkirk.com\/fr\/#website\",\"url\":\"https:\/\/dover-dunkirk.com\/fr\/\",\"name\":\"Dunkerque Douvres Ferry\",\"description\":\"De Dunkerque \u00e0 Douvres\",\"publisher\":{\"@id\":\"https:\/\/dover-dunkirk.com\/fr\/#organization\"},\"potentialAction\":[{\"@type\":\"SearchAction\",\"target\":{\"@type\":\"EntryPoint\",\"urlTemplate\":\"https:\/\/dover-dunkirk.com\/fr\/?s={search_term_string}\"},\"query-input\":{\"@type\":\"PropertyValueSpecification\",\"valueRequired\":true,\"valueName\":\"search_term_string\"}}],\"inLanguage\":\"fr-FR\"},{\"@type\":\"Organization\",\"@id\":\"https:\/\/dover-dunkirk.com\/fr\/#organization\",\"name\":\"Dunkerque Douvres Ferry\",\"url\":\"https:\/\/dover-dunkirk.com\/fr\/\",\"logo\":{\"@type\":\"ImageObject\",\"inLanguage\":\"fr-FR\",\"@id\":\"https:\/\/dover-dunkirk.com\/fr\/#\/schema\/logo\/image\/\",\"url\":\"https:\/\/dover-dunkirk.com\/fr\/wp-content\/uploads\/sites\/4\/2025\/01\/cropped-D.png\",\"contentUrl\":\"https:\/\/dover-dunkirk.com\/fr\/wp-content\/uploads\/sites\/4\/2025\/01\/cropped-D.png\",\"width\":512,\"height\":512,\"caption\":\"Dunkerque Douvres Ferry\"},\"image\":{\"@id\":\"https:\/\/dover-dunkirk.com\/fr\/#\/schema\/logo\/image\/\"}}]}<\/script>\n<!-- \/ Yoast SEO plugin. -->","yoast_head_json":{"title":"Confidentialit\u00e9 - Dunkerque Douvres Ferry","description":"D\u00e9couvrez la politique de confidentialit\u00e9 de dover-dunkirk.com. Informations sur la collecte, l'utilisation et la protection de vos donn\u00e9es personnelles.","robots":{"index":"index","follow":"follow","max-snippet":"max-snippet:-1","max-image-preview":"max-image-preview:large","max-video-preview":"max-video-preview:-1"},"canonical":"https:\/\/dover-dunkirk.com\/fr\/confidentialite\/","og_locale":"fr_FR","og_type":"article","og_title":"Confidentialit\u00e9 - Dunkerque Douvres Ferry","og_description":"D\u00e9couvrez la politique de confidentialit\u00e9 de dover-dunkirk.com. Informations sur la collecte, l'utilisation et la protection de vos donn\u00e9es personnelles.","og_url":"https:\/\/dover-dunkirk.com\/fr\/confidentialite\/","og_site_name":"Dunkerque Douvres Ferry","article_modified_time":"2025-01-09T14:42:35+00:00","twitter_card":"summary_large_image","twitter_misc":{"Dur\u00e9e de lecture estim\u00e9e":"3 minutes"},"schema":{"@context":"https:\/\/schema.org","@graph":[{"@type":"WebPage","@id":"https:\/\/dover-dunkirk.com\/fr\/confidentialite\/","url":"https:\/\/dover-dunkirk.com\/fr\/confidentialite\/","name":"Confidentialit\u00e9 - Dunkerque Douvres Ferry","isPartOf":{"@id":"https:\/\/dover-dunkirk.com\/fr\/#website"},"datePublished":"2021-06-07T12:12:22+00:00","dateModified":"2025-01-09T14:42:35+00:00","description":"D\u00e9couvrez la politique de confidentialit\u00e9 de dover-dunkirk.com. Informations sur la collecte, l'utilisation et la protection de vos donn\u00e9es personnelles.","breadcrumb":{"@id":"https:\/\/dover-dunkirk.com\/fr\/confidentialite\/#breadcrumb"},"inLanguage":"fr-FR","potentialAction":[{"@type":"ReadAction","target":["https:\/\/dover-dunkirk.com\/fr\/confidentialite\/"]}]},{"@type":"BreadcrumbList","@id":"https:\/\/dover-dunkirk.com\/fr\/confidentialite\/#breadcrumb","itemListElement":[{"@type":"ListItem","position":1,"name":"Home","item":"https:\/\/dover-dunkirk.com\/fr\/"},{"@type":"ListItem","position":2,"name":"Confidentialit\u00e9"}]},{"@type":"WebSite","@id":"https:\/\/dover-dunkirk.com\/fr\/#website","url":"https:\/\/dover-dunkirk.com\/fr\/","name":"Dunkerque Douvres Ferry","description":"De Dunkerque \u00e0 Douvres","publisher":{"@id":"https:\/\/dover-dunkirk.com\/fr\/#organization"},"potentialAction":[{"@type":"SearchAction","target":{"@type":"EntryPoint","urlTemplate":"https:\/\/dover-dunkirk.com\/fr\/?s={search_term_string}"},"query-input":{"@type":"PropertyValueSpecification","valueRequired":true,"valueName":"search_term_string"}}],"inLanguage":"fr-FR"},{"@type":"Organization","@id":"https:\/\/dover-dunkirk.com\/fr\/#organization","name":"Dunkerque Douvres Ferry","url":"https:\/\/dover-dunkirk.com\/fr\/","logo":{"@type":"ImageObject","inLanguage":"fr-FR","@id":"https:\/\/dover-dunkirk.com\/fr\/#\/schema\/logo\/image\/","url":"https:\/\/dover-dunkirk.com\/fr\/wp-content\/uploads\/sites\/4\/2025\/01\/cropped-D.png","contentUrl":"https:\/\/dover-dunkirk.com\/fr\/wp-content\/uploads\/sites\/4\/2025\/01\/cropped-D.png","width":512,"height":512,"caption":"Dunkerque Douvres Ferry"},"image":{"@id":"https:\/\/dover-dunkirk.com\/fr\/#\/schema\/logo\/image\/"}}]}},"_links":{"self":[{"href":"https:\/\/dover-dunkirk.com\/fr\/wp-json\/wp\/v2\/pages\/65","targetHints":{"allow":["GET"]}}],"collection":[{"href":"https:\/\/dover-dunkirk.com\/fr\/wp-json\/wp\/v2\/pages"}],"about":[{"href":"https:\/\/dover-dunkirk.com\/fr\/wp-json\/wp\/v2\/types\/page"}],"author":[{"embeddable":true,"href":"https:\/\/dover-dunkirk.com\/fr\/wp-json\/wp\/v2\/users\/2"}],"replies":[{"embeddable":true,"href":"https:\/\/dover-dunkirk.com\/fr\/wp-json\/wp\/v2\/comments?post=65"}],"version-history":[{"count":1,"href":"https:\/\/dover-dunkirk.com\/fr\/wp-json\/wp\/v2\/pages\/65\/revisions"}],"predecessor-version":[{"id":118,"href":"https:\/\/dover-dunkirk.com\/fr\/wp-json\/wp\/v2\/pages\/65\/revisions\/118"}],"wp:attachment":[{"href":"https:\/\/dover-dunkirk.com\/fr\/wp-json\/wp\/v2\/media?parent=65"}],"curies":[{"name":"wp","href":"https:\/\/api.w.org\/{rel}","templated":true}]}}