{"id":74,"date":"2025-01-09T12:56:46","date_gmt":"2025-01-09T12:56:46","guid":{"rendered":"https:\/\/dover-dunkirk.com\/fr\/prijzen-duinkerken-dover\/"},"modified":"2025-01-14T11:00:42","modified_gmt":"2025-01-14T11:00:42","slug":"reserver-dunkerque-douvres","status":"publish","type":"page","link":"https:\/\/dover-dunkirk.com\/fr\/reserver-dunkerque-douvres\/","title":{"rendered":"R\u00e9server Dunkerque-Douvres"},"content":{"rendered":"\t\t<div data-elementor-type=\"wp-post\" data-elementor-id=\"74\" class=\"elementor elementor-74\" data-elementor-post-type=\"page\">\n\t\t\t\t\t\t<section class=\"elementor-section elementor-top-section elementor-element elementor-element-12c0b849 elementor-section-boxed elementor-section-height-default elementor-section-height-default\" data-id=\"12c0b849\" data-element_type=\"section\" data-e-type=\"section\" data-settings=\"{&quot;background_background&quot;:&quot;gradient&quot;,&quot;sticky&quot;:&quot;top&quot;,&quot;sticky_on&quot;:[&quot;desktop&quot;,&quot;tablet&quot;,&quot;mobile&quot;],&quot;sticky_offset&quot;:0,&quot;sticky_effects_offset&quot;:0,&quot;sticky_anchor_link_offset&quot;:0}\">\n\t\t\t\t\t\t<div class=\"elementor-container elementor-column-gap-default\">\n\t\t\t\t\t<div class=\"elementor-column elementor-col-50 elementor-top-column elementor-element elementor-element-19b54d74\" data-id=\"19b54d74\" data-element_type=\"column\" data-e-type=\"column\">\n\t\t\t<div class=\"elementor-widget-wrap elementor-element-populated\">\n\t\t\t\t\t\t<div class=\"elementor-element elementor-element-9c8515f elementor-widget elementor-widget-breadcrumbs\" data-id=\"9c8515f\" data-element_type=\"widget\" data-e-type=\"widget\" data-widget_type=\"breadcrumbs.default\">\n\t\t\t\t<div class=\"elementor-widget-container\">\n\t\t\t\t\t<p id=\"breadcrumbs\"><span><span><a href=\"https:\/\/dover-dunkirk.com\/fr\/\">Home<\/a><\/span><\/span><\/p>\t\t\t\t<\/div>\n\t\t\t\t<\/div>\n\t\t\t\t\t<\/div>\n\t\t<\/div>\n\t\t\t\t<div class=\"elementor-column elementor-col-50 elementor-top-column elementor-element elementor-element-490d10e0\" data-id=\"490d10e0\" data-element_type=\"column\" data-e-type=\"column\">\n\t\t\t<div class=\"elementor-widget-wrap elementor-element-populated\">\n\t\t\t\t\t\t<div class=\"elementor-element elementor-element-77422344 elementor-align-right elementor-mobile-align-center elementor-widget elementor-widget-button\" data-id=\"77422344\" data-element_type=\"widget\" data-e-type=\"widget\" data-settings=\"{&quot;sticky&quot;:&quot;top&quot;,&quot;sticky_on&quot;:[&quot;mobile&quot;],&quot;sticky_offset&quot;:8,&quot;sticky_effects_offset_mobile&quot;:0,&quot;_animation_mobile&quot;:&quot;fadeIn&quot;,&quot;sticky_effects_offset&quot;:0,&quot;sticky_anchor_link_offset&quot;:0}\" data-widget_type=\"button.default\">\n\t\t\t\t<div class=\"elementor-widget-container\">\n\t\t\t\t\t\t\t\t\t<div class=\"elementor-button-wrapper\">\n\t\t\t\t\t<a class=\"elementor-button elementor-button-link elementor-size-md elementor-animation-shrink\" href=\"https:\/\/dover-dunkirk.com\/fr\/go\/duinkerken-dover\" target=\"_blank\">\n\t\t\t\t\t\t<span class=\"elementor-button-content-wrapper\">\n\t\t\t\t\t\t<span class=\"elementor-button-icon\">\n\t\t\t\t<svg aria-hidden=\"true\" class=\"e-font-icon-svg e-far-arrow-alt-circle-right\" viewBox=\"0 0 512 512\" xmlns=\"http:\/\/www.w3.org\/2000\/svg\"><path d=\"M504 256C504 119 393 8 256 8S8 119 8 256s111 248 248 248 248-111 248-248zm-448 0c0-110.5 89.5-200 200-200s200 89.5 200 200-89.5 200-200 200S56 366.5 56 256zm72 20v-40c0-6.6 5.4-12 12-12h116v-67c0-10.7 12.9-16 20.5-8.5l99 99c4.7 4.7 4.7 12.3 0 17l-99 99c-7.6 7.6-20.5 2.2-20.5-8.5v-67H140c-6.6 0-12-5.4-12-12z\"><\/path><\/svg>\t\t\t<\/span>\n\t\t\t\t\t\t\t\t\t<span class=\"elementor-button-text\">Billets et Tarifs<\/span>\n\t\t\t\t\t<\/span>\n\t\t\t\t\t<\/a>\n\t\t\t\t<\/div>\n\t\t\t\t\t\t\t\t<\/div>\n\t\t\t\t<\/div>\n\t\t\t\t\t<\/div>\n\t\t<\/div>\n\t\t\t\t\t<\/div>\n\t\t<\/section>\n\t\t\t\t<section class=\"elementor-section elementor-top-section elementor-element elementor-element-6e697df7 elementor-section-boxed elementor-section-height-default elementor-section-height-default\" data-id=\"6e697df7\" data-element_type=\"section\" data-e-type=\"section\">\n\t\t\t\t\t\t\t<div class=\"elementor-background-overlay\"><\/div>\n\t\t\t\t\t\t\t<div class=\"elementor-container elementor-column-gap-default\">\n\t\t\t\t\t<div class=\"elementor-column elementor-col-50 elementor-top-column elementor-element elementor-element-2b8a0176\" data-id=\"2b8a0176\" data-element_type=\"column\" data-e-type=\"column\">\n\t\t\t<div class=\"elementor-widget-wrap elementor-element-populated\">\n\t\t\t\t\t\t<div class=\"elementor-element elementor-element-74fbc1ac elementor-widget elementor-widget-heading\" data-id=\"74fbc1ac\" data-element_type=\"widget\" data-e-type=\"widget\" data-widget_type=\"heading.default\">\n\t\t\t\t<div class=\"elementor-widget-container\">\n\t\t\t\t\t<h1 class=\"elementor-heading-title elementor-size-default\">R\u00e9servation : Dunkerque - Douvres<\/h1>\t\t\t\t<\/div>\n\t\t\t\t<\/div>\n\t\t\t\t<div class=\"elementor-element elementor-element-2a351e78 elementor-widget elementor-widget-text-editor\" data-id=\"2a351e78\" data-element_type=\"widget\" data-e-type=\"widget\" data-widget_type=\"text-editor.default\">\n\t\t\t\t<div class=\"elementor-widget-container\">\n\t\t\t\t\t\t\t\t\t<p>Le moteur de r\u00e9servation ci-dessous est propos\u00e9 en collaboration avec Directferries et affiche \u00e9galement les tarifs des itin\u00e9raires alternatifs :<\/p>\t\t\t\t\t\t\t\t<\/div>\n\t\t\t\t<\/div>\n\t\t\t\t<div class=\"elementor-element elementor-element-78d091bb elementor-widget elementor-widget-html\" data-id=\"78d091bb\" data-element_type=\"widget\" data-e-type=\"widget\" data-widget_type=\"html.default\">\n\t\t\t\t<div class=\"elementor-widget-container\">\n\t\t\t\t\t<iframe id=\"dealFinder\" marginwidth=\"0\" frameborder=\"0\" scrolling=\"no\" height=\"285\" marginheight=\"0\" style=\"width:100%;\" src=\"https:\/\/wiz.directferries.com\/partners\/deal_finder_iframe.aspx?stdc=F7232F&cult=fr-FR&oprt=Douvres&btn=EEB340&btnh=EEB340&btnt=FFFFFF&tclr=000001&lclr=000001&lbld=400&pclr=64b6e6&sclr=64b6e6&targ=0\" style=\"z-index:1\"><\/iframe>\t\t\t\t<\/div>\n\t\t\t\t<\/div>\n\t\t\t\t<div class=\"elementor-element elementor-element-16289718 elementor-widget elementor-widget-text-editor\" data-id=\"16289718\" data-element_type=\"widget\" data-e-type=\"widget\" data-widget_type=\"text-editor.default\">\n\t\t\t\t<div class=\"elementor-widget-container\">\n\t\t\t\t\t\t\t\t\t<p>D\u00e8s que vous remplissez les informations, les tarifs et itin\u00e9raires des compagnies de ferry suivantes sont compar\u00e9s :<\/p>\t\t\t\t\t\t\t\t<\/div>\n\t\t\t\t<\/div>\n\t\t\t\t<div class=\"elementor-element elementor-element-3da4a96b elementor-widget elementor-widget-image\" data-id=\"3da4a96b\" data-element_type=\"widget\" data-e-type=\"widget\" data-widget_type=\"image.default\">\n\t\t\t\t<div class=\"elementor-widget-container\">\n\t\t\t\t\t\t\t\t\t\t\t\t\t\t\t<img fetchpriority=\"high\" decoding=\"async\" width=\"580\" height=\"109\" src=\"https:\/\/dover-dunkirk.com\/fr\/wp-content\/uploads\/sites\/4\/2025\/01\/zo-boek-je-de-overtocht.png\" class=\"attachment-large size-large wp-image-75\" alt=\"\" srcset=\"https:\/\/dover-dunkirk.com\/fr\/wp-content\/uploads\/sites\/4\/2025\/01\/zo-boek-je-de-overtocht.png 702w, https:\/\/dover-dunkirk.com\/fr\/wp-content\/uploads\/sites\/4\/2025\/01\/zo-boek-je-de-overtocht-300x56.png 300w\" sizes=\"(max-width: 580px) 100vw, 580px\" \/>\t\t\t\t\t\t\t\t\t\t\t\t\t\t\t<\/div>\n\t\t\t\t<\/div>\n\t\t\t\t<div class=\"elementor-element elementor-element-66afd73f elementor-widget elementor-widget-text-editor\" data-id=\"66afd73f\" data-element_type=\"widget\" data-e-type=\"widget\" id=\"tarifs\" data-widget_type=\"text-editor.default\">\n\t\t\t\t<div class=\"elementor-widget-container\">\n\t\t\t\t\t\t\t\t\t<h3>Le prix \/ le tarif de cette travers\u00e9e<\/h3><p>Les travers\u00e9es de Dunkerque \u00e0 Douvres sont \u00e9galement tr\u00e8s abordables. La concurrence proche avec Calais se refl\u00e8te dans les prix. Les offres affichent des tarifs \u00e0 partir de 112 \u20ac pour une voiture avec 4 personnes. Lors de notre propre r\u00e9servation, nous avons obtenu un tarif de 91 \u20ac pour un aller simple.<\/p><p>Il s&rsquo;agissait d&rsquo;une r\u00e9servation en basse saison, avec une heure fixe. Vous pouvez en savoir plus sur <a href=\"https:\/\/dover-dunkirk.com\/fr\/horaires-des-traversees\/\">les horaires de cette travers\u00e9e ici<\/a>.<\/p><p>En examinant cette r\u00e9servation test, le co\u00fbt revient \u00e0 22,50 \u20ac par personne, voiture incluse. Pour un aller-retour avec 4 personnes et une voiture, nous avons d\u00e9pens\u00e9 un peu plus de 180 \u20ac, soit environ 45 \u20ac par personne pour une travers\u00e9e aller-retour de la France \u00e0 l&rsquo;Angleterre. Un tarif difficile \u00e0 critiquer !<\/p>\t\t\t\t\t\t\t\t<\/div>\n\t\t\t\t<\/div>\n\t\t\t\t<div class=\"elementor-element elementor-element-62e4a193 elementor-widget elementor-widget-image\" data-id=\"62e4a193\" data-element_type=\"widget\" data-e-type=\"widget\" data-widget_type=\"image.default\">\n\t\t\t\t<div class=\"elementor-widget-container\">\n\t\t\t\t\t\t\t\t\t\t\t\t\t\t\t<img decoding=\"async\" width=\"1600\" height=\"627\" src=\"https:\/\/dover-dunkirk.com\/fr\/wp-content\/uploads\/sites\/4\/2025\/01\/Duinkerken-DFDS-.jpg\" class=\"attachment-full size-full wp-image-76\" alt=\"\" srcset=\"https:\/\/dover-dunkirk.com\/fr\/wp-content\/uploads\/sites\/4\/2025\/01\/Duinkerken-DFDS-.jpg 1600w, https:\/\/dover-dunkirk.com\/fr\/wp-content\/uploads\/sites\/4\/2025\/01\/Duinkerken-DFDS--300x118.jpg 300w, https:\/\/dover-dunkirk.com\/fr\/wp-content\/uploads\/sites\/4\/2025\/01\/Duinkerken-DFDS--1024x401.jpg 1024w, https:\/\/dover-dunkirk.com\/fr\/wp-content\/uploads\/sites\/4\/2025\/01\/Duinkerken-DFDS--768x301.jpg 768w, https:\/\/dover-dunkirk.com\/fr\/wp-content\/uploads\/sites\/4\/2025\/01\/Duinkerken-DFDS--1536x602.jpg 1536w\" sizes=\"(max-width: 1600px) 100vw, 1600px\" \/>\t\t\t\t\t\t\t\t\t\t\t\t\t\t\t<\/div>\n\t\t\t\t<\/div>\n\t\t\t\t\t<\/div>\n\t\t<\/div>\n\t\t\t\t<div class=\"elementor-column elementor-col-50 elementor-top-column elementor-element elementor-element-835e221\" data-id=\"835e221\" data-element_type=\"column\" data-e-type=\"column\">\n\t\t\t<div class=\"elementor-widget-wrap elementor-element-populated\">\n\t\t\t\t\t\t<div class=\"elementor-element elementor-element-316c31c elementor-widget elementor-widget-text-editor\" data-id=\"316c31c\" data-element_type=\"widget\" data-e-type=\"widget\" data-settings=\"{&quot;sticky&quot;:&quot;top&quot;,&quot;sticky_parent&quot;:&quot;yes&quot;,&quot;sticky_offset&quot;:100,&quot;sticky_effects_offset&quot;:60,&quot;sticky_on&quot;:[&quot;desktop&quot;,&quot;tablet&quot;,&quot;mobile&quot;],&quot;sticky_anchor_link_offset&quot;:0}\" data-widget_type=\"text-editor.default\">\n\t\t\t\t<div class=\"elementor-widget-container\">\n\t\t\t\t\t\t\t\t\t<p><strong>Disponibilit\u00e9 et Moyens de Paiement<\/strong><\/p><p>Les billets les moins chers se r\u00e9servent bien \u00e0 l&rsquo;avance, en particulier parce que cette route est tr\u00e8s fr\u00e9quent\u00e9e et souvent compl\u00e8te.<\/p><p><img decoding=\"async\" class=\"alignnone size-medium wp-image-384\" src=\"https:\/\/dover-dunkirk.com\/nl\/wp-content\/uploads\/sites\/3\/2025\/01\/chrome_nhaR5Frbu1-300x27.png\" alt=\"Betalen bij DF\" width=\"300\" height=\"27\" \/><\/p>\t\t\t\t\t\t\t\t<\/div>\n\t\t\t\t<\/div>\n\t\t\t\t\t<\/div>\n\t\t<\/div>\n\t\t\t\t\t<\/div>\n\t\t<\/section>\n\t\t\t\t<\/div>\n\t\t","protected":false},"excerpt":{"rendered":"<p>Billets et Tarifs R\u00e9servation : Dunkerque &#8211; Douvres Le moteur de r\u00e9servation ci-dessous est propos\u00e9 en collaboration avec Directferries et affiche \u00e9galement les tarifs des itin\u00e9raires alternatifs : D\u00e8s que vous remplissez les informations, les tarifs et itin\u00e9raires des compagnies de ferry suivantes sont compar\u00e9s : Le prix \/ le tarif de cette travers\u00e9e Les [&hellip;]<\/p>\n","protected":false},"author":2,"featured_media":0,"parent":0,"menu_order":0,"comment_status":"closed","ping_status":"closed","template":"elementor_header_footer","meta":{"footnotes":""},"class_list":["post-74","page","type-page","status-publish","hentry"],"yoast_head":"<!-- This site is optimized with the Yoast SEO plugin v27.2 - https:\/\/yoast.com\/product\/yoast-seo-wordpress\/ -->\n<title>R\u00e9server Dunkerque-Douvres - Dunkerque Douvres Ferry<\/title>\n<meta name=\"description\" content=\"Planifiez et r\u00e9servez votre ferry Dunkerque-Douvres. D\u00e9couvrez les meilleurs tarifs, horaires flexibles et une r\u00e9servation en ligne simple pour votre voyage.\" \/>\n<meta name=\"robots\" content=\"index, follow, max-snippet:-1, max-image-preview:large, max-video-preview:-1\" \/>\n<link rel=\"canonical\" href=\"https:\/\/dover-dunkirk.com\/fr\/reserver-dunkerque-douvres\/\" \/>\n<meta property=\"og:locale\" content=\"fr_FR\" \/>\n<meta property=\"og:type\" content=\"article\" \/>\n<meta property=\"og:title\" content=\"R\u00e9server Dunkerque-Douvres - Dunkerque Douvres Ferry\" \/>\n<meta property=\"og:description\" content=\"Planifiez et r\u00e9servez votre ferry Dunkerque-Douvres. D\u00e9couvrez les meilleurs tarifs, horaires flexibles et une r\u00e9servation en ligne simple pour votre voyage.\" \/>\n<meta property=\"og:url\" content=\"https:\/\/dover-dunkirk.com\/fr\/reserver-dunkerque-douvres\/\" \/>\n<meta property=\"og:site_name\" content=\"Dunkerque Douvres Ferry\" \/>\n<meta property=\"article:modified_time\" content=\"2025-01-14T11:00:42+00:00\" \/>\n<meta property=\"og:image\" content=\"https:\/\/dover-dunkirk.com\/fr\/wp-content\/uploads\/sites\/4\/2025\/01\/zo-boek-je-de-overtocht.png\" \/>\n\t<meta property=\"og:image:width\" content=\"702\" \/>\n\t<meta property=\"og:image:height\" content=\"132\" \/>\n\t<meta property=\"og:image:type\" content=\"image\/png\" \/>\n<meta name=\"twitter:card\" content=\"summary_large_image\" \/>\n<meta name=\"twitter:label1\" content=\"Dur\u00e9e de lecture estim\u00e9e\" \/>\n\t<meta name=\"twitter:data1\" content=\"2 minutes\" \/>\n<script type=\"application\/ld+json\" class=\"yoast-schema-graph\">{\"@context\":\"https:\/\/schema.org\",\"@graph\":[{\"@type\":\"WebPage\",\"@id\":\"https:\/\/dover-dunkirk.com\/fr\/reserver-dunkerque-douvres\/\",\"url\":\"https:\/\/dover-dunkirk.com\/fr\/reserver-dunkerque-douvres\/\",\"name\":\"R\u00e9server Dunkerque-Douvres - Dunkerque Douvres Ferry\",\"isPartOf\":{\"@id\":\"https:\/\/dover-dunkirk.com\/fr\/#website\"},\"primaryImageOfPage\":{\"@id\":\"https:\/\/dover-dunkirk.com\/fr\/reserver-dunkerque-douvres\/#primaryimage\"},\"image\":{\"@id\":\"https:\/\/dover-dunkirk.com\/fr\/reserver-dunkerque-douvres\/#primaryimage\"},\"thumbnailUrl\":\"https:\/\/dover-dunkirk.com\/fr\/wp-content\/uploads\/sites\/4\/2025\/01\/zo-boek-je-de-overtocht.png\",\"datePublished\":\"2025-01-09T12:56:46+00:00\",\"dateModified\":\"2025-01-14T11:00:42+00:00\",\"description\":\"Planifiez et r\u00e9servez votre ferry Dunkerque-Douvres. D\u00e9couvrez les meilleurs tarifs, horaires flexibles et une r\u00e9servation en ligne simple pour votre voyage.\",\"breadcrumb\":{\"@id\":\"https:\/\/dover-dunkirk.com\/fr\/reserver-dunkerque-douvres\/#breadcrumb\"},\"inLanguage\":\"fr-FR\",\"potentialAction\":[{\"@type\":\"ReadAction\",\"target\":[\"https:\/\/dover-dunkirk.com\/fr\/reserver-dunkerque-douvres\/\"]}]},{\"@type\":\"ImageObject\",\"inLanguage\":\"fr-FR\",\"@id\":\"https:\/\/dover-dunkirk.com\/fr\/reserver-dunkerque-douvres\/#primaryimage\",\"url\":\"https:\/\/dover-dunkirk.com\/fr\/wp-content\/uploads\/sites\/4\/2025\/01\/zo-boek-je-de-overtocht.png\",\"contentUrl\":\"https:\/\/dover-dunkirk.com\/fr\/wp-content\/uploads\/sites\/4\/2025\/01\/zo-boek-je-de-overtocht.png\",\"width\":702,\"height\":132},{\"@type\":\"BreadcrumbList\",\"@id\":\"https:\/\/dover-dunkirk.com\/fr\/reserver-dunkerque-douvres\/#breadcrumb\",\"itemListElement\":[{\"@type\":\"ListItem\",\"position\":1,\"name\":\"Home\",\"item\":\"https:\/\/dover-dunkirk.com\/fr\/\"},{\"@type\":\"ListItem\",\"position\":2,\"name\":\"R\u00e9server Dunkerque-Douvres\"}]},{\"@type\":\"WebSite\",\"@id\":\"https:\/\/dover-dunkirk.com\/fr\/#website\",\"url\":\"https:\/\/dover-dunkirk.com\/fr\/\",\"name\":\"Dunkerque Douvres Ferry\",\"description\":\"De Dunkerque \u00e0 Douvres\",\"publisher\":{\"@id\":\"https:\/\/dover-dunkirk.com\/fr\/#organization\"},\"potentialAction\":[{\"@type\":\"SearchAction\",\"target\":{\"@type\":\"EntryPoint\",\"urlTemplate\":\"https:\/\/dover-dunkirk.com\/fr\/?s={search_term_string}\"},\"query-input\":{\"@type\":\"PropertyValueSpecification\",\"valueRequired\":true,\"valueName\":\"search_term_string\"}}],\"inLanguage\":\"fr-FR\"},{\"@type\":\"Organization\",\"@id\":\"https:\/\/dover-dunkirk.com\/fr\/#organization\",\"name\":\"Dunkerque Douvres Ferry\",\"url\":\"https:\/\/dover-dunkirk.com\/fr\/\",\"logo\":{\"@type\":\"ImageObject\",\"inLanguage\":\"fr-FR\",\"@id\":\"https:\/\/dover-dunkirk.com\/fr\/#\/schema\/logo\/image\/\",\"url\":\"https:\/\/dover-dunkirk.com\/fr\/wp-content\/uploads\/sites\/4\/2025\/01\/cropped-D.png\",\"contentUrl\":\"https:\/\/dover-dunkirk.com\/fr\/wp-content\/uploads\/sites\/4\/2025\/01\/cropped-D.png\",\"width\":512,\"height\":512,\"caption\":\"Dunkerque Douvres Ferry\"},\"image\":{\"@id\":\"https:\/\/dover-dunkirk.com\/fr\/#\/schema\/logo\/image\/\"}}]}<\/script>\n<!-- \/ Yoast SEO plugin. -->","yoast_head_json":{"title":"R\u00e9server Dunkerque-Douvres - Dunkerque Douvres Ferry","description":"Planifiez et r\u00e9servez votre ferry Dunkerque-Douvres. D\u00e9couvrez les meilleurs tarifs, horaires flexibles et une r\u00e9servation en ligne simple pour votre voyage.","robots":{"index":"index","follow":"follow","max-snippet":"max-snippet:-1","max-image-preview":"max-image-preview:large","max-video-preview":"max-video-preview:-1"},"canonical":"https:\/\/dover-dunkirk.com\/fr\/reserver-dunkerque-douvres\/","og_locale":"fr_FR","og_type":"article","og_title":"R\u00e9server Dunkerque-Douvres - Dunkerque Douvres Ferry","og_description":"Planifiez et r\u00e9servez votre ferry Dunkerque-Douvres. D\u00e9couvrez les meilleurs tarifs, horaires flexibles et une r\u00e9servation en ligne simple pour votre voyage.","og_url":"https:\/\/dover-dunkirk.com\/fr\/reserver-dunkerque-douvres\/","og_site_name":"Dunkerque Douvres Ferry","article_modified_time":"2025-01-14T11:00:42+00:00","og_image":[{"width":702,"height":132,"url":"https:\/\/dover-dunkirk.com\/fr\/wp-content\/uploads\/sites\/4\/2025\/01\/zo-boek-je-de-overtocht.png","type":"image\/png"}],"twitter_card":"summary_large_image","twitter_misc":{"Dur\u00e9e de lecture estim\u00e9e":"2 minutes"},"schema":{"@context":"https:\/\/schema.org","@graph":[{"@type":"WebPage","@id":"https:\/\/dover-dunkirk.com\/fr\/reserver-dunkerque-douvres\/","url":"https:\/\/dover-dunkirk.com\/fr\/reserver-dunkerque-douvres\/","name":"R\u00e9server Dunkerque-Douvres - Dunkerque Douvres Ferry","isPartOf":{"@id":"https:\/\/dover-dunkirk.com\/fr\/#website"},"primaryImageOfPage":{"@id":"https:\/\/dover-dunkirk.com\/fr\/reserver-dunkerque-douvres\/#primaryimage"},"image":{"@id":"https:\/\/dover-dunkirk.com\/fr\/reserver-dunkerque-douvres\/#primaryimage"},"thumbnailUrl":"https:\/\/dover-dunkirk.com\/fr\/wp-content\/uploads\/sites\/4\/2025\/01\/zo-boek-je-de-overtocht.png","datePublished":"2025-01-09T12:56:46+00:00","dateModified":"2025-01-14T11:00:42+00:00","description":"Planifiez et r\u00e9servez votre ferry Dunkerque-Douvres. D\u00e9couvrez les meilleurs tarifs, horaires flexibles et une r\u00e9servation en ligne simple pour votre voyage.","breadcrumb":{"@id":"https:\/\/dover-dunkirk.com\/fr\/reserver-dunkerque-douvres\/#breadcrumb"},"inLanguage":"fr-FR","potentialAction":[{"@type":"ReadAction","target":["https:\/\/dover-dunkirk.com\/fr\/reserver-dunkerque-douvres\/"]}]},{"@type":"ImageObject","inLanguage":"fr-FR","@id":"https:\/\/dover-dunkirk.com\/fr\/reserver-dunkerque-douvres\/#primaryimage","url":"https:\/\/dover-dunkirk.com\/fr\/wp-content\/uploads\/sites\/4\/2025\/01\/zo-boek-je-de-overtocht.png","contentUrl":"https:\/\/dover-dunkirk.com\/fr\/wp-content\/uploads\/sites\/4\/2025\/01\/zo-boek-je-de-overtocht.png","width":702,"height":132},{"@type":"BreadcrumbList","@id":"https:\/\/dover-dunkirk.com\/fr\/reserver-dunkerque-douvres\/#breadcrumb","itemListElement":[{"@type":"ListItem","position":1,"name":"Home","item":"https:\/\/dover-dunkirk.com\/fr\/"},{"@type":"ListItem","position":2,"name":"R\u00e9server Dunkerque-Douvres"}]},{"@type":"WebSite","@id":"https:\/\/dover-dunkirk.com\/fr\/#website","url":"https:\/\/dover-dunkirk.com\/fr\/","name":"Dunkerque Douvres Ferry","description":"De Dunkerque \u00e0 Douvres","publisher":{"@id":"https:\/\/dover-dunkirk.com\/fr\/#organization"},"potentialAction":[{"@type":"SearchAction","target":{"@type":"EntryPoint","urlTemplate":"https:\/\/dover-dunkirk.com\/fr\/?s={search_term_string}"},"query-input":{"@type":"PropertyValueSpecification","valueRequired":true,"valueName":"search_term_string"}}],"inLanguage":"fr-FR"},{"@type":"Organization","@id":"https:\/\/dover-dunkirk.com\/fr\/#organization","name":"Dunkerque Douvres Ferry","url":"https:\/\/dover-dunkirk.com\/fr\/","logo":{"@type":"ImageObject","inLanguage":"fr-FR","@id":"https:\/\/dover-dunkirk.com\/fr\/#\/schema\/logo\/image\/","url":"https:\/\/dover-dunkirk.com\/fr\/wp-content\/uploads\/sites\/4\/2025\/01\/cropped-D.png","contentUrl":"https:\/\/dover-dunkirk.com\/fr\/wp-content\/uploads\/sites\/4\/2025\/01\/cropped-D.png","width":512,"height":512,"caption":"Dunkerque Douvres Ferry"},"image":{"@id":"https:\/\/dover-dunkirk.com\/fr\/#\/schema\/logo\/image\/"}}]}},"_links":{"self":[{"href":"https:\/\/dover-dunkirk.com\/fr\/wp-json\/wp\/v2\/pages\/74","targetHints":{"allow":["GET"]}}],"collection":[{"href":"https:\/\/dover-dunkirk.com\/fr\/wp-json\/wp\/v2\/pages"}],"about":[{"href":"https:\/\/dover-dunkirk.com\/fr\/wp-json\/wp\/v2\/types\/page"}],"author":[{"embeddable":true,"href":"https:\/\/dover-dunkirk.com\/fr\/wp-json\/wp\/v2\/users\/2"}],"replies":[{"embeddable":true,"href":"https:\/\/dover-dunkirk.com\/fr\/wp-json\/wp\/v2\/comments?post=74"}],"version-history":[{"count":23,"href":"https:\/\/dover-dunkirk.com\/fr\/wp-json\/wp\/v2\/pages\/74\/revisions"}],"predecessor-version":[{"id":164,"href":"https:\/\/dover-dunkirk.com\/fr\/wp-json\/wp\/v2\/pages\/74\/revisions\/164"}],"wp:attachment":[{"href":"https:\/\/dover-dunkirk.com\/fr\/wp-json\/wp\/v2\/media?parent=74"}],"curies":[{"name":"wp","href":"https:\/\/api.w.org\/{rel}","templated":true}]}}