{"id":86,"date":"2025-01-09T12:56:55","date_gmt":"2025-01-09T12:56:55","guid":{"rendered":"https:\/\/dover-dunkirk.com\/fr\/weer\/"},"modified":"2025-01-10T09:24:09","modified_gmt":"2025-01-10T09:24:09","slug":"meteo","status":"publish","type":"page","link":"https:\/\/dover-dunkirk.com\/fr\/meteo\/","title":{"rendered":"M\u00e9t\u00e9o"},"content":{"rendered":"\t\t<div data-elementor-type=\"wp-post\" data-elementor-id=\"86\" class=\"elementor elementor-86\" data-elementor-post-type=\"page\">\n\t\t\t\t\t\t<section class=\"elementor-section elementor-top-section elementor-element elementor-element-44befc73 elementor-section-boxed elementor-section-height-default elementor-section-height-default\" data-id=\"44befc73\" data-element_type=\"section\" data-e-type=\"section\" data-settings=\"{&quot;background_background&quot;:&quot;gradient&quot;,&quot;sticky&quot;:&quot;top&quot;,&quot;sticky_on&quot;:[&quot;desktop&quot;,&quot;tablet&quot;,&quot;mobile&quot;],&quot;sticky_offset&quot;:0,&quot;sticky_effects_offset&quot;:0,&quot;sticky_anchor_link_offset&quot;:0}\">\n\t\t\t\t\t\t<div class=\"elementor-container elementor-column-gap-default\">\n\t\t\t\t\t<div class=\"elementor-column elementor-col-50 elementor-top-column elementor-element elementor-element-58cf6385\" data-id=\"58cf6385\" data-element_type=\"column\" data-e-type=\"column\">\n\t\t\t<div class=\"elementor-widget-wrap elementor-element-populated\">\n\t\t\t\t\t\t<div class=\"elementor-element elementor-element-4d95c23 elementor-widget elementor-widget-breadcrumbs\" data-id=\"4d95c23\" data-element_type=\"widget\" data-e-type=\"widget\" data-widget_type=\"breadcrumbs.default\">\n\t\t\t\t<div class=\"elementor-widget-container\">\n\t\t\t\t\t<p id=\"breadcrumbs\"><span><span><a href=\"https:\/\/dover-dunkirk.com\/fr\/\">Home<\/a><\/span><\/span><\/p>\t\t\t\t<\/div>\n\t\t\t\t<\/div>\n\t\t\t\t\t<\/div>\n\t\t<\/div>\n\t\t\t\t<div class=\"elementor-column elementor-col-50 elementor-top-column elementor-element elementor-element-3193447\" data-id=\"3193447\" data-element_type=\"column\" data-e-type=\"column\">\n\t\t\t<div class=\"elementor-widget-wrap elementor-element-populated\">\n\t\t\t\t\t\t<div class=\"elementor-element elementor-element-5f8eb0f3 elementor-align-right elementor-mobile-align-center elementor-widget elementor-widget-button\" data-id=\"5f8eb0f3\" data-element_type=\"widget\" data-e-type=\"widget\" data-settings=\"{&quot;sticky&quot;:&quot;top&quot;,&quot;sticky_on&quot;:[&quot;mobile&quot;],&quot;sticky_offset&quot;:8,&quot;sticky_effects_offset_mobile&quot;:0,&quot;_animation_mobile&quot;:&quot;fadeIn&quot;,&quot;sticky_effects_offset&quot;:0,&quot;sticky_anchor_link_offset&quot;:0}\" data-widget_type=\"button.default\">\n\t\t\t\t<div class=\"elementor-widget-container\">\n\t\t\t\t\t\t\t\t\t<div class=\"elementor-button-wrapper\">\n\t\t\t\t\t<a class=\"elementor-button elementor-button-link elementor-size-md elementor-animation-shrink\" href=\"https:\/\/dover-dunkirk.com\/fr\/go\/duinkerken-dover\" target=\"_blank\">\n\t\t\t\t\t\t<span class=\"elementor-button-content-wrapper\">\n\t\t\t\t\t\t<span class=\"elementor-button-icon\">\n\t\t\t\t<svg aria-hidden=\"true\" class=\"e-font-icon-svg e-far-arrow-alt-circle-right\" viewBox=\"0 0 512 512\" xmlns=\"http:\/\/www.w3.org\/2000\/svg\"><path d=\"M504 256C504 119 393 8 256 8S8 119 8 256s111 248 248 248 248-111 248-248zm-448 0c0-110.5 89.5-200 200-200s200 89.5 200 200-89.5 200-200 200S56 366.5 56 256zm72 20v-40c0-6.6 5.4-12 12-12h116v-67c0-10.7 12.9-16 20.5-8.5l99 99c4.7 4.7 4.7 12.3 0 17l-99 99c-7.6 7.6-20.5 2.2-20.5-8.5v-67H140c-6.6 0-12-5.4-12-12z\"><\/path><\/svg>\t\t\t<\/span>\n\t\t\t\t\t\t\t\t\t<span class=\"elementor-button-text\">Billets et Tarifs<\/span>\n\t\t\t\t\t<\/span>\n\t\t\t\t\t<\/a>\n\t\t\t\t<\/div>\n\t\t\t\t\t\t\t\t<\/div>\n\t\t\t\t<\/div>\n\t\t\t\t\t<\/div>\n\t\t<\/div>\n\t\t\t\t\t<\/div>\n\t\t<\/section>\n\t\t\t\t<section class=\"elementor-section elementor-top-section elementor-element elementor-element-44c77cdf elementor-section-boxed elementor-section-height-default elementor-section-height-default\" data-id=\"44c77cdf\" data-element_type=\"section\" data-e-type=\"section\">\n\t\t\t\t\t\t\t<div class=\"elementor-background-overlay\"><\/div>\n\t\t\t\t\t\t\t<div class=\"elementor-container elementor-column-gap-default\">\n\t\t\t\t\t<div class=\"elementor-column elementor-col-100 elementor-top-column elementor-element elementor-element-4fb744c\" data-id=\"4fb744c\" data-element_type=\"column\" data-e-type=\"column\">\n\t\t\t<div class=\"elementor-widget-wrap elementor-element-populated\">\n\t\t\t\t\t\t<div class=\"elementor-element elementor-element-493647fe elementor-widget elementor-widget-heading\" data-id=\"493647fe\" data-element_type=\"widget\" data-e-type=\"widget\" data-widget_type=\"heading.default\">\n\t\t\t\t<div class=\"elementor-widget-container\">\n\t\t\t\t\t<h1 class=\"elementor-heading-title elementor-size-default\">M\u00e9t\u00e9o Dunkerque - Douvres<\/h1>\t\t\t\t<\/div>\n\t\t\t\t<\/div>\n\t\t\t\t<div class=\"elementor-element elementor-element-156c0e23 elementor-widget elementor-widget-text-editor\" data-id=\"156c0e23\" data-element_type=\"widget\" data-e-type=\"widget\" data-widget_type=\"text-editor.default\">\n\t\t\t\t<div class=\"elementor-widget-container\">\n\t\t\t\t\t\t\t\t\t<p>Le vent, la m\u00e9t\u00e9o, les vagues et les temp\u00eates lors de la travers\u00e9e de Dunkerque \u00e0 Douvres.<\/p>\t\t\t\t\t\t\t\t<\/div>\n\t\t\t\t<\/div>\n\t\t\t\t<div class=\"elementor-element elementor-element-598a8457 elementor-alert-warning elementor-hidden-mobile elementor-widget elementor-widget-alert\" data-id=\"598a8457\" data-element_type=\"widget\" data-e-type=\"widget\" data-widget_type=\"alert.default\">\n\t\t\t\t<div class=\"elementor-widget-container\">\n\t\t\t\t\t\t\t<div class=\"elementor-alert\" role=\"alert\">\n\n\t\t\t\t\t\t<span class=\"elementor-alert-title\">N'oubliez pas de mettre cette page en favori pour la retrouver facilement.<\/span>\n\t\t\t\n\t\t\t\t\t\t<span class=\"elementor-alert-description\">\ud83d\udca1 Appuyez simplement sur CTRL + D. Ainsi, vous pourrez consulter les informations juste avant votre d\u00e9part.<\/span>\n\t\t\t\n\t\t\t\t\t\t<button type=\"button\" class=\"elementor-alert-dismiss\" aria-label=\"Ignorer cette alerte.\">\n\t\t\t\t\t\t\t\t\t<span aria-hidden=\"true\">&times;<\/span>\n\t\t\t\t\t\t\t<\/button>\n\t\t\t\n\t\t<\/div>\n\t\t\t\t\t\t<\/div>\n\t\t\t\t<\/div>\n\t\t\t\t<div class=\"elementor-element elementor-element-103fa464 elementor-widget elementor-widget-text-editor\" data-id=\"103fa464\" data-element_type=\"widget\" data-e-type=\"widget\" data-widget_type=\"text-editor.default\">\n\t\t\t\t<div class=\"elementor-widget-container\">\n\t\t\t\t\t\t\t\t\t<div class=\"flex-shrink-0 flex flex-col relative items-end\"><div class=\"pt-0.5 juice:pt-0\"><div class=\"gizmo-bot-avatar flex h-6 w-6 items-center justify-center overflow-hidden rounded-full juice:h-8 juice:w-8\"><div class=\"relative p-1 rounded-sm flex items-center justify-center bg-token-main-surface-primary text-token-text-primary h-8 w-8\">Gr\u00e2ce aux cartes m\u00e9t\u00e9orologiques ci-dessous, vous aurez, je l&rsquo;esp\u00e8re, une bonne id\u00e9e de ce qui vous attend pendant la travers\u00e9e. Sera-t-elle agr\u00e9able avec une l\u00e9g\u00e8re brise ou plus mouvement\u00e9e avec un temps orageux ? \ud83d\ude42<\/div><\/div><\/div><\/div>\t\t\t\t\t\t\t\t<\/div>\n\t\t\t\t<\/div>\n\t\t\t\t<div class=\"elementor-element elementor-element-2b23d77 elementor-widget elementor-widget-heading\" data-id=\"2b23d77\" data-element_type=\"widget\" data-e-type=\"widget\" data-widget_type=\"heading.default\">\n\t\t\t\t<div class=\"elementor-widget-container\">\n\t\t\t\t\t<h2 class=\"elementor-heading-title elementor-size-default\">Les pr\u00e9visions m\u00e9t\u00e9o, la pluie et le vent.<\/h2>\t\t\t\t<\/div>\n\t\t\t\t<\/div>\n\t\t\t\t<div class=\"elementor-element elementor-element-4f8ba78 elementor-widget elementor-widget-html\" data-id=\"4f8ba78\" data-element_type=\"widget\" data-e-type=\"widget\" data-widget_type=\"html.default\">\n\t\t\t\t<div class=\"elementor-widget-container\">\n\t\t\t\t\t<iframe width=\"800\" height=\"650\" src=\"https:\/\/embed.windy.com\/embed2.html?lat=51.021&lon=1.121&detailLat=51.035&detailLon=2.377&width=650&height=450&zoom=7&level=surface&overlay=wind&product=ecmwf&menu=&message=true&marker=&calendar=now&pressure=&type=map&location=coordinates&detail=true&metricWind=default&metricTemp=default&radarRange=-1\" frameborder=\"0\"><\/iframe>\t\t\t\t<\/div>\n\t\t\t\t<\/div>\n\t\t\t\t<div class=\"elementor-element elementor-element-37785e7e elementor-widget elementor-widget-heading\" data-id=\"37785e7e\" data-element_type=\"widget\" data-e-type=\"widget\" data-widget_type=\"heading.default\">\n\t\t\t\t<div class=\"elementor-widget-container\">\n\t\t\t\t\t<h2 class=\"elementor-heading-title elementor-size-default\">Pluie et vent sur la route du ferry.<\/h2>\t\t\t\t<\/div>\n\t\t\t\t<\/div>\n\t\t\t\t<div class=\"elementor-element elementor-element-5efacea1 elementor-widget elementor-widget-text-editor\" data-id=\"5efacea1\" data-element_type=\"widget\" data-e-type=\"widget\" data-widget_type=\"text-editor.default\">\n\t\t\t\t<div class=\"elementor-widget-container\">\n\t\t\t\t\t\t\t\t\t<p>Les nuages color\u00e9s sur la carte indiquent les zones de pluie. Les fl\u00e8ches montrent la direction du vent, vous permettant de savoir quel temps arrive. Zoomez pour voir la m\u00e9t\u00e9o dans d&rsquo;autres r\u00e9gions \u00e9galement.<\/p>\t\t\t\t\t\t\t\t<\/div>\n\t\t\t\t<\/div>\n\t\t\t\t<div class=\"elementor-element elementor-element-730f5178 elementor-widget elementor-widget-html\" data-id=\"730f5178\" data-element_type=\"widget\" data-e-type=\"widget\" data-widget_type=\"html.default\">\n\t\t\t\t<div class=\"elementor-widget-container\">\n\t\t\t\t\t<iframe width=\"800\" height=\"550\" src=\"https:\/\/embed.windy.com\/embed2.html?lat=51.021&lon=1.121&detailLat=51.035&detailLon=2.377&width=650&height=450&zoom=10&level=surface&overlay=rain&product=ecmwf&menu=&message=true&marker=&calendar=now&pressure=&type=map&location=coordinates&detail=&metricWind=default&metricTemp=default&radarRange=-1\" frameborder=\"0\"><\/iframe>\t\t\t\t<\/div>\n\t\t\t\t<\/div>\n\t\t\t\t<div class=\"elementor-element elementor-element-203fc02c elementor-widget elementor-widget-heading\" data-id=\"203fc02c\" data-element_type=\"widget\" data-e-type=\"widget\" data-widget_type=\"heading.default\">\n\t\t\t\t<div class=\"elementor-widget-container\">\n\t\t\t\t\t<h2 class=\"elementor-heading-title elementor-size-default\">Les vagues lors de la travers\u00e9e.<\/h2>\t\t\t\t<\/div>\n\t\t\t\t<\/div>\n\t\t\t\t<div class=\"elementor-element elementor-element-1fa15fd8 elementor-widget elementor-widget-text-editor\" data-id=\"1fa15fd8\" data-element_type=\"widget\" data-e-type=\"widget\" data-widget_type=\"text-editor.default\">\n\t\t\t\t<div class=\"elementor-widget-container\">\n\t\t\t\t\t\t\t\t\t<div class=\"flex-shrink-0 flex flex-col relative items-end\"><div class=\"pt-0.5 juice:pt-0\"><div class=\"gizmo-bot-avatar flex h-6 w-6 items-center justify-center overflow-hidden rounded-full juice:h-8 juice:w-8\"><div class=\"relative p-1 rounded-sm flex items-center justify-center bg-token-main-surface-primary text-token-text-primary h-8 w-8\">Les zones de couleur violette et rouge sur la carte indiquent des eaux agit\u00e9es. Pr\u00e9parez-vous \u00e0 d&rsquo;\u00e9ventuelles naus\u00e9es si vous voyez ces indications et prenez vos pr\u00e9cautions pour \u00e9viter le mal de mer.<\/div><\/div><\/div><\/div>\t\t\t\t\t\t\t\t<\/div>\n\t\t\t\t<\/div>\n\t\t\t\t<div class=\"elementor-element elementor-element-2dab9ee7 elementor-widget elementor-widget-html\" data-id=\"2dab9ee7\" data-element_type=\"widget\" data-e-type=\"widget\" data-widget_type=\"html.default\">\n\t\t\t\t<div class=\"elementor-widget-container\">\n\t\t\t\t\t<iframe width=\"800\" height=\"550\" src=\"https:\/\/embed.windy.com\/embed2.html?lat=51.021&lon=1.121&detailLat=51.035&detailLon=2.377&width=650&height=450&zoom=10&level=surface&overlay=waves&product=ecmwfWaves&menu=&message=true&marker=&calendar=now&pressure=&type=map&location=coordinates&detail=&metricWind=default&metricTemp=default&radarRange=-1\" frameborder=\"0\"><\/iframe>\t\t\t\t<\/div>\n\t\t\t\t<\/div>\n\t\t\t\t\t<\/div>\n\t\t<\/div>\n\t\t\t\t\t<\/div>\n\t\t<\/section>\n\t\t\t\t<\/div>\n\t\t","protected":false},"excerpt":{"rendered":"<p>Billets et Tarifs M\u00e9t\u00e9o Dunkerque &#8211; Douvres Le vent, la m\u00e9t\u00e9o, les vagues et les temp\u00eates lors de la travers\u00e9e de Dunkerque \u00e0 Douvres. N&rsquo;oubliez pas de mettre cette page en favori pour la retrouver facilement. \ud83d\udca1 Appuyez simplement sur CTRL + D. Ainsi, vous pourrez consulter les informations juste avant votre d\u00e9part. &times; Gr\u00e2ce [&hellip;]<\/p>\n","protected":false},"author":2,"featured_media":0,"parent":0,"menu_order":0,"comment_status":"closed","ping_status":"closed","template":"elementor_header_footer","meta":{"footnotes":""},"class_list":["post-86","page","type-page","status-publish","hentry"],"yoast_head":"<!-- This site is optimized with the Yoast SEO plugin v27.2 - https:\/\/yoast.com\/product\/yoast-seo-wordpress\/ -->\n<title>M\u00e9t\u00e9o - Dunkerque Douvres Ferry<\/title>\n<meta name=\"description\" content=\"Obtenez les pr\u00e9visions m\u00e9t\u00e9o pour votre travers\u00e9e Dunkerque-Douvres. Pr\u00e9parez votre voyage avec des informations m\u00e9t\u00e9orologiques fiables.&quot;\" \/>\n<meta name=\"robots\" content=\"index, follow, max-snippet:-1, max-image-preview:large, max-video-preview:-1\" \/>\n<link rel=\"canonical\" href=\"https:\/\/dover-dunkirk.com\/fr\/meteo\/\" \/>\n<meta property=\"og:locale\" content=\"fr_FR\" \/>\n<meta property=\"og:type\" content=\"article\" \/>\n<meta property=\"og:title\" content=\"M\u00e9t\u00e9o - Dunkerque Douvres Ferry\" \/>\n<meta property=\"og:description\" content=\"Obtenez les pr\u00e9visions m\u00e9t\u00e9o pour votre travers\u00e9e Dunkerque-Douvres. Pr\u00e9parez votre voyage avec des informations m\u00e9t\u00e9orologiques fiables.&quot;\" \/>\n<meta property=\"og:url\" content=\"https:\/\/dover-dunkirk.com\/fr\/meteo\/\" \/>\n<meta property=\"og:site_name\" content=\"Dunkerque Douvres Ferry\" \/>\n<meta property=\"article:modified_time\" content=\"2025-01-10T09:24:09+00:00\" \/>\n<meta name=\"twitter:card\" content=\"summary_large_image\" \/>\n<meta name=\"twitter:label1\" content=\"Dur\u00e9e de lecture estim\u00e9e\" \/>\n\t<meta name=\"twitter:data1\" content=\"1 minute\" \/>\n<script type=\"application\/ld+json\" class=\"yoast-schema-graph\">{\"@context\":\"https:\/\/schema.org\",\"@graph\":[{\"@type\":\"WebPage\",\"@id\":\"https:\/\/dover-dunkirk.com\/fr\/meteo\/\",\"url\":\"https:\/\/dover-dunkirk.com\/fr\/meteo\/\",\"name\":\"M\u00e9t\u00e9o - Dunkerque Douvres Ferry\",\"isPartOf\":{\"@id\":\"https:\/\/dover-dunkirk.com\/fr\/#website\"},\"datePublished\":\"2025-01-09T12:56:55+00:00\",\"dateModified\":\"2025-01-10T09:24:09+00:00\",\"description\":\"Obtenez les pr\u00e9visions m\u00e9t\u00e9o pour votre travers\u00e9e Dunkerque-Douvres. Pr\u00e9parez votre voyage avec des informations m\u00e9t\u00e9orologiques fiables.\\\"\",\"breadcrumb\":{\"@id\":\"https:\/\/dover-dunkirk.com\/fr\/meteo\/#breadcrumb\"},\"inLanguage\":\"fr-FR\",\"potentialAction\":[{\"@type\":\"ReadAction\",\"target\":[\"https:\/\/dover-dunkirk.com\/fr\/meteo\/\"]}]},{\"@type\":\"BreadcrumbList\",\"@id\":\"https:\/\/dover-dunkirk.com\/fr\/meteo\/#breadcrumb\",\"itemListElement\":[{\"@type\":\"ListItem\",\"position\":1,\"name\":\"Home\",\"item\":\"https:\/\/dover-dunkirk.com\/fr\/\"},{\"@type\":\"ListItem\",\"position\":2,\"name\":\"M\u00e9t\u00e9o\"}]},{\"@type\":\"WebSite\",\"@id\":\"https:\/\/dover-dunkirk.com\/fr\/#website\",\"url\":\"https:\/\/dover-dunkirk.com\/fr\/\",\"name\":\"Dunkerque Douvres Ferry\",\"description\":\"De Dunkerque \u00e0 Douvres\",\"publisher\":{\"@id\":\"https:\/\/dover-dunkirk.com\/fr\/#organization\"},\"potentialAction\":[{\"@type\":\"SearchAction\",\"target\":{\"@type\":\"EntryPoint\",\"urlTemplate\":\"https:\/\/dover-dunkirk.com\/fr\/?s={search_term_string}\"},\"query-input\":{\"@type\":\"PropertyValueSpecification\",\"valueRequired\":true,\"valueName\":\"search_term_string\"}}],\"inLanguage\":\"fr-FR\"},{\"@type\":\"Organization\",\"@id\":\"https:\/\/dover-dunkirk.com\/fr\/#organization\",\"name\":\"Dunkerque Douvres Ferry\",\"url\":\"https:\/\/dover-dunkirk.com\/fr\/\",\"logo\":{\"@type\":\"ImageObject\",\"inLanguage\":\"fr-FR\",\"@id\":\"https:\/\/dover-dunkirk.com\/fr\/#\/schema\/logo\/image\/\",\"url\":\"https:\/\/dover-dunkirk.com\/fr\/wp-content\/uploads\/sites\/4\/2025\/01\/cropped-D.png\",\"contentUrl\":\"https:\/\/dover-dunkirk.com\/fr\/wp-content\/uploads\/sites\/4\/2025\/01\/cropped-D.png\",\"width\":512,\"height\":512,\"caption\":\"Dunkerque Douvres Ferry\"},\"image\":{\"@id\":\"https:\/\/dover-dunkirk.com\/fr\/#\/schema\/logo\/image\/\"}}]}<\/script>\n<!-- \/ Yoast SEO plugin. -->","yoast_head_json":{"title":"M\u00e9t\u00e9o - Dunkerque Douvres Ferry","description":"Obtenez les pr\u00e9visions m\u00e9t\u00e9o pour votre travers\u00e9e Dunkerque-Douvres. Pr\u00e9parez votre voyage avec des informations m\u00e9t\u00e9orologiques fiables.\"","robots":{"index":"index","follow":"follow","max-snippet":"max-snippet:-1","max-image-preview":"max-image-preview:large","max-video-preview":"max-video-preview:-1"},"canonical":"https:\/\/dover-dunkirk.com\/fr\/meteo\/","og_locale":"fr_FR","og_type":"article","og_title":"M\u00e9t\u00e9o - Dunkerque Douvres Ferry","og_description":"Obtenez les pr\u00e9visions m\u00e9t\u00e9o pour votre travers\u00e9e Dunkerque-Douvres. Pr\u00e9parez votre voyage avec des informations m\u00e9t\u00e9orologiques fiables.\"","og_url":"https:\/\/dover-dunkirk.com\/fr\/meteo\/","og_site_name":"Dunkerque Douvres Ferry","article_modified_time":"2025-01-10T09:24:09+00:00","twitter_card":"summary_large_image","twitter_misc":{"Dur\u00e9e de lecture estim\u00e9e":"1 minute"},"schema":{"@context":"https:\/\/schema.org","@graph":[{"@type":"WebPage","@id":"https:\/\/dover-dunkirk.com\/fr\/meteo\/","url":"https:\/\/dover-dunkirk.com\/fr\/meteo\/","name":"M\u00e9t\u00e9o - Dunkerque Douvres Ferry","isPartOf":{"@id":"https:\/\/dover-dunkirk.com\/fr\/#website"},"datePublished":"2025-01-09T12:56:55+00:00","dateModified":"2025-01-10T09:24:09+00:00","description":"Obtenez les pr\u00e9visions m\u00e9t\u00e9o pour votre travers\u00e9e Dunkerque-Douvres. Pr\u00e9parez votre voyage avec des informations m\u00e9t\u00e9orologiques fiables.\"","breadcrumb":{"@id":"https:\/\/dover-dunkirk.com\/fr\/meteo\/#breadcrumb"},"inLanguage":"fr-FR","potentialAction":[{"@type":"ReadAction","target":["https:\/\/dover-dunkirk.com\/fr\/meteo\/"]}]},{"@type":"BreadcrumbList","@id":"https:\/\/dover-dunkirk.com\/fr\/meteo\/#breadcrumb","itemListElement":[{"@type":"ListItem","position":1,"name":"Home","item":"https:\/\/dover-dunkirk.com\/fr\/"},{"@type":"ListItem","position":2,"name":"M\u00e9t\u00e9o"}]},{"@type":"WebSite","@id":"https:\/\/dover-dunkirk.com\/fr\/#website","url":"https:\/\/dover-dunkirk.com\/fr\/","name":"Dunkerque Douvres Ferry","description":"De Dunkerque \u00e0 Douvres","publisher":{"@id":"https:\/\/dover-dunkirk.com\/fr\/#organization"},"potentialAction":[{"@type":"SearchAction","target":{"@type":"EntryPoint","urlTemplate":"https:\/\/dover-dunkirk.com\/fr\/?s={search_term_string}"},"query-input":{"@type":"PropertyValueSpecification","valueRequired":true,"valueName":"search_term_string"}}],"inLanguage":"fr-FR"},{"@type":"Organization","@id":"https:\/\/dover-dunkirk.com\/fr\/#organization","name":"Dunkerque Douvres Ferry","url":"https:\/\/dover-dunkirk.com\/fr\/","logo":{"@type":"ImageObject","inLanguage":"fr-FR","@id":"https:\/\/dover-dunkirk.com\/fr\/#\/schema\/logo\/image\/","url":"https:\/\/dover-dunkirk.com\/fr\/wp-content\/uploads\/sites\/4\/2025\/01\/cropped-D.png","contentUrl":"https:\/\/dover-dunkirk.com\/fr\/wp-content\/uploads\/sites\/4\/2025\/01\/cropped-D.png","width":512,"height":512,"caption":"Dunkerque Douvres Ferry"},"image":{"@id":"https:\/\/dover-dunkirk.com\/fr\/#\/schema\/logo\/image\/"}}]}},"_links":{"self":[{"href":"https:\/\/dover-dunkirk.com\/fr\/wp-json\/wp\/v2\/pages\/86","targetHints":{"allow":["GET"]}}],"collection":[{"href":"https:\/\/dover-dunkirk.com\/fr\/wp-json\/wp\/v2\/pages"}],"about":[{"href":"https:\/\/dover-dunkirk.com\/fr\/wp-json\/wp\/v2\/types\/page"}],"author":[{"embeddable":true,"href":"https:\/\/dover-dunkirk.com\/fr\/wp-json\/wp\/v2\/users\/2"}],"replies":[{"embeddable":true,"href":"https:\/\/dover-dunkirk.com\/fr\/wp-json\/wp\/v2\/comments?post=86"}],"version-history":[{"count":8,"href":"https:\/\/dover-dunkirk.com\/fr\/wp-json\/wp\/v2\/pages\/86\/revisions"}],"predecessor-version":[{"id":158,"href":"https:\/\/dover-dunkirk.com\/fr\/wp-json\/wp\/v2\/pages\/86\/revisions\/158"}],"wp:attachment":[{"href":"https:\/\/dover-dunkirk.com\/fr\/wp-json\/wp\/v2\/media?parent=86"}],"curies":[{"name":"wp","href":"https:\/\/api.w.org\/{rel}","templated":true}]}}