{"id":89,"date":"2025-01-09T12:56:55","date_gmt":"2025-01-09T12:56:55","guid":{"rendered":"https:\/\/dover-dunkirk.com\/fr\/vaartijden\/"},"modified":"2025-01-10T09:22:09","modified_gmt":"2025-01-10T09:22:09","slug":"horaires-des-traversees","status":"publish","type":"page","link":"https:\/\/dover-dunkirk.com\/fr\/horaires-des-traversees\/","title":{"rendered":"Horaires des Travers\u00e9es"},"content":{"rendered":"\t\t<div data-elementor-type=\"wp-post\" data-elementor-id=\"89\" class=\"elementor elementor-89\" data-elementor-post-type=\"page\">\n\t\t\t\t\t\t<section class=\"elementor-section elementor-top-section elementor-element elementor-element-375c2a06 elementor-section-boxed elementor-section-height-default elementor-section-height-default\" data-id=\"375c2a06\" data-element_type=\"section\" data-e-type=\"section\" data-settings=\"{&quot;background_background&quot;:&quot;gradient&quot;,&quot;sticky&quot;:&quot;top&quot;,&quot;sticky_on&quot;:[&quot;desktop&quot;,&quot;tablet&quot;,&quot;mobile&quot;],&quot;sticky_offset&quot;:0,&quot;sticky_effects_offset&quot;:0,&quot;sticky_anchor_link_offset&quot;:0}\">\n\t\t\t\t\t\t<div class=\"elementor-container elementor-column-gap-default\">\n\t\t\t\t\t<div class=\"elementor-column elementor-col-50 elementor-top-column elementor-element elementor-element-20575c63\" data-id=\"20575c63\" data-element_type=\"column\" data-e-type=\"column\">\n\t\t\t<div class=\"elementor-widget-wrap elementor-element-populated\">\n\t\t\t\t\t\t<div class=\"elementor-element elementor-element-712a2a09 elementor-widget elementor-widget-breadcrumbs\" data-id=\"712a2a09\" data-element_type=\"widget\" data-e-type=\"widget\" data-widget_type=\"breadcrumbs.default\">\n\t\t\t\t<div class=\"elementor-widget-container\">\n\t\t\t\t\t<p id=\"breadcrumbs\"><span><span><a href=\"https:\/\/dover-dunkirk.com\/fr\/\">Home<\/a><\/span><\/span><\/p>\t\t\t\t<\/div>\n\t\t\t\t<\/div>\n\t\t\t\t\t<\/div>\n\t\t<\/div>\n\t\t\t\t<div class=\"elementor-column elementor-col-50 elementor-top-column elementor-element elementor-element-688fbb7d\" data-id=\"688fbb7d\" data-element_type=\"column\" data-e-type=\"column\">\n\t\t\t<div class=\"elementor-widget-wrap elementor-element-populated\">\n\t\t\t\t\t\t<div class=\"elementor-element elementor-element-6d84856d elementor-align-right elementor-mobile-align-center elementor-widget elementor-widget-button\" data-id=\"6d84856d\" data-element_type=\"widget\" data-e-type=\"widget\" data-settings=\"{&quot;sticky&quot;:&quot;top&quot;,&quot;sticky_on&quot;:[&quot;mobile&quot;],&quot;sticky_offset&quot;:8,&quot;sticky_effects_offset_mobile&quot;:0,&quot;_animation_mobile&quot;:&quot;fadeIn&quot;,&quot;sticky_effects_offset&quot;:0,&quot;sticky_anchor_link_offset&quot;:0}\" data-widget_type=\"button.default\">\n\t\t\t\t<div class=\"elementor-widget-container\">\n\t\t\t\t\t\t\t\t\t<div class=\"elementor-button-wrapper\">\n\t\t\t\t\t<a class=\"elementor-button elementor-button-link elementor-size-md elementor-animation-shrink\" href=\"https:\/\/dover-dunkirk.com\/fr\/go\/duinkerken-dover\" target=\"_blank\">\n\t\t\t\t\t\t<span class=\"elementor-button-content-wrapper\">\n\t\t\t\t\t\t<span class=\"elementor-button-icon\">\n\t\t\t\t<svg aria-hidden=\"true\" class=\"e-font-icon-svg e-far-arrow-alt-circle-right\" viewBox=\"0 0 512 512\" xmlns=\"http:\/\/www.w3.org\/2000\/svg\"><path d=\"M504 256C504 119 393 8 256 8S8 119 8 256s111 248 248 248 248-111 248-248zm-448 0c0-110.5 89.5-200 200-200s200 89.5 200 200-89.5 200-200 200S56 366.5 56 256zm72 20v-40c0-6.6 5.4-12 12-12h116v-67c0-10.7 12.9-16 20.5-8.5l99 99c4.7 4.7 4.7 12.3 0 17l-99 99c-7.6 7.6-20.5 2.2-20.5-8.5v-67H140c-6.6 0-12-5.4-12-12z\"><\/path><\/svg>\t\t\t<\/span>\n\t\t\t\t\t\t\t\t\t<span class=\"elementor-button-text\">Billets et Tarifs<\/span>\n\t\t\t\t\t<\/span>\n\t\t\t\t\t<\/a>\n\t\t\t\t<\/div>\n\t\t\t\t\t\t\t\t<\/div>\n\t\t\t\t<\/div>\n\t\t\t\t\t<\/div>\n\t\t<\/div>\n\t\t\t\t\t<\/div>\n\t\t<\/section>\n\t\t\t\t<section class=\"elementor-section elementor-top-section elementor-element elementor-element-24ad4ffb elementor-section-boxed elementor-section-height-default elementor-section-height-default\" data-id=\"24ad4ffb\" data-element_type=\"section\" data-e-type=\"section\">\n\t\t\t\t\t\t\t<div class=\"elementor-background-overlay\"><\/div>\n\t\t\t\t\t\t\t<div class=\"elementor-container elementor-column-gap-default\">\n\t\t\t\t\t<div class=\"elementor-column elementor-col-50 elementor-top-column elementor-element elementor-element-a34701b\" data-id=\"a34701b\" data-element_type=\"column\" data-e-type=\"column\">\n\t\t\t<div class=\"elementor-widget-wrap elementor-element-populated\">\n\t\t\t\t\t\t<div class=\"elementor-element elementor-element-187d0439 elementor-widget elementor-widget-heading\" data-id=\"187d0439\" data-element_type=\"widget\" data-e-type=\"widget\" data-widget_type=\"heading.default\">\n\t\t\t\t<div class=\"elementor-widget-container\">\n\t\t\t\t\t<h1 class=\"elementor-heading-title elementor-size-default\">Horaires Dunkerque - Douvres<\/h1>\t\t\t\t<\/div>\n\t\t\t\t<\/div>\n\t\t\t\t<section class=\"elementor-section elementor-inner-section elementor-element elementor-element-6064aab6 elementor-section-boxed elementor-section-height-default elementor-section-height-default\" data-id=\"6064aab6\" data-element_type=\"section\" data-e-type=\"section\">\n\t\t\t\t\t\t<div class=\"elementor-container elementor-column-gap-default\">\n\t\t\t\t\t<div class=\"elementor-column elementor-col-100 elementor-inner-column elementor-element elementor-element-51d0fa9d\" data-id=\"51d0fa9d\" data-element_type=\"column\" data-e-type=\"column\">\n\t\t\t<div class=\"elementor-widget-wrap elementor-element-populated\">\n\t\t\t\t\t\t<div class=\"elementor-element elementor-element-70ab0e43 elementor-widget elementor-widget-heading\" data-id=\"70ab0e43\" data-element_type=\"widget\" data-e-type=\"widget\" data-widget_type=\"heading.default\">\n\t\t\t\t<div class=\"elementor-widget-container\">\n\t\t\t\t\t<h3 class=\"elementor-heading-title elementor-size-default\">Horaires de travers\u00e9e Dunkerque \u27a8 Douvres<\/h3>\t\t\t\t<\/div>\n\t\t\t\t<\/div>\n\t\t\t\t<div class=\"elementor-element elementor-element-e0a1eec elementor-widget__width-initial elementor-widget elementor-widget-text-editor\" data-id=\"e0a1eec\" data-element_type=\"widget\" data-e-type=\"widget\" data-widget_type=\"text-editor.default\">\n\t\t\t\t<div class=\"elementor-widget-container\">\n\t\t\t\t\t\t\t\t\t<p style=\"font-size: 20px; text-align: left; letter-spacing: -0.27px;\">Les travers\u00e9es sont affich\u00e9es en heure locale. Cela signifie que les horaires de d\u00e9part depuis Dunkerque sont indiqu\u00e9s selon l&rsquo;heure locale fran\u00e7aise. La travers\u00e9e de Dunkerque \u00e0 Douvres dure 2 heures, mais en raison du d\u00e9calage horaire, il semble que le voyage ne dure qu&rsquo;une heure. Si vous partez de Douvres,<strong> la travers\u00e9e dure \u00e9galement 2 heures<\/strong>, mais \u00e0 cause du d\u00e9calage avec l&rsquo;Angleterre, il para\u00eet durer 3 heures sur l&rsquo;horloge.<\/p><table id=\"footable_277\" class=\"foo-table ninja_footable foo_table_277 ninja_table_unique_id_119636419_277 ui table nt_type_legacy_table single line fixed striped vertical_centered footable-paging-right ninja_table_search_disabled ninja_table_pro footable footable-1 footable-paging breakpoint-lg\" data-ninja_table_instance=\"ninja_table_instance_0\" data-footable_id=\"277\" data-filter-delay=\"1000\" aria-label=\"Duinkerken-Dover vaarschema\" data-unique_identifier=\"ninja_table_unique_id_119636419_277\"><thead><tr class=\"footable-header\"><th class=\"ninja_column_0 ninja_clmn_nm_vertrek footable-first-visible\" scope=\"col\">D\u00e9part<\/th><th class=\"ninja_column_1 ninja_clmn_nm_aankomst\" scope=\"col\">Arriv\u00e9e<\/th><th class=\"ninja_column_2 ninja_clmn_nm_check_in_uiterlijk footable-last-visible\" scope=\"col\">Dernier d\u00e9lai d&rsquo;enregistrement<\/th><\/tr><\/thead><tbody><tr class=\"ninja_table_row_0 nt_row_id_21\" data-row_id=\"21\"><td class=\"ninja_column_0 ninja_clmn_nm_vertrek footable-first-visible\">04:00<\/td><td class=\"ninja_column_1 ninja_clmn_nm_aankomst\">05:00<\/td><td class=\"ninja_column_2 ninja_clmn_nm_check_in_uiterlijk footable-last-visible\">03:00<\/td><\/tr><tr class=\"ninja_table_row_1 nt_row_id_22\" data-row_id=\"22\"><td class=\"ninja_column_0 ninja_clmn_nm_vertrek footable-first-visible\">06:00<\/td><td class=\"ninja_column_1 ninja_clmn_nm_aankomst\">07:00<\/td><td class=\"ninja_column_2 ninja_clmn_nm_check_in_uiterlijk footable-last-visible\">05:00<\/td><\/tr><tr class=\"ninja_table_row_2 nt_row_id_23\" data-row_id=\"23\"><td class=\"ninja_column_0 ninja_clmn_nm_vertrek footable-first-visible\">08:00<\/td><td class=\"ninja_column_1 ninja_clmn_nm_aankomst\">09:00<\/td><td class=\"ninja_column_2 ninja_clmn_nm_check_in_uiterlijk footable-last-visible\">07:00<\/td><\/tr><tr class=\"ninja_table_row_3 nt_row_id_24\" data-row_id=\"24\"><td class=\"ninja_column_0 ninja_clmn_nm_vertrek footable-first-visible\">10:00<\/td><td class=\"ninja_column_1 ninja_clmn_nm_aankomst\">11:00<\/td><td class=\"ninja_column_2 ninja_clmn_nm_check_in_uiterlijk footable-last-visible\">09:00<\/td><\/tr><tr class=\"ninja_table_row_4 nt_row_id_25\" data-row_id=\"25\"><td class=\"ninja_column_0 ninja_clmn_nm_vertrek footable-first-visible\">12:00<\/td><td class=\"ninja_column_1 ninja_clmn_nm_aankomst\">13:00<\/td><td class=\"ninja_column_2 ninja_clmn_nm_check_in_uiterlijk footable-last-visible\">11:00<\/td><\/tr><tr class=\"ninja_table_row_5 nt_row_id_26\" data-row_id=\"26\"><td class=\"ninja_column_0 ninja_clmn_nm_vertrek footable-first-visible\">14:00<\/td><td class=\"ninja_column_1 ninja_clmn_nm_aankomst\">15:00<\/td><td class=\"ninja_column_2 ninja_clmn_nm_check_in_uiterlijk footable-last-visible\">13:00<\/td><\/tr><tr class=\"ninja_table_row_6 nt_row_id_27\" data-row_id=\"27\"><td class=\"ninja_column_0 ninja_clmn_nm_vertrek footable-first-visible\">16:00<\/td><td class=\"ninja_column_1 ninja_clmn_nm_aankomst\">17:00<\/td><td class=\"ninja_column_2 ninja_clmn_nm_check_in_uiterlijk footable-last-visible\">15:00<\/td><\/tr><tr class=\"ninja_table_row_7 nt_row_id_28\" data-row_id=\"28\"><td class=\"ninja_column_0 ninja_clmn_nm_vertrek footable-first-visible\">18:00<\/td><td class=\"ninja_column_1 ninja_clmn_nm_aankomst\">19:00<\/td><td class=\"ninja_column_2 ninja_clmn_nm_check_in_uiterlijk footable-last-visible\">17:00<\/td><\/tr><tr class=\"ninja_table_row_8 nt_row_id_29\" data-row_id=\"29\"><td class=\"ninja_column_0 ninja_clmn_nm_vertrek footable-first-visible\">20:00<\/td><td class=\"ninja_column_1 ninja_clmn_nm_aankomst\">21:00<\/td><td class=\"ninja_column_2 ninja_clmn_nm_check_in_uiterlijk footable-last-visible\">19:00<\/td><\/tr><tr class=\"ninja_table_row_9 nt_row_id_30\" data-row_id=\"30\"><td class=\"ninja_column_0 ninja_clmn_nm_vertrek footable-first-visible\">23:59<\/td><td class=\"ninja_column_1 ninja_clmn_nm_aankomst\">00:59<\/td><td class=\"ninja_column_2 ninja_clmn_nm_check_in_uiterlijk footable-last-visible\">22:59<\/td><\/tr><\/tbody><\/table>\t\t\t\t\t\t\t\t<\/div>\n\t\t\t\t<\/div>\n\t\t\t\t\t<\/div>\n\t\t<\/div>\n\t\t\t\t\t<\/div>\n\t\t<\/section>\n\t\t\t\t<div class=\"elementor-element elementor-element-32ebc6a4 elementor-widget elementor-widget-heading\" data-id=\"32ebc6a4\" data-element_type=\"widget\" data-e-type=\"widget\" data-widget_type=\"heading.default\">\n\t\t\t\t<div class=\"elementor-widget-container\">\n\t\t\t\t\t<h3 class=\"elementor-heading-title elementor-size-default\">Douvres \u27a8 Dunkerque<\/h3>\t\t\t\t<\/div>\n\t\t\t\t<\/div>\n\t\t\t\t<div class=\"elementor-element elementor-element-4b42412d elementor-widget elementor-widget-text-editor\" data-id=\"4b42412d\" data-element_type=\"widget\" data-e-type=\"widget\" data-widget_type=\"text-editor.default\">\n\t\t\t\t<div class=\"elementor-widget-container\">\n\t\t\t\t\t\t\t\t\t<p>Les travers\u00e9es de Dunkerque \u00e0 Douvres durent en principe le m\u00eame temps \u2013 cependant, \u00e0 cause du d\u00e9calage horaire, il semble que le trajet de la France vers l&rsquo;Angleterre ne dure qu&rsquo;une heure, tandis que le retour donne l&rsquo;impression de durer 3 heures. Dans les deux cas, il s&rsquo;agit d&rsquo;une travers\u00e9e de 2 heures, mais l&rsquo;effet est fauss\u00e9 par le changement d&rsquo;heure entre les deux pays.<\/p><table id=\"footable_284\" class=\"foo-table ninja_footable foo_table_284 ninja_table_unique_id_301392751_284 ui table nt_type_legacy_table single line fixed striped vertical_centered footable-paging-right ninja_table_search_disabled ninja_table_pro footable footable-2 footable-paging breakpoint-lg\" data-ninja_table_instance=\"ninja_table_instance_1\" data-footable_id=\"284\" data-filter-delay=\"1000\" aria-label=\"Dover - Duinkerken vaarschema\" data-unique_identifier=\"ninja_table_unique_id_301392751_284\"><colgroup> <col class=\"ninja_column_0 \" \/> <col class=\"ninja_column_1 \" \/> <col class=\"ninja_column_2 \" \/><\/colgroup><thead><tr class=\"footable-header\"><th class=\"ninja_column_0 ninja_clmn_nm_vertrek footable-first-visible\" scope=\"col\">D\u00e9part<\/th><th class=\"ninja_column_1 ninja_clmn_nm_aankomst\" scope=\"col\">Arriv\u00e9e<\/th><th class=\"ninja_column_2 ninja_clmn_nm_check_in_uiterlijk footable-last-visible\" scope=\"col\">Dernier d\u00e9lai d&rsquo;enregistrement<\/th><\/tr><\/thead><tbody><tr class=\"ninja_table_row_0 nt_row_id_31\" data-row_id=\"31\"><td class=\"ninja_column_0 ninja_clmn_nm_vertrek footable-first-visible\">02:00<\/td><td class=\"ninja_column_1 ninja_clmn_nm_aankomst\">05:00<\/td><td class=\"ninja_column_2 ninja_clmn_nm_check_in_uiterlijk footable-last-visible\">01:00<\/td><\/tr><tr class=\"ninja_table_row_1 nt_row_id_32\" data-row_id=\"32\"><td class=\"ninja_column_0 ninja_clmn_nm_vertrek footable-first-visible\">06:00<\/td><td class=\"ninja_column_1 ninja_clmn_nm_aankomst\">09:00<\/td><td class=\"ninja_column_2 ninja_clmn_nm_check_in_uiterlijk footable-last-visible\">05:00<\/td><\/tr><tr class=\"ninja_table_row_2 nt_row_id_33\" data-row_id=\"33\"><td class=\"ninja_column_0 ninja_clmn_nm_vertrek footable-first-visible\">08:00<\/td><td class=\"ninja_column_1 ninja_clmn_nm_aankomst\">11:00<\/td><td class=\"ninja_column_2 ninja_clmn_nm_check_in_uiterlijk footable-last-visible\">07:00<\/td><\/tr><tr class=\"ninja_table_row_3 nt_row_id_34\" data-row_id=\"34\"><td class=\"ninja_column_0 ninja_clmn_nm_vertrek footable-first-visible\">10:00<\/td><td class=\"ninja_column_1 ninja_clmn_nm_aankomst\">13:00<\/td><td class=\"ninja_column_2 ninja_clmn_nm_check_in_uiterlijk footable-last-visible\">09:00<\/td><\/tr><tr class=\"ninja_table_row_4 nt_row_id_35\" data-row_id=\"35\"><td class=\"ninja_column_0 ninja_clmn_nm_vertrek footable-first-visible\">12:00<\/td><td class=\"ninja_column_1 ninja_clmn_nm_aankomst\">15:00<\/td><td class=\"ninja_column_2 ninja_clmn_nm_check_in_uiterlijk footable-last-visible\">11:00<\/td><\/tr><tr class=\"ninja_table_row_5 nt_row_id_36\" data-row_id=\"36\"><td class=\"ninja_column_0 ninja_clmn_nm_vertrek footable-first-visible\">14:00<\/td><td class=\"ninja_column_1 ninja_clmn_nm_aankomst\">17:00<\/td><td class=\"ninja_column_2 ninja_clmn_nm_check_in_uiterlijk footable-last-visible\">13:00<\/td><\/tr><tr class=\"ninja_table_row_6 nt_row_id_37\" data-row_id=\"37\"><td class=\"ninja_column_0 ninja_clmn_nm_vertrek footable-first-visible\">16:00<\/td><td class=\"ninja_column_1 ninja_clmn_nm_aankomst\">19:00<\/td><td class=\"ninja_column_2 ninja_clmn_nm_check_in_uiterlijk footable-last-visible\">15:00<\/td><\/tr><tr class=\"ninja_table_row_7 nt_row_id_38\" data-row_id=\"38\"><td class=\"ninja_column_0 ninja_clmn_nm_vertrek footable-first-visible\">18:00<\/td><td class=\"ninja_column_1 ninja_clmn_nm_aankomst\">21:00<\/td><td class=\"ninja_column_2 ninja_clmn_nm_check_in_uiterlijk footable-last-visible\">17:00<\/td><\/tr><tr class=\"ninja_table_row_8 nt_row_id_39\" data-row_id=\"39\"><td class=\"ninja_column_0 ninja_clmn_nm_vertrek footable-first-visible\">20:00<\/td><td class=\"ninja_column_1 ninja_clmn_nm_aankomst\">23:00<\/td><td class=\"ninja_column_2 ninja_clmn_nm_check_in_uiterlijk footable-last-visible\">19:00<\/td><\/tr><tr class=\"ninja_table_row_9 nt_row_id_40\" data-row_id=\"40\"><td class=\"ninja_column_0 ninja_clmn_nm_vertrek footable-first-visible\">22:00<\/td><td class=\"ninja_column_1 ninja_clmn_nm_aankomst\">01:00<\/td><td class=\"ninja_column_2 ninja_clmn_nm_check_in_uiterlijk footable-last-visible\">21:00<\/td><\/tr><\/tbody><\/table>\t\t\t\t\t\t\t\t<\/div>\n\t\t\t\t<\/div>\n\t\t\t\t<div class=\"elementor-element elementor-element-76ac89ab elementor-widget elementor-widget-text-editor\" data-id=\"76ac89ab\" data-element_type=\"widget\" data-e-type=\"widget\" data-widget_type=\"text-editor.default\">\n\t\t\t\t<div class=\"elementor-widget-container\">\n\t\t\t\t\t\t\t\t\t<p>Si vous souhaitez conna\u00eetre les tarifs correspondant aux horaires de d\u00e9part dans ce tableau, nous vous recommandons de consulter <a href=\"https:\/\/dover-dunkirk.com\/fr\/reserver-dunkerque-douvres\/\">notre moteur de r\u00e9servation<\/a>.<\/p>\t\t\t\t\t\t\t\t<\/div>\n\t\t\t\t<\/div>\n\t\t\t\t\t<\/div>\n\t\t<\/div>\n\t\t\t\t<div class=\"elementor-column elementor-col-50 elementor-top-column elementor-element elementor-element-c88d062\" data-id=\"c88d062\" data-element_type=\"column\" data-e-type=\"column\">\n\t\t\t<div class=\"elementor-widget-wrap elementor-element-populated\">\n\t\t\t\t\t\t<div class=\"elementor-element elementor-element-651dd334 elementor-widget elementor-widget-text-editor\" data-id=\"651dd334\" data-element_type=\"widget\" data-e-type=\"widget\" data-settings=\"{&quot;sticky_parent&quot;:&quot;yes&quot;,&quot;sticky_offset&quot;:100,&quot;sticky&quot;:&quot;top&quot;,&quot;sticky_effects_offset&quot;:60,&quot;sticky_on&quot;:[&quot;desktop&quot;,&quot;tablet&quot;,&quot;mobile&quot;],&quot;sticky_anchor_link_offset&quot;:0}\" data-widget_type=\"text-editor.default\">\n\t\t\t\t<div class=\"elementor-widget-container\">\n\t\t\t\t\t\t\t\t\t<p><strong>Disponibilit\u00e9 et tarifs de la travers\u00e9e<\/strong><\/p><p>Les billets les moins chers se r\u00e9servent longtemps \u00e0 l&rsquo;avance. Consultez le calendrier de r\u00e9servation pour voir combien vous pouvez \u00e9conomiser selon le type de billet choisi. Les billets \u00ab\u00a0Economy\u00a0\u00bb sont les plus avantageux, mais offrent moins de flexibilit\u00e9 pour vos d\u00e9placements.<\/p><p><a href=\"https:\/\/dover-dunkirk.com\/fr\/go\/duinkerken-dover\" target=\"_blank\" rel=\"noopener\">Planifiez votre travers\u00e9e \u2b9e<\/a><\/p>\t\t\t\t\t\t\t\t<\/div>\n\t\t\t\t<\/div>\n\t\t\t\t\t<\/div>\n\t\t<\/div>\n\t\t\t\t\t<\/div>\n\t\t<\/section>\n\t\t\t\t<\/div>\n\t\t","protected":false},"excerpt":{"rendered":"<p>Billets et Tarifs Horaires Dunkerque &#8211; Douvres Horaires de travers\u00e9e Dunkerque \u27a8 Douvres Les travers\u00e9es sont affich\u00e9es en heure locale. Cela signifie que les horaires de d\u00e9part depuis Dunkerque sont indiqu\u00e9s selon l&rsquo;heure locale fran\u00e7aise. La travers\u00e9e de Dunkerque \u00e0 Douvres dure 2 heures, mais en raison du d\u00e9calage horaire, il semble que le voyage [&hellip;]<\/p>\n","protected":false},"author":2,"featured_media":0,"parent":0,"menu_order":0,"comment_status":"closed","ping_status":"closed","template":"elementor_header_footer","meta":{"footnotes":""},"class_list":["post-89","page","type-page","status-publish","hentry"],"yoast_head":"<!-- This site is optimized with the Yoast SEO plugin v27.2 - https:\/\/yoast.com\/product\/yoast-seo-wordpress\/ -->\n<title>Horaires des Travers\u00e9es - Dunkerque Douvres Ferry<\/title>\n<meta name=\"description\" content=\"Consultez les horaires des ferries Dunkerque-Douvres. Planifiez votre travers\u00e9e avec des horaires pr\u00e9cis et \u00e0 jour.\" \/>\n<meta name=\"robots\" content=\"index, follow, max-snippet:-1, max-image-preview:large, max-video-preview:-1\" \/>\n<link rel=\"canonical\" href=\"https:\/\/dover-dunkirk.com\/fr\/horaires-des-traversees\/\" \/>\n<meta property=\"og:locale\" content=\"fr_FR\" \/>\n<meta property=\"og:type\" content=\"article\" \/>\n<meta property=\"og:title\" content=\"Horaires des Travers\u00e9es - Dunkerque Douvres Ferry\" \/>\n<meta property=\"og:description\" content=\"Consultez les horaires des ferries Dunkerque-Douvres. Planifiez votre travers\u00e9e avec des horaires pr\u00e9cis et \u00e0 jour.\" \/>\n<meta property=\"og:url\" content=\"https:\/\/dover-dunkirk.com\/fr\/horaires-des-traversees\/\" \/>\n<meta property=\"og:site_name\" content=\"Dunkerque Douvres Ferry\" \/>\n<meta property=\"article:modified_time\" content=\"2025-01-10T09:22:09+00:00\" \/>\n<meta name=\"twitter:card\" content=\"summary_large_image\" \/>\n<meta name=\"twitter:label1\" content=\"Dur\u00e9e de lecture estim\u00e9e\" \/>\n\t<meta name=\"twitter:data1\" content=\"2 minutes\" \/>\n<script type=\"application\/ld+json\" class=\"yoast-schema-graph\">{\"@context\":\"https:\/\/schema.org\",\"@graph\":[{\"@type\":\"WebPage\",\"@id\":\"https:\/\/dover-dunkirk.com\/fr\/horaires-des-traversees\/\",\"url\":\"https:\/\/dover-dunkirk.com\/fr\/horaires-des-traversees\/\",\"name\":\"Horaires des Travers\u00e9es - Dunkerque Douvres Ferry\",\"isPartOf\":{\"@id\":\"https:\/\/dover-dunkirk.com\/fr\/#website\"},\"datePublished\":\"2025-01-09T12:56:55+00:00\",\"dateModified\":\"2025-01-10T09:22:09+00:00\",\"description\":\"Consultez les horaires des ferries Dunkerque-Douvres. Planifiez votre travers\u00e9e avec des horaires pr\u00e9cis et \u00e0 jour.\",\"breadcrumb\":{\"@id\":\"https:\/\/dover-dunkirk.com\/fr\/horaires-des-traversees\/#breadcrumb\"},\"inLanguage\":\"fr-FR\",\"potentialAction\":[{\"@type\":\"ReadAction\",\"target\":[\"https:\/\/dover-dunkirk.com\/fr\/horaires-des-traversees\/\"]}]},{\"@type\":\"BreadcrumbList\",\"@id\":\"https:\/\/dover-dunkirk.com\/fr\/horaires-des-traversees\/#breadcrumb\",\"itemListElement\":[{\"@type\":\"ListItem\",\"position\":1,\"name\":\"Home\",\"item\":\"https:\/\/dover-dunkirk.com\/fr\/\"},{\"@type\":\"ListItem\",\"position\":2,\"name\":\"Horaires des Travers\u00e9es\"}]},{\"@type\":\"WebSite\",\"@id\":\"https:\/\/dover-dunkirk.com\/fr\/#website\",\"url\":\"https:\/\/dover-dunkirk.com\/fr\/\",\"name\":\"Dunkerque Douvres Ferry\",\"description\":\"De Dunkerque \u00e0 Douvres\",\"publisher\":{\"@id\":\"https:\/\/dover-dunkirk.com\/fr\/#organization\"},\"potentialAction\":[{\"@type\":\"SearchAction\",\"target\":{\"@type\":\"EntryPoint\",\"urlTemplate\":\"https:\/\/dover-dunkirk.com\/fr\/?s={search_term_string}\"},\"query-input\":{\"@type\":\"PropertyValueSpecification\",\"valueRequired\":true,\"valueName\":\"search_term_string\"}}],\"inLanguage\":\"fr-FR\"},{\"@type\":\"Organization\",\"@id\":\"https:\/\/dover-dunkirk.com\/fr\/#organization\",\"name\":\"Dunkerque Douvres Ferry\",\"url\":\"https:\/\/dover-dunkirk.com\/fr\/\",\"logo\":{\"@type\":\"ImageObject\",\"inLanguage\":\"fr-FR\",\"@id\":\"https:\/\/dover-dunkirk.com\/fr\/#\/schema\/logo\/image\/\",\"url\":\"https:\/\/dover-dunkirk.com\/fr\/wp-content\/uploads\/sites\/4\/2025\/01\/cropped-D.png\",\"contentUrl\":\"https:\/\/dover-dunkirk.com\/fr\/wp-content\/uploads\/sites\/4\/2025\/01\/cropped-D.png\",\"width\":512,\"height\":512,\"caption\":\"Dunkerque Douvres Ferry\"},\"image\":{\"@id\":\"https:\/\/dover-dunkirk.com\/fr\/#\/schema\/logo\/image\/\"}}]}<\/script>\n<!-- \/ Yoast SEO plugin. -->","yoast_head_json":{"title":"Horaires des Travers\u00e9es - Dunkerque Douvres Ferry","description":"Consultez les horaires des ferries Dunkerque-Douvres. Planifiez votre travers\u00e9e avec des horaires pr\u00e9cis et \u00e0 jour.","robots":{"index":"index","follow":"follow","max-snippet":"max-snippet:-1","max-image-preview":"max-image-preview:large","max-video-preview":"max-video-preview:-1"},"canonical":"https:\/\/dover-dunkirk.com\/fr\/horaires-des-traversees\/","og_locale":"fr_FR","og_type":"article","og_title":"Horaires des Travers\u00e9es - Dunkerque Douvres Ferry","og_description":"Consultez les horaires des ferries Dunkerque-Douvres. Planifiez votre travers\u00e9e avec des horaires pr\u00e9cis et \u00e0 jour.","og_url":"https:\/\/dover-dunkirk.com\/fr\/horaires-des-traversees\/","og_site_name":"Dunkerque Douvres Ferry","article_modified_time":"2025-01-10T09:22:09+00:00","twitter_card":"summary_large_image","twitter_misc":{"Dur\u00e9e de lecture estim\u00e9e":"2 minutes"},"schema":{"@context":"https:\/\/schema.org","@graph":[{"@type":"WebPage","@id":"https:\/\/dover-dunkirk.com\/fr\/horaires-des-traversees\/","url":"https:\/\/dover-dunkirk.com\/fr\/horaires-des-traversees\/","name":"Horaires des Travers\u00e9es - Dunkerque Douvres Ferry","isPartOf":{"@id":"https:\/\/dover-dunkirk.com\/fr\/#website"},"datePublished":"2025-01-09T12:56:55+00:00","dateModified":"2025-01-10T09:22:09+00:00","description":"Consultez les horaires des ferries Dunkerque-Douvres. Planifiez votre travers\u00e9e avec des horaires pr\u00e9cis et \u00e0 jour.","breadcrumb":{"@id":"https:\/\/dover-dunkirk.com\/fr\/horaires-des-traversees\/#breadcrumb"},"inLanguage":"fr-FR","potentialAction":[{"@type":"ReadAction","target":["https:\/\/dover-dunkirk.com\/fr\/horaires-des-traversees\/"]}]},{"@type":"BreadcrumbList","@id":"https:\/\/dover-dunkirk.com\/fr\/horaires-des-traversees\/#breadcrumb","itemListElement":[{"@type":"ListItem","position":1,"name":"Home","item":"https:\/\/dover-dunkirk.com\/fr\/"},{"@type":"ListItem","position":2,"name":"Horaires des Travers\u00e9es"}]},{"@type":"WebSite","@id":"https:\/\/dover-dunkirk.com\/fr\/#website","url":"https:\/\/dover-dunkirk.com\/fr\/","name":"Dunkerque Douvres Ferry","description":"De Dunkerque \u00e0 Douvres","publisher":{"@id":"https:\/\/dover-dunkirk.com\/fr\/#organization"},"potentialAction":[{"@type":"SearchAction","target":{"@type":"EntryPoint","urlTemplate":"https:\/\/dover-dunkirk.com\/fr\/?s={search_term_string}"},"query-input":{"@type":"PropertyValueSpecification","valueRequired":true,"valueName":"search_term_string"}}],"inLanguage":"fr-FR"},{"@type":"Organization","@id":"https:\/\/dover-dunkirk.com\/fr\/#organization","name":"Dunkerque Douvres Ferry","url":"https:\/\/dover-dunkirk.com\/fr\/","logo":{"@type":"ImageObject","inLanguage":"fr-FR","@id":"https:\/\/dover-dunkirk.com\/fr\/#\/schema\/logo\/image\/","url":"https:\/\/dover-dunkirk.com\/fr\/wp-content\/uploads\/sites\/4\/2025\/01\/cropped-D.png","contentUrl":"https:\/\/dover-dunkirk.com\/fr\/wp-content\/uploads\/sites\/4\/2025\/01\/cropped-D.png","width":512,"height":512,"caption":"Dunkerque Douvres Ferry"},"image":{"@id":"https:\/\/dover-dunkirk.com\/fr\/#\/schema\/logo\/image\/"}}]}},"_links":{"self":[{"href":"https:\/\/dover-dunkirk.com\/fr\/wp-json\/wp\/v2\/pages\/89","targetHints":{"allow":["GET"]}}],"collection":[{"href":"https:\/\/dover-dunkirk.com\/fr\/wp-json\/wp\/v2\/pages"}],"about":[{"href":"https:\/\/dover-dunkirk.com\/fr\/wp-json\/wp\/v2\/types\/page"}],"author":[{"embeddable":true,"href":"https:\/\/dover-dunkirk.com\/fr\/wp-json\/wp\/v2\/users\/2"}],"replies":[{"embeddable":true,"href":"https:\/\/dover-dunkirk.com\/fr\/wp-json\/wp\/v2\/comments?post=89"}],"version-history":[{"count":11,"href":"https:\/\/dover-dunkirk.com\/fr\/wp-json\/wp\/v2\/pages\/89\/revisions"}],"predecessor-version":[{"id":155,"href":"https:\/\/dover-dunkirk.com\/fr\/wp-json\/wp\/v2\/pages\/89\/revisions\/155"}],"wp:attachment":[{"href":"https:\/\/dover-dunkirk.com\/fr\/wp-json\/wp\/v2\/media?parent=89"}],"curies":[{"name":"wp","href":"https:\/\/api.w.org\/{rel}","templated":true}]}}